{"id":574,"date":"2023-09-28T03:07:29","date_gmt":"2023-09-28T03:07:29","guid":{"rendered":"https:\/\/dongbo2008.com\/?post_type=product&#038;p=574"},"modified":"2024-09-18T02:25:55","modified_gmt":"2024-09-18T02:25:55","slug":"db100","status":"publish","type":"product","link":"https:\/\/dongbo2008.com\/fr\/produit\/db100\/","title":{"rendered":"DB100 \u2013 2024 Compteurs de devises pour les march\u00e9s d&#039;usine et de gros"},"content":{"rendered":"<p><strong><b>S\u00e9lectionnez votre int\u00e9r\u00eat \uff1a<\/b><\/strong><\/p>\n<table>\n<tbody>\n<tr>\n<td>Mod\u00e8le<\/td>\n<td>Fonctions optionnelles<\/td>\n<\/tr>\n<tr>\n<td>DB100<\/td>\n<td>Mod\u00e8le de base, fonction de base<\/td>\n<\/tr>\n<tr>\n<td>DB100UV<\/td>\n<td>D\u00e9tection UV<\/td>\n<\/tr>\n<tr>\n<td>DB100MG<\/td>\n<td>D\u00e9tection MG<\/td>\n<\/tr>\n<tr>\n<td>DB100 UVMG<\/td>\n<td>D\u00e9tection UV MG<\/td>\n<\/tr>\n<tr>\n<td>DB100 UVMG<\/td>\n<td>D\u00e9tection UV MG IR<\/td>\n<\/tr>\n<\/tbody>\n<\/table>\n<p>&nbsp;<\/p>","protected":false},"excerpt":{"rendered":"<p><strong><b>Caract\u00e9ristiques principales :<\/b><\/strong><\/p>\n<p>\u25cf Compter et d\u00e9tecter la fausse monnaie en papier par la fonction UV\/MG\/IR<br \/>\n\u25cf D\u00e9marrage automatique, effacement, r\u00e9initialisation, marche et arr\u00eat.<br \/>\n\u25cf D\u00e9tection de notes doubles<br \/>\n\u25cf D\u00e9tection de blanches<br \/>\n\u25cf D\u00e9tection des notes de cha\u00eene<br \/>\n\u25cf Plaques de tr\u00e9mie r\u00e9glables<\/p>","protected":false},"featured_media":575,"template":"","meta":[],"product_brand":[],"product_cat":[18],"product_tag":[],"class_list":{"0":"post-574","1":"product","2":"type-product","3":"status-publish","4":"has-post-thumbnail","6":"product_cat-currency-counter-series","8":"first","9":"instock","10":"shipping-taxable","11":"product-type-simple"},"_links":{"self":[{"href":"https:\/\/dongbo2008.com\/fr\/wp-json\/wp\/v2\/product\/574","targetHints":{"allow":["GET"]}}],"collection":[{"href":"https:\/\/dongbo2008.com\/fr\/wp-json\/wp\/v2\/product"}],"about":[{"href":"https:\/\/dongbo2008.com\/fr\/wp-json\/wp\/v2\/types\/product"}],"wp:featuredmedia":[{"embeddable":true,"href":"https:\/\/dongbo2008.com\/fr\/wp-json\/wp\/v2\/media\/575"}],"wp:attachment":[{"href":"https:\/\/dongbo2008.com\/fr\/wp-json\/wp\/v2\/media?parent=574"}],"wp:term":[{"taxonomy":"product_brand","embeddable":true,"href":"https:\/\/dongbo2008.com\/fr\/wp-json\/wp\/v2\/product_brand?post=574"},{"taxonomy":"product_cat","embeddable":true,"href":"https:\/\/dongbo2008.com\/fr\/wp-json\/wp\/v2\/product_cat?post=574"},{"taxonomy":"product_tag","embeddable":true,"href":"https:\/\/dongbo2008.com\/fr\/wp-json\/wp\/v2\/product_tag?post=574"}],"curies":[{"name":"wp","href":"https:\/\/api.w.org\/{rel}","templated":true}]}}