{"id":550,"date":"2023-09-30T01:59:58","date_gmt":"2023-09-30T01:59:58","guid":{"rendered":"https:\/\/dongbo2008.com\/?post_type=product&#038;p=550"},"modified":"2024-09-18T02:45:39","modified_gmt":"2024-09-18T02:45:39","slug":"db450","status":"publish","type":"product","link":"https:\/\/dongbo2008.com\/fr\/produit\/db450\/","title":{"rendered":"DB450 \u2013 Les meilleurs compteurs de pi\u00e8ces pour banques et agents de fabricants experts"},"content":{"rendered":"<p><img fetchpriority=\"high\" decoding=\"async\" class=\"alignnone size-full wp-image-551\" src=\"https:\/\/dongbo2008.com\/wp-content\/uploads\/2023\/09\/DB450.jpg\" alt=\"\" width=\"960\" height=\"1960\" srcset=\"https:\/\/dongbo2008.com\/wp-content\/uploads\/2023\/09\/DB450.jpg 960w, https:\/\/dongbo2008.com\/wp-content\/uploads\/2023\/09\/DB450-147x300.jpg 147w, https:\/\/dongbo2008.com\/wp-content\/uploads\/2023\/09\/DB450-502x1024.jpg 502w, https:\/\/dongbo2008.com\/wp-content\/uploads\/2023\/09\/DB450-768x1568.jpg 768w, https:\/\/dongbo2008.com\/wp-content\/uploads\/2023\/09\/DB450-752x1536.jpg 752w, https:\/\/dongbo2008.com\/wp-content\/uploads\/2023\/09\/DB450-600x1225.jpg 600w\" sizes=\"(max-width: 960px) 100vw, 960px\" \/><\/p>","protected":false},"excerpt":{"rendered":"<p>Temp\u00e9rature ambiante\u00a0: 0\u00b0C~40\u00b0C<br \/>\nHumidit\u00e9 ambiante\u00a0: 30 ~ 80%<br \/>\nCapacit\u00e9 de la tr\u00e9mie : 1 000 \u00e0 1 300 pi\u00e8ces<br \/>\nCapacit\u00e9 de l&#039;emplacement de r\u00e9ception : 180~230 pi\u00e8ces<br \/>\nVitesse de comptage : 600 pi\u00e8ces\/minute<br \/>\nAffichage du num\u00e9ro de pr\u00e9r\u00e9glage de lot\u00a0:\u00a0\u00e9cran LCD \u00e0 3 chiffres<br \/>\nAffichage du num\u00e9ro de comptage\u00a0:\u00a0\u00e9cran LCD \u00e0 7 chiffres<br \/>\nPort d&#039;imprimante\u00a0: port s\u00e9rie RS232 pour imprimante thermique<br \/>\nSource d&#039;alimentation\u00a0: AC110V-240V, 50\/60Hz<br \/>\nConsommation d&#039;\u00e9nergie\u00a0: 50\u00a0W (MAX.)<br \/>\ndimension : 330mmx330mmx255mm<br \/>\nPoids net : 4,6 kg<\/p>","protected":false},"featured_media":552,"template":"","meta":[],"product_brand":[],"product_cat":[21],"product_tag":[],"class_list":{"0":"post-550","1":"product","2":"type-product","3":"status-publish","4":"has-post-thumbnail","6":"product_cat-coin-counter-series","8":"first","9":"instock","10":"shipping-taxable","11":"product-type-simple"},"_links":{"self":[{"href":"https:\/\/dongbo2008.com\/fr\/wp-json\/wp\/v2\/product\/550","targetHints":{"allow":["GET"]}}],"collection":[{"href":"https:\/\/dongbo2008.com\/fr\/wp-json\/wp\/v2\/product"}],"about":[{"href":"https:\/\/dongbo2008.com\/fr\/wp-json\/wp\/v2\/types\/product"}],"wp:featuredmedia":[{"embeddable":true,"href":"https:\/\/dongbo2008.com\/fr\/wp-json\/wp\/v2\/media\/552"}],"wp:attachment":[{"href":"https:\/\/dongbo2008.com\/fr\/wp-json\/wp\/v2\/media?parent=550"}],"wp:term":[{"taxonomy":"product_brand","embeddable":true,"href":"https:\/\/dongbo2008.com\/fr\/wp-json\/wp\/v2\/product_brand?post=550"},{"taxonomy":"product_cat","embeddable":true,"href":"https:\/\/dongbo2008.com\/fr\/wp-json\/wp\/v2\/product_cat?post=550"},{"taxonomy":"product_tag","embeddable":true,"href":"https:\/\/dongbo2008.com\/fr\/wp-json\/wp\/v2\/product_tag?post=550"}],"curies":[{"name":"wp","href":"https:\/\/api.w.org\/{rel}","templated":true}]}}