{"id":546,"date":"2023-09-30T01:57:28","date_gmt":"2023-09-30T01:57:28","guid":{"rendered":"https:\/\/dongbo2008.com\/?post_type=product&#038;p=546"},"modified":"2024-09-18T02:44:57","modified_gmt":"2024-09-18T02:44:57","slug":"db360","status":"publish","type":"product","link":"https:\/\/dongbo2008.com\/fr\/produit\/db360\/","title":{"rendered":"DB360 \u2013 Compteurs de pi\u00e8ces de monnaie haut de gamme pour institutions financi\u00e8res par Makers"},"content":{"rendered":"<p><img fetchpriority=\"high\" decoding=\"async\" class=\"alignnone size-full wp-image-547\" src=\"https:\/\/dongbo2008.com\/wp-content\/uploads\/2023\/09\/DB360.jpg\" alt=\"\" width=\"960\" height=\"1679\" srcset=\"https:\/\/dongbo2008.com\/wp-content\/uploads\/2023\/09\/DB360.jpg 960w, https:\/\/dongbo2008.com\/wp-content\/uploads\/2023\/09\/DB360-172x300.jpg 172w, https:\/\/dongbo2008.com\/wp-content\/uploads\/2023\/09\/DB360-585x1024.jpg 585w, https:\/\/dongbo2008.com\/wp-content\/uploads\/2023\/09\/DB360-768x1343.jpg 768w, https:\/\/dongbo2008.com\/wp-content\/uploads\/2023\/09\/DB360-878x1536.jpg 878w, https:\/\/dongbo2008.com\/wp-content\/uploads\/2023\/09\/DB360-600x1049.jpg 600w\" sizes=\"(max-width: 960px) 100vw, 960px\" \/><\/p>","protected":false},"excerpt":{"rendered":"<p>Le DB360 peut compter et trier les pi\u00e8ces de plus de 60 pays.<\/p>\n<div>Temp\u00e9rature ambiante\u00a0: 0\u00b0C~40\u00b0C<\/div>\n<div>Humidit\u00e9 ambiante\u00a0: 30 ~ 80%<\/div>\n<div>Capacit\u00e9 de la tr\u00e9mie\u00a0: 300 \u00e0 500\u00a0pi\u00e8ces<\/div>\n<div>Capacit\u00e9 de l&#039;emplacement de r\u00e9ception\u00a0: 80 ~ 150 pi\u00e8ces<\/div>\n<div>Vitesse de comptage : jusqu&#039;\u00e0 330 pi\u00e8ces\/minute (MAX.)<\/div>\n<div>Affichage du num\u00e9ro de pr\u00e9r\u00e9glage de lot\u00a0: LED \u00e0 3 chiffres<\/div>\n<div>Affichage du num\u00e9ro de comptage\u00a0: LED \u00e0 4 chiffres<\/div>\n<div>Port d&#039;imprimante\u00a0: port s\u00e9rie RS232 pour imprimante thermique<\/div>\n<div>Source d&#039;alimentation\u00a0: AC220V\/50Hz, AC110V\/60Hz<\/div>\n<div>Consommation d&#039;\u00e9nergie\u00a0: 45\u00a0W (MAX.)<\/div>\n<div>dimensions\u00a0: 355 mm \u00d7 330 mm \u00d7 266 mm<\/div>\n<div>Poids net : 4,5 kg<\/div>","protected":false},"featured_media":548,"template":"","meta":[],"product_brand":[],"product_cat":[21],"product_tag":[],"class_list":{"0":"post-546","1":"product","2":"type-product","3":"status-publish","4":"has-post-thumbnail","6":"product_cat-coin-counter-series","8":"first","9":"instock","10":"shipping-taxable","11":"product-type-simple"},"_links":{"self":[{"href":"https:\/\/dongbo2008.com\/fr\/wp-json\/wp\/v2\/product\/546","targetHints":{"allow":["GET"]}}],"collection":[{"href":"https:\/\/dongbo2008.com\/fr\/wp-json\/wp\/v2\/product"}],"about":[{"href":"https:\/\/dongbo2008.com\/fr\/wp-json\/wp\/v2\/types\/product"}],"wp:featuredmedia":[{"embeddable":true,"href":"https:\/\/dongbo2008.com\/fr\/wp-json\/wp\/v2\/media\/548"}],"wp:attachment":[{"href":"https:\/\/dongbo2008.com\/fr\/wp-json\/wp\/v2\/media?parent=546"}],"wp:term":[{"taxonomy":"product_brand","embeddable":true,"href":"https:\/\/dongbo2008.com\/fr\/wp-json\/wp\/v2\/product_brand?post=546"},{"taxonomy":"product_cat","embeddable":true,"href":"https:\/\/dongbo2008.com\/fr\/wp-json\/wp\/v2\/product_cat?post=546"},{"taxonomy":"product_tag","embeddable":true,"href":"https:\/\/dongbo2008.com\/fr\/wp-json\/wp\/v2\/product_tag?post=546"}],"curies":[{"name":"wp","href":"https:\/\/api.w.org\/{rel}","templated":true}]}}