{"id":537,"date":"2023-09-30T01:52:59","date_gmt":"2023-09-30T01:52:59","guid":{"rendered":"https:\/\/dongbo2008.com\/?post_type=product&#038;p=537"},"modified":"2024-09-18T02:43:35","modified_gmt":"2024-09-18T02:43:35","slug":"db350-2","status":"publish","type":"product","link":"https:\/\/dongbo2008.com\/fr\/produit\/db350-2\/","title":{"rendered":"DB350 \u2013 Compteurs de pi\u00e8ces de monnaie de premier plan pour les banques des meilleurs fabricants"},"content":{"rendered":"<p><img fetchpriority=\"high\" decoding=\"async\" class=\"alignnone size-full wp-image-540\" src=\"https:\/\/dongbo2008.com\/wp-content\/uploads\/2023\/09\/DB350-3-scaled.jpg\" alt=\"\" width=\"1483\" height=\"2560\" srcset=\"https:\/\/dongbo2008.com\/wp-content\/uploads\/2023\/09\/DB350-3-scaled.jpg 1483w, https:\/\/dongbo2008.com\/wp-content\/uploads\/2023\/09\/DB350-3-174x300.jpg 174w, https:\/\/dongbo2008.com\/wp-content\/uploads\/2023\/09\/DB350-3-593x1024.jpg 593w, https:\/\/dongbo2008.com\/wp-content\/uploads\/2023\/09\/DB350-3-768x1326.jpg 768w, https:\/\/dongbo2008.com\/wp-content\/uploads\/2023\/09\/DB350-3-890x1536.jpg 890w, https:\/\/dongbo2008.com\/wp-content\/uploads\/2023\/09\/DB350-3-1186x2048.jpg 1186w, https:\/\/dongbo2008.com\/wp-content\/uploads\/2023\/09\/DB350-3-600x1036.jpg 600w\" sizes=\"(max-width: 1483px) 100vw, 1483px\" \/><\/p>","protected":false},"excerpt":{"rendered":"<p>Le DB350B peut compter et trier les pi\u00e8ces de plus de 50 pays.<\/p>\n<p>Temp\u00e9rature ambiante\u00a0: 0\u00b0C~40\u00b0C<br \/>\nHumidit\u00e9 ambiante\u00a0: 30 ~ 80%<br \/>\nCapacit\u00e9 de la tr\u00e9mie\u00a0: 300 \u00e0 500\u00a0pi\u00e8ces<br \/>\nCapacit\u00e9 de l&#039;emplacement de r\u00e9ception\u00a0: 80 ~ 150 pi\u00e8ces<br \/>\nVitesse de comptage : jusqu&#039;\u00e0 330 pi\u00e8ces\/minute (MAX.)<br \/>\nAffichage du num\u00e9ro de pr\u00e9r\u00e9glage de lot\u00a0: LED \u00e0 3 chiffres<br \/>\nAffichage du num\u00e9ro de comptage\u00a0: LED \u00e0 4 chiffres<br \/>\nSource d&#039;alimentation\u00a0: AC220V\/50Hz, AC110V\/60Hz<br \/>\nConsommation d&#039;\u00e9nergie\u00a0: 45\u00a0W (MAX.)<br \/>\ndimensions\u00a0: 355 mm \u00d7 330 mm \u00d7 266 mm<br \/>\nPoids net : 4,5 kg<\/p>","protected":false},"featured_media":538,"template":"","meta":[],"product_brand":[],"product_cat":[21],"product_tag":[],"class_list":{"0":"post-537","1":"product","2":"type-product","3":"status-publish","4":"has-post-thumbnail","6":"product_cat-coin-counter-series","8":"first","9":"instock","10":"shipping-taxable","11":"product-type-simple"},"_links":{"self":[{"href":"https:\/\/dongbo2008.com\/fr\/wp-json\/wp\/v2\/product\/537","targetHints":{"allow":["GET"]}}],"collection":[{"href":"https:\/\/dongbo2008.com\/fr\/wp-json\/wp\/v2\/product"}],"about":[{"href":"https:\/\/dongbo2008.com\/fr\/wp-json\/wp\/v2\/types\/product"}],"wp:featuredmedia":[{"embeddable":true,"href":"https:\/\/dongbo2008.com\/fr\/wp-json\/wp\/v2\/media\/538"}],"wp:attachment":[{"href":"https:\/\/dongbo2008.com\/fr\/wp-json\/wp\/v2\/media?parent=537"}],"wp:term":[{"taxonomy":"product_brand","embeddable":true,"href":"https:\/\/dongbo2008.com\/fr\/wp-json\/wp\/v2\/product_brand?post=537"},{"taxonomy":"product_cat","embeddable":true,"href":"https:\/\/dongbo2008.com\/fr\/wp-json\/wp\/v2\/product_cat?post=537"},{"taxonomy":"product_tag","embeddable":true,"href":"https:\/\/dongbo2008.com\/fr\/wp-json\/wp\/v2\/product_tag?post=537"}],"curies":[{"name":"wp","href":"https:\/\/api.w.org\/{rel}","templated":true}]}}