{"id":509,"date":"2023-09-30T01:39:58","date_gmt":"2023-09-30T01:39:58","guid":{"rendered":"https:\/\/dongbo2008.com\/?post_type=product&#038;p=509"},"modified":"2025-06-20T08:49:01","modified_gmt":"2025-06-20T08:49:01","slug":"db320","status":"publish","type":"product","link":"https:\/\/dongbo2008.com\/fr\/produit\/db320\/","title":{"rendered":"Lampe UV\/LED DB017 \u2013 D\u00e9tecteurs de contrefa\u00e7ons efficaces pour revendeurs"},"content":{"rendered":"","protected":false},"excerpt":{"rendered":"<p>Vitesse de d\u00e9tection\u00a0: 150\u00a0pi\u00e8ces\/minute<br \/>\nPoids net : 0,75 kg<br \/>\nDimension\u00a0: 220 mm x 120 mm x 78 mm<br \/>\nTaille de la note d\u00e9tect\u00e9e\u00a0: 164 \u00d7 83 ~ 118 \u00d7 60<br \/>\nTemp\u00e9rature de travail\u00a0: 0\u00b0C ~ 40\u00b0C<br \/>\nPlage d&#039;humidit\u00e9\u00a0: 30%RH ~ 80%RH<br \/>\nSp\u00e9cification d&#039;alimentation: DC12V \u00b1 10%, 1A<\/p>","protected":false},"featured_media":952,"template":"","meta":[],"product_brand":[],"product_cat":[20],"product_tag":[],"class_list":{"0":"post-509","1":"product","2":"type-product","3":"status-publish","4":"has-post-thumbnail","6":"product_cat-counterfeit-detector-series","8":"first","9":"instock","10":"shipping-taxable","11":"product-type-simple"},"_links":{"self":[{"href":"https:\/\/dongbo2008.com\/fr\/wp-json\/wp\/v2\/product\/509","targetHints":{"allow":["GET"]}}],"collection":[{"href":"https:\/\/dongbo2008.com\/fr\/wp-json\/wp\/v2\/product"}],"about":[{"href":"https:\/\/dongbo2008.com\/fr\/wp-json\/wp\/v2\/types\/product"}],"wp:featuredmedia":[{"embeddable":true,"href":"https:\/\/dongbo2008.com\/fr\/wp-json\/wp\/v2\/media\/952"}],"wp:attachment":[{"href":"https:\/\/dongbo2008.com\/fr\/wp-json\/wp\/v2\/media?parent=509"}],"wp:term":[{"taxonomy":"product_brand","embeddable":true,"href":"https:\/\/dongbo2008.com\/fr\/wp-json\/wp\/v2\/product_brand?post=509"},{"taxonomy":"product_cat","embeddable":true,"href":"https:\/\/dongbo2008.com\/fr\/wp-json\/wp\/v2\/product_cat?post=509"},{"taxonomy":"product_tag","embeddable":true,"href":"https:\/\/dongbo2008.com\/fr\/wp-json\/wp\/v2\/product_tag?post=509"}],"curies":[{"name":"wp","href":"https:\/\/api.w.org\/{rel}","templated":true}]}}