{"id":502,"date":"2023-09-30T01:11:36","date_gmt":"2023-09-30T01:11:36","guid":{"rendered":"https:\/\/dongbo2008.com\/?post_type=product&#038;p=502"},"modified":"2024-09-18T02:38:53","modified_gmt":"2024-09-18T02:38:53","slug":"db020","status":"publish","type":"product","link":"https:\/\/dongbo2008.com\/fr\/produit\/db020\/","title":{"rendered":"DB020 \u2013 D\u00e9tecteurs de contrefa\u00e7on : id\u00e9al pour les revendeurs et les distributeurs"},"content":{"rendered":"<p>Disponible pour les billets de banque, factures, ch\u00e8ques, factures et autres articles dans le monde<br \/>\nD\u00e9tection de contrefa\u00e7on : UV, MG, Filigrane et loupe<br \/>\nD\u00e9tection de contrefa\u00e7on Ligne UV et blanche pour v\u00e9rifier le fluorescent et le filigrane sur les billets<br \/>\nLa loupe 5X offre une vue plus claire sur la surface du billet<br \/>\nFabriqu\u00e9 en plastique ABS noir de haute qualit\u00e9, r\u00e9action anti-UV, anti-combustion<\/p>","protected":false},"excerpt":{"rendered":"<p>Tube UV\u00a0: 2 pi\u00e8ces, 6 W\/pi\u00e8ce<br \/>\nTube lumineux blanc : 1 pi\u00e8ce, 4 W<br \/>\nDimension\u00a0: 275 mm x 150 mm x 140 mm<br \/>\nPoids net : 0,9 kg<br \/>\nSource d&#039;alimentation : 110 V ou 220 V, AC50\/60 Hz<br \/>\nEmballage\u00a0: 12 pi\u00e8ces\/ctn, 590 mm x 295 mm x 475 mm<br \/>\nPoids brut : 15,0 kg<\/p>","protected":false},"featured_media":605,"template":"","meta":[],"product_brand":[],"product_cat":[20],"product_tag":[],"class_list":{"0":"post-502","1":"product","2":"type-product","3":"status-publish","4":"has-post-thumbnail","6":"product_cat-counterfeit-detector-series","8":"first","9":"instock","10":"shipping-taxable","11":"product-type-simple"},"_links":{"self":[{"href":"https:\/\/dongbo2008.com\/fr\/wp-json\/wp\/v2\/product\/502","targetHints":{"allow":["GET"]}}],"collection":[{"href":"https:\/\/dongbo2008.com\/fr\/wp-json\/wp\/v2\/product"}],"about":[{"href":"https:\/\/dongbo2008.com\/fr\/wp-json\/wp\/v2\/types\/product"}],"wp:featuredmedia":[{"embeddable":true,"href":"https:\/\/dongbo2008.com\/fr\/wp-json\/wp\/v2\/media\/605"}],"wp:attachment":[{"href":"https:\/\/dongbo2008.com\/fr\/wp-json\/wp\/v2\/media?parent=502"}],"wp:term":[{"taxonomy":"product_brand","embeddable":true,"href":"https:\/\/dongbo2008.com\/fr\/wp-json\/wp\/v2\/product_brand?post=502"},{"taxonomy":"product_cat","embeddable":true,"href":"https:\/\/dongbo2008.com\/fr\/wp-json\/wp\/v2\/product_cat?post=502"},{"taxonomy":"product_tag","embeddable":true,"href":"https:\/\/dongbo2008.com\/fr\/wp-json\/wp\/v2\/product_tag?post=502"}],"curies":[{"name":"wp","href":"https:\/\/api.w.org\/{rel}","templated":true}]}}