{"id":487,"date":"2023-09-30T01:08:27","date_gmt":"2023-09-30T01:08:27","guid":{"rendered":"https:\/\/dongbo2008.com\/?post_type=product&#038;p=487"},"modified":"2024-09-18T02:37:01","modified_gmt":"2024-09-18T02:37:01","slug":"db3000","status":"publish","type":"product","link":"https:\/\/dongbo2008.com\/fr\/produit\/db3000\/","title":{"rendered":"DB3000 \u2013 Compteurs de devises recommand\u00e9s pour les fournisseurs de services de gros"},"content":{"rendered":"<p><strong>Syst\u00e8me d&#039;alimentation Syst\u00e8me de friction des rouleaux<\/strong><br \/>\nDevises disponibles Euro\u3001 USD et une devise locale (jusqu&#039;\u00e0 5 devises)<br \/>\nModes de comptage Mode de d\u00e9marrage automatique ou manuel<br \/>\nMode de comptage continu<br \/>\nMode de comptage par lots<br \/>\nUniquement le mode de comptage<br \/>\nMode de comptage de valeurs (mixte, simple, visage, orientation)<br \/>\nMode de comptage de tri<br \/>\nNiveau de vitesse de comptage 1\u00a0: 800 notes\/minute<br \/>\nNiveau 2\u00a0: 1000 notes\/minute<br \/>\nNiveau 3\u00a0:\u00a01\u00a0200\u00a0notes\/minute (compte uniquement avec d\u00e9tection de contrefa\u00e7on)<br \/>\nNiveau 4\u00a0: 1\u00a0500\u00a0notes\/minute (compte uniquement)<br \/>\nD\u00e9tection de contrefa\u00e7on UV, MG (option), MT (option), IR (option)<br \/>\nReconnaissance mon\u00e9taire 4 directions<br \/>\nType d&#039;affichage LCD graphique avec r\u00e9tro\u00e9clairage bleu<br \/>\nCapacit\u00e9 de la tr\u00e9mie Jusqu&#039;\u00e0 500 billets<br \/>\nCapacit\u00e9 d&#039;empilage Jusqu&#039;\u00e0 200 billets<br \/>\nCapacit\u00e9 de rejet de poche Jusqu&#039;\u00e0 100 billets (par d\u00e9faut\u00a0: 50 billets)<br \/>\nTaille de note d\u00e9nombrable 40 \u00d7 90 ~ 100 \u00d7 175 (mm)<br \/>\n\u00c9paisseur 0,05 ~ 0,15 (mm)<br \/>\nMise \u00e0 jour du logiciel via le PC via le port s\u00e9rie RS232<br \/>\nSource d&#039;\u00e9nergie? C.A. 100 ~ 240 volts, 50\/60 Hz<br \/>\nConsommation d&#039;\u00e9nergie &lt;100Watts<br \/>\nDimensions L\u00d7L\u00d7H\u00a0: 340 mm\u00d7310 mm\u00d7295 mm<br \/>\nPoids NET : 11KG ; BRUT: 12KG<br \/>\nAutre fonction Syst\u00e8me d&#039;autodiagnostic, impression, sauvegarde de la m\u00e9moire<br \/>\nR\u00e9cup\u00e9rer les valeurs par d\u00e9faut, affichage LED \u00e0 distance<\/p>\n<p><img fetchpriority=\"high\" decoding=\"async\" class=\"alignnone size-full wp-image-488\" src=\"https:\/\/dongbo2008.com\/wp-content\/uploads\/2023\/09\/db3000.jpg\" alt=\"\" width=\"960\" height=\"1407\" srcset=\"https:\/\/dongbo2008.com\/wp-content\/uploads\/2023\/09\/db3000.jpg 960w, https:\/\/dongbo2008.com\/wp-content\/uploads\/2023\/09\/db3000-205x300.jpg 205w, https:\/\/dongbo2008.com\/wp-content\/uploads\/2023\/09\/db3000-699x1024.jpg 699w, https:\/\/dongbo2008.com\/wp-content\/uploads\/2023\/09\/db3000-768x1126.jpg 768w, https:\/\/dongbo2008.com\/wp-content\/uploads\/2023\/09\/db3000-600x879.jpg 600w\" sizes=\"(max-width: 960px) 100vw, 960px\" \/><\/p>","protected":false},"excerpt":{"rendered":"<p>Compteuse et trieuse de billets robustes<\/p>\n<p>Syst\u00e8me d&#039;alimentation\u00a0: syst\u00e8me de friction des rouleaux<br \/>\nCapacit\u00e9 de la tr\u00e9mie : 500 pi\u00e8ces<br \/>\nCapacit\u00e9 de la poche de rejet : 100 pi\u00e8ces<br \/>\nCapacit\u00e9 du gerbeur\u00a0: 200\u00a0pi\u00e8ces<br \/>\nTaille de la note d\u00e9nombrable\u00a0: 50 \u00d7 90 ~ 110 \u00d7 175 (mm)<br \/>\n\u00c9paisseur de la note d\u00e9nombrable\u00a0: 0,05 ~ 0,15 (mm)<br \/>\nVitesse de comptage : 600\/ 1000\/ 1200\/ 1500 pi\u00e8ces\/minute<br \/>\nDevises disponibles\u00a0: euro, USD, RMB et une devise locale (jusqu&#039;\u00e0 5 devises)<br \/>\nType d&#039;affichage : LCD graphique (128*64 points)<br \/>\nAffichage \u00e0 distance\u00a0: 6 chiffres sur un affichage LED \u00e0 distance (en option)<br \/>\nMise \u00e0 jour du logiciel\u00a0: via le PC via le port s\u00e9rie RS232<br \/>\nSource d&#039;alimentation : 100 ~ 240 V CA, 50\/60 Hz<br \/>\nTaille du fusible\u00a0: 3A<br \/>\nConsommation d&#039;\u00e9nergie : max. 100 watts<br \/>\ndimensions\u00a0: 340 mm \u00d7 310 mm \u00d7 295 mm<br \/>\nPoids net : 11,0 kg<br \/>\nTemp\u00e9rature ambiante\u00a0: 0\u00b0C~40\u00b0C<br \/>\nHumidit\u00e9 relative\u00a0: 30 ~ 80%<\/p>","protected":false},"featured_media":489,"template":"","meta":[],"product_brand":[],"product_cat":[18],"product_tag":[],"class_list":{"0":"post-487","1":"product","2":"type-product","3":"status-publish","4":"has-post-thumbnail","6":"product_cat-currency-counter-series","8":"first","9":"instock","10":"shipping-taxable","11":"product-type-simple"},"_links":{"self":[{"href":"https:\/\/dongbo2008.com\/fr\/wp-json\/wp\/v2\/product\/487","targetHints":{"allow":["GET"]}}],"collection":[{"href":"https:\/\/dongbo2008.com\/fr\/wp-json\/wp\/v2\/product"}],"about":[{"href":"https:\/\/dongbo2008.com\/fr\/wp-json\/wp\/v2\/types\/product"}],"wp:featuredmedia":[{"embeddable":true,"href":"https:\/\/dongbo2008.com\/fr\/wp-json\/wp\/v2\/media\/489"}],"wp:attachment":[{"href":"https:\/\/dongbo2008.com\/fr\/wp-json\/wp\/v2\/media?parent=487"}],"wp:term":[{"taxonomy":"product_brand","embeddable":true,"href":"https:\/\/dongbo2008.com\/fr\/wp-json\/wp\/v2\/product_brand?post=487"},{"taxonomy":"product_cat","embeddable":true,"href":"https:\/\/dongbo2008.com\/fr\/wp-json\/wp\/v2\/product_cat?post=487"},{"taxonomy":"product_tag","embeddable":true,"href":"https:\/\/dongbo2008.com\/fr\/wp-json\/wp\/v2\/product_tag?post=487"}],"curies":[{"name":"wp","href":"https:\/\/api.w.org\/{rel}","templated":true}]}}