{"id":475,"date":"2023-09-30T01:01:03","date_gmt":"2023-09-30T01:01:03","guid":{"rendered":"https:\/\/dongbo2008.com\/?post_type=product&#038;p=475"},"modified":"2024-09-18T02:33:33","modified_gmt":"2024-09-18T02:33:33","slug":"db010","status":"publish","type":"product","link":"https:\/\/dongbo2008.com\/fr\/produit\/db010\/","title":{"rendered":"DB010 \u2013 D\u00e9tecteurs de contrefa\u00e7on de haute qualit\u00e9 pour les revendeurs"},"content":{"rendered":"<p>Disponible pour les billets de banque, factures, ch\u00e8ques, factures et autres articles dans le monde<br \/>\nD\u00e9tection des contrefa\u00e7ons\u00a0: UV, MG et filigrane<br \/>\nD\u00e9tection de contrefa\u00e7on Ligne UV et blanche pour v\u00e9rifier le fluorescent et le filigrane sur les billets<br \/>\nAutodiagnostic des pannes et invite de panne<\/p>","protected":false},"excerpt":{"rendered":"<p>Tube UV : 1 pi\u00e8ce, 4W<br \/>\nTube lumineux blanc : 1 pi\u00e8ce, 4 W<br \/>\nDimension\u00a0: 235 mm x 130 mm x 125 mm<br \/>\nPoids net : 1,2 kg<br \/>\nSource d&#039;alimentation\u00a0: AC110V ou 220V, 50\/60Hz<br \/>\nEmballage\u00a0: 20 pi\u00e8ces\/ctn, 490 mm x 390 mm x 385 mm<br \/>\nPoids brut : 13 kg<\/p>","protected":false},"featured_media":601,"template":"","meta":[],"product_brand":[],"product_cat":[20],"product_tag":[],"class_list":{"0":"post-475","1":"product","2":"type-product","3":"status-publish","4":"has-post-thumbnail","6":"product_cat-counterfeit-detector-series","8":"first","9":"instock","10":"shipping-taxable","11":"product-type-simple"},"_links":{"self":[{"href":"https:\/\/dongbo2008.com\/fr\/wp-json\/wp\/v2\/product\/475","targetHints":{"allow":["GET"]}}],"collection":[{"href":"https:\/\/dongbo2008.com\/fr\/wp-json\/wp\/v2\/product"}],"about":[{"href":"https:\/\/dongbo2008.com\/fr\/wp-json\/wp\/v2\/types\/product"}],"wp:featuredmedia":[{"embeddable":true,"href":"https:\/\/dongbo2008.com\/fr\/wp-json\/wp\/v2\/media\/601"}],"wp:attachment":[{"href":"https:\/\/dongbo2008.com\/fr\/wp-json\/wp\/v2\/media?parent=475"}],"wp:term":[{"taxonomy":"product_brand","embeddable":true,"href":"https:\/\/dongbo2008.com\/fr\/wp-json\/wp\/v2\/product_brand?post=475"},{"taxonomy":"product_cat","embeddable":true,"href":"https:\/\/dongbo2008.com\/fr\/wp-json\/wp\/v2\/product_cat?post=475"},{"taxonomy":"product_tag","embeddable":true,"href":"https:\/\/dongbo2008.com\/fr\/wp-json\/wp\/v2\/product_tag?post=475"}],"curies":[{"name":"wp","href":"https:\/\/api.w.org\/{rel}","templated":true}]}}