{"id":472,"date":"2023-09-30T00:59:56","date_gmt":"2023-09-30T00:59:56","guid":{"rendered":"https:\/\/dongbo2008.com\/?post_type=product&#038;p=472"},"modified":"2024-09-18T02:33:05","modified_gmt":"2024-09-18T02:33:05","slug":"db10","status":"publish","type":"product","link":"https:\/\/dongbo2008.com\/fr\/produit\/db10\/","title":{"rendered":"D\u00e9tecteurs de faux billets DB10 \u2013 2024 : id\u00e9al pour les distributeurs"},"content":{"rendered":"<p>C&#039;est le plus petit d\u00e9tecteur automatique et portable au monde. La conception compacte le rend facile \u00e0 transporter sans aucun fardeau. Vous pouvez utiliser la machine comme d\u00e9tecteur de bureau. Vous pouvez \u00e9galement porter la machine \u00e0 la ceinture. Vous pouvez \u00e9galement accrocher la machine \u00e0 l&#039;\u00e9paule.<\/p>\n<p><img fetchpriority=\"high\" decoding=\"async\" class=\"alignnone size-full wp-image-473\" src=\"https:\/\/dongbo2008.com\/wp-content\/uploads\/2023\/09\/DB10-01.jpg\" alt=\"\" width=\"960\" height=\"2042\" srcset=\"https:\/\/dongbo2008.com\/wp-content\/uploads\/2023\/09\/DB10-01.jpg 960w, https:\/\/dongbo2008.com\/wp-content\/uploads\/2023\/09\/DB10-01-141x300.jpg 141w, https:\/\/dongbo2008.com\/wp-content\/uploads\/2023\/09\/DB10-01-481x1024.jpg 481w, https:\/\/dongbo2008.com\/wp-content\/uploads\/2023\/09\/DB10-01-768x1634.jpg 768w, https:\/\/dongbo2008.com\/wp-content\/uploads\/2023\/09\/DB10-01-722x1536.jpg 722w, https:\/\/dongbo2008.com\/wp-content\/uploads\/2023\/09\/DB10-01-600x1276.jpg 600w\" sizes=\"(max-width: 960px) 100vw, 960px\" \/><\/p>","protected":false},"excerpt":{"rendered":"<p>\u25cf Fonctionnalit\u00e9s de test\u00a0: infrarouge, reconnaissance de taille 2D, transparence du papier<br \/>\n\u25cf Tension d&#039;alimentation CA : 100 V CA ~ 240 V 50\/60 Hz<br \/>\n\u25cf Tension d&#039;alimentation CC\u00a0:\u00a0CC 9\u00a0V\/1\u00a0A<br \/>\n\u25cf Batterie\u00a0: batterie au lithium rechargeable 7,4\u00a0V\/650\u00a0mAH<br \/>\n\u25cf Temps de charge\u00a0: environ 5\u00a0heures<br \/>\n\u25cf Dur\u00e9e de fonctionnement approximative : 3 heures (service continu)<br \/>\n\u25cf Consommation \u00e9lectrique\u00a0: &lt;10\u00a0W<br \/>\n\u25cf Vitesse\u00a0: &lt;0,5 seconde\/feuille<br \/>\n\u25cf Poids\u00a0: 0,34\u00a0kg<br \/>\n\u25cf Temp\u00e9rature de fonctionnement\u00a0: 0 ~ 45 \u2103<br \/>\n\u25cf Temp\u00e9rature de stockage\u00a0: -10~65\u2103<br \/>\n\u25cf Dimension\u00a0:\u00a0124*100*69\u00a0M<\/p>\n<p>Informations sur l&#039;emballage\u00a0:<br \/>\n16 pi\u00e8ces\/CTN, 11,4 kg\/CTN, 53,7*35,7*42CM\/CTN<\/p>","protected":false},"featured_media":600,"template":"","meta":[],"product_brand":[],"product_cat":[20],"product_tag":[],"class_list":{"0":"post-472","1":"product","2":"type-product","3":"status-publish","4":"has-post-thumbnail","6":"product_cat-counterfeit-detector-series","8":"first","9":"instock","10":"shipping-taxable","11":"product-type-simple"},"_links":{"self":[{"href":"https:\/\/dongbo2008.com\/fr\/wp-json\/wp\/v2\/product\/472","targetHints":{"allow":["GET"]}}],"collection":[{"href":"https:\/\/dongbo2008.com\/fr\/wp-json\/wp\/v2\/product"}],"about":[{"href":"https:\/\/dongbo2008.com\/fr\/wp-json\/wp\/v2\/types\/product"}],"wp:featuredmedia":[{"embeddable":true,"href":"https:\/\/dongbo2008.com\/fr\/wp-json\/wp\/v2\/media\/600"}],"wp:attachment":[{"href":"https:\/\/dongbo2008.com\/fr\/wp-json\/wp\/v2\/media?parent=472"}],"wp:term":[{"taxonomy":"product_brand","embeddable":true,"href":"https:\/\/dongbo2008.com\/fr\/wp-json\/wp\/v2\/product_brand?post=472"},{"taxonomy":"product_cat","embeddable":true,"href":"https:\/\/dongbo2008.com\/fr\/wp-json\/wp\/v2\/product_cat?post=472"},{"taxonomy":"product_tag","embeddable":true,"href":"https:\/\/dongbo2008.com\/fr\/wp-json\/wp\/v2\/product_tag?post=472"}],"curies":[{"name":"wp","href":"https:\/\/api.w.org\/{rel}","templated":true}]}}