{"id":470,"date":"2023-09-30T00:58:29","date_gmt":"2023-09-30T00:58:29","guid":{"rendered":"https:\/\/dongbo2008.com\/?post_type=product&#038;p=470"},"modified":"2024-09-18T02:32:23","modified_gmt":"2024-09-18T02:32:23","slug":"db30","status":"publish","type":"product","link":"https:\/\/dongbo2008.com\/fr\/produit\/db30\/","title":{"rendered":"DB30 \u2013 Meilleurs d\u00e9tecteurs de contrefa\u00e7on pour les revendeurs"},"content":{"rendered":"<p>La conception de la lampe de poche d\u00e9tecte la fausse monnaie en utilisant une lampe \u00e0 rayonnement ultraviolet et le magnitisme.<\/p>","protected":false},"excerpt":{"rendered":"<p>Tension\u00a0:\u00a0Mini batterie<br \/>\nDimension\u00a0: 140 mm \u00d7 88 mm \u00d7 30 mm<br \/>\nEmballage : 30 pi\u00e8ces\/carton, 470 mm \u00d7 340 mm \u00d7 460 mm<br \/>\nPoids brut : 11 kg<br \/>\nMOQ\u00a0: 1000\u00a0pi\u00e8ces<\/p>","protected":false},"featured_media":471,"template":"","meta":[],"product_brand":[],"product_cat":[20],"product_tag":[],"class_list":{"0":"post-470","1":"product","2":"type-product","3":"status-publish","4":"has-post-thumbnail","6":"product_cat-counterfeit-detector-series","8":"first","9":"instock","10":"shipping-taxable","11":"product-type-simple"},"_links":{"self":[{"href":"https:\/\/dongbo2008.com\/fr\/wp-json\/wp\/v2\/product\/470","targetHints":{"allow":["GET"]}}],"collection":[{"href":"https:\/\/dongbo2008.com\/fr\/wp-json\/wp\/v2\/product"}],"about":[{"href":"https:\/\/dongbo2008.com\/fr\/wp-json\/wp\/v2\/types\/product"}],"wp:featuredmedia":[{"embeddable":true,"href":"https:\/\/dongbo2008.com\/fr\/wp-json\/wp\/v2\/media\/471"}],"wp:attachment":[{"href":"https:\/\/dongbo2008.com\/fr\/wp-json\/wp\/v2\/media?parent=470"}],"wp:term":[{"taxonomy":"product_brand","embeddable":true,"href":"https:\/\/dongbo2008.com\/fr\/wp-json\/wp\/v2\/product_brand?post=470"},{"taxonomy":"product_cat","embeddable":true,"href":"https:\/\/dongbo2008.com\/fr\/wp-json\/wp\/v2\/product_cat?post=470"},{"taxonomy":"product_tag","embeddable":true,"href":"https:\/\/dongbo2008.com\/fr\/wp-json\/wp\/v2\/product_tag?post=470"}],"curies":[{"name":"wp","href":"https:\/\/api.w.org\/{rel}","templated":true}]}}