{"id":451,"date":"2023-09-30T00:53:12","date_gmt":"2023-09-30T00:53:12","guid":{"rendered":"https:\/\/dongbo2008.com\/?post_type=product&#038;p=451"},"modified":"2024-09-18T02:31:08","modified_gmt":"2024-09-18T02:31:08","slug":"db380","status":"publish","type":"product","link":"https:\/\/dongbo2008.com\/fr\/produit\/db380\/","title":{"rendered":"DB380 \u2013 Meilleurs compteurs de pi\u00e8ces pour banques : le choix du fabricant"},"content":{"rendered":"<p><iframe title=\"Lecteur vid\u00e9o YouTube\" src=\"https:\/\/www.youtube.com\/embed\/xBOmqUzgL3M?si=WoliWVFMFkRtB1yU\" width=\"100%\" height=\"500\" frameborder=\"0\" allowfullscreen=\"allowfullscreen\"><span data-mce-type=\"bookmark\" style=\"display: inline-block; width: 0px; overflow: hidden; line-height: 0;\" class=\"mce_SELRES_start\"><\/span><\/iframe><\/p>\n<p><img fetchpriority=\"high\" decoding=\"async\" class=\"alignnone size-full wp-image-452\" src=\"https:\/\/dongbo2008.com\/wp-content\/uploads\/2023\/09\/DB380.jpg\" alt=\"\" width=\"1932\" height=\"2504\" srcset=\"https:\/\/dongbo2008.com\/wp-content\/uploads\/2023\/09\/DB380.jpg 1932w, https:\/\/dongbo2008.com\/wp-content\/uploads\/2023\/09\/DB380-231x300.jpg 231w, https:\/\/dongbo2008.com\/wp-content\/uploads\/2023\/09\/DB380-790x1024.jpg 790w, https:\/\/dongbo2008.com\/wp-content\/uploads\/2023\/09\/DB380-768x995.jpg 768w, https:\/\/dongbo2008.com\/wp-content\/uploads\/2023\/09\/DB380-1185x1536.jpg 1185w, https:\/\/dongbo2008.com\/wp-content\/uploads\/2023\/09\/DB380-1580x2048.jpg 1580w, https:\/\/dongbo2008.com\/wp-content\/uploads\/2023\/09\/DB380-600x778.jpg 600w\" sizes=\"(max-width: 1932px) 100vw, 1932px\" \/><\/p>","protected":false},"excerpt":{"rendered":"<p>Temp\u00e9rature ambiante\u00a0: 0\u00b0C~40\u00b0C<br \/>\nHumidit\u00e9 ambiante\u00a0: 30 ~ 80%<br \/>\nCapacit\u00e9 de la tr\u00e9mie\u00a0: 300 \u00e0 500\u00a0pi\u00e8ces<br \/>\nCapacit\u00e9 de r\u00e9ception de pi\u00e8ces de monnaie : 80 ~ 150 pi\u00e8ces.<br \/>\nVitesse de comptage : Jusqu&#039;\u00e0 330 pi\u00e8ces\/minute (MAX.)<br \/>\nAffichage du num\u00e9ro de pr\u00e9r\u00e9glage de lot\u00a0:\u00a0\u00e9cran LCD \u00e0 3 chiffres<br \/>\nAffichage du num\u00e9ro de comptage\u00a0:\u00a0\u00e9cran LCD \u00e0 5 chiffres<br \/>\nAffichage du num\u00e9ro de comptage de valeur\u00a0:\u00a0\u00e9cran LCD \u00e0 9 chiffres<br \/>\nPort d&#039;imprimante\u00a0: port s\u00e9rie RS232 pour imprimante thermique<br \/>\nSource d&#039;alimentation\u00a0: AC220V\/50Hz ou AC110V\/60Hz<br \/>\nConsommation d&#039;\u00e9nergie\u00a0: 45\u00a0W (MAX.)<br \/>\ndimensions\u00a0: 355 mm \u00d7 330 mm \u00d7 266 mm<br \/>\nPoids net : 4,5 kg<\/p>","protected":false},"featured_media":453,"template":"","meta":[],"product_brand":[],"product_cat":[21],"product_tag":[],"class_list":{"0":"post-451","1":"product","2":"type-product","3":"status-publish","4":"has-post-thumbnail","6":"product_cat-coin-counter-series","8":"first","9":"instock","10":"shipping-taxable","11":"product-type-simple"},"_links":{"self":[{"href":"https:\/\/dongbo2008.com\/fr\/wp-json\/wp\/v2\/product\/451","targetHints":{"allow":["GET"]}}],"collection":[{"href":"https:\/\/dongbo2008.com\/fr\/wp-json\/wp\/v2\/product"}],"about":[{"href":"https:\/\/dongbo2008.com\/fr\/wp-json\/wp\/v2\/types\/product"}],"wp:featuredmedia":[{"embeddable":true,"href":"https:\/\/dongbo2008.com\/fr\/wp-json\/wp\/v2\/media\/453"}],"wp:attachment":[{"href":"https:\/\/dongbo2008.com\/fr\/wp-json\/wp\/v2\/media?parent=451"}],"wp:term":[{"taxonomy":"product_brand","embeddable":true,"href":"https:\/\/dongbo2008.com\/fr\/wp-json\/wp\/v2\/product_brand?post=451"},{"taxonomy":"product_cat","embeddable":true,"href":"https:\/\/dongbo2008.com\/fr\/wp-json\/wp\/v2\/product_cat?post=451"},{"taxonomy":"product_tag","embeddable":true,"href":"https:\/\/dongbo2008.com\/fr\/wp-json\/wp\/v2\/product_tag?post=451"}],"curies":[{"name":"wp","href":"https:\/\/api.w.org\/{rel}","templated":true}]}}