{"id":442,"date":"2023-09-30T00:48:54","date_gmt":"2023-09-30T00:48:54","guid":{"rendered":"https:\/\/dongbo2008.com\/?post_type=product&#038;p=442"},"modified":"2024-09-18T02:30:00","modified_gmt":"2024-09-18T02:30:00","slug":"db13","status":"publish","type":"product","link":"https:\/\/dongbo2008.com\/fr\/produit\/db13\/","title":{"rendered":"DB13 \u2013 Les meilleurs d\u00e9tecteurs de contrefa\u00e7on pour les distributeurs en 2024"},"content":{"rendered":"<p><img fetchpriority=\"high\" decoding=\"async\" class=\"alignnone size-full wp-image-443\" src=\"https:\/\/dongbo2008.com\/wp-content\/uploads\/2023\/09\/DB13-S-scaled.jpg\" alt=\"\" width=\"1965\" height=\"2560\" srcset=\"https:\/\/dongbo2008.com\/wp-content\/uploads\/2023\/09\/DB13-S-scaled.jpg 1965w, https:\/\/dongbo2008.com\/wp-content\/uploads\/2023\/09\/DB13-S-230x300.jpg 230w, https:\/\/dongbo2008.com\/wp-content\/uploads\/2023\/09\/DB13-S-786x1024.jpg 786w, https:\/\/dongbo2008.com\/wp-content\/uploads\/2023\/09\/DB13-S-768x1001.jpg 768w, https:\/\/dongbo2008.com\/wp-content\/uploads\/2023\/09\/DB13-S-1179x1536.jpg 1179w, https:\/\/dongbo2008.com\/wp-content\/uploads\/2023\/09\/DB13-S-1572x2048.jpg 1572w, https:\/\/dongbo2008.com\/wp-content\/uploads\/2023\/09\/DB13-S-600x782.jpg 600w\" sizes=\"(max-width: 1965px) 100vw, 1965px\" \/><\/p>","protected":false},"excerpt":{"rendered":"<p>Environnement de fonctionnement\u00a0: 0\u00b0C ~40\u00b0C<br \/>\nUtilisation des devises\u00a0: euro, livre sterling, franc suisse<br \/>\nD\u00e9tection de contrefa\u00e7on\u00a0: MG, IR, MT, 2D<br \/>\nVitesse de d\u00e9tection\u00a0: 0,5 seconde\/pi\u00e8ce<br \/>\nMode actuel\u00a0: prise directe et batterie au lithium rechargeable (7,4\u00a0V, 650\u00a0mAH)<br \/>\nAlimentation\u00a0: AC110V-240V, 50\/60Hz<br \/>\nConsommation d&#039;\u00e9nergie : \u00e9tat de veille -1 W, \u00e9tat de fonctionnement -10 W<br \/>\nTemps de travail de la batterie au lithium : 2000 pi\u00e8ces<br \/>\nTaille: 146 mm x 116 mm x 74 mm<br \/>\nPoids net : 0,49 kg<\/p>","protected":false},"featured_media":598,"template":"","meta":[],"product_brand":[],"product_cat":[20],"product_tag":[],"class_list":{"0":"post-442","1":"product","2":"type-product","3":"status-publish","4":"has-post-thumbnail","6":"product_cat-counterfeit-detector-series","8":"first","9":"instock","10":"shipping-taxable","11":"product-type-simple"},"_links":{"self":[{"href":"https:\/\/dongbo2008.com\/fr\/wp-json\/wp\/v2\/product\/442","targetHints":{"allow":["GET"]}}],"collection":[{"href":"https:\/\/dongbo2008.com\/fr\/wp-json\/wp\/v2\/product"}],"about":[{"href":"https:\/\/dongbo2008.com\/fr\/wp-json\/wp\/v2\/types\/product"}],"wp:featuredmedia":[{"embeddable":true,"href":"https:\/\/dongbo2008.com\/fr\/wp-json\/wp\/v2\/media\/598"}],"wp:attachment":[{"href":"https:\/\/dongbo2008.com\/fr\/wp-json\/wp\/v2\/media?parent=442"}],"wp:term":[{"taxonomy":"product_brand","embeddable":true,"href":"https:\/\/dongbo2008.com\/fr\/wp-json\/wp\/v2\/product_brand?post=442"},{"taxonomy":"product_cat","embeddable":true,"href":"https:\/\/dongbo2008.com\/fr\/wp-json\/wp\/v2\/product_cat?post=442"},{"taxonomy":"product_tag","embeddable":true,"href":"https:\/\/dongbo2008.com\/fr\/wp-json\/wp\/v2\/product_tag?post=442"}],"curies":[{"name":"wp","href":"https:\/\/api.w.org\/{rel}","templated":true}]}}