{"id":434,"date":"2023-09-28T03:28:05","date_gmt":"2023-09-28T03:28:05","guid":{"rendered":"https:\/\/dongbo2008.com\/?post_type=product&#038;p=434"},"modified":"2024-09-18T02:27:50","modified_gmt":"2024-09-18T02:27:50","slug":"db310b","status":"publish","type":"product","link":"https:\/\/dongbo2008.com\/fr\/produit\/db310b\/","title":{"rendered":"DB310B \u2013 Les meilleurs r\u00e9dacteurs de ch\u00e8ques : des options \u00e9conomiques propos\u00e9es par des fabricants chinois"},"content":{"rendered":"<p>Imprimez 16 codes de devises et codes bancaires diff\u00e9rents<br \/>\nFonctionnement du clavier, rapide et pr\u00e9cis \u00e0 utiliser<br \/>\n\u00c9cran LCD \u00e0 14 chiffres, clair et facile \u00e0 v\u00e9rifier le num\u00e9ro<br \/>\nDes chiffres en relief clairs et une encre sp\u00e9ciale prot\u00e8gent contre toute alt\u00e9ration ou falsification<br \/>\nLe nombre de ch\u00e8ques \u00e9mis et le montant total sont automatiquement m\u00e9moris\u00e9s<br \/>\nLe m\u00eame montant peut \u00eatre imprim\u00e9 \u00e0 plusieurs reprises, aucune deuxi\u00e8me saisie n&#039;est n\u00e9cessaire<br \/>\nLa position de frappe est libre en ajustant le ch\u00e8que<br \/>\nTouche \u00ab Retour arri\u00e8re \u00bb pour modifier les chiffres mal saisis<br \/>\nPeut \u00eatre utilis\u00e9 comme calculatrice. Le calcul peut \u00eatre imprim\u00e9 imm\u00e9diatement<\/p>","protected":false},"excerpt":{"rendered":"<p>Imprimez 16 codes de devises diff\u00e9rents, comme EUR, GBP, USD, HKD, etc.<\/p>\n<p>Dimension\u00a0: 245 mm x 185 mm x 105 mm<br \/>\nPoids net : 2,2 kg<br \/>\nConditionnement : 4 pi\u00e8ces\/carton<br \/>\nTaille du carton\u00a0: 520 mm x 300 mm x 345 mm<br \/>\nPoids brut : 11,2 kg<br \/>\nSource d&#039;alimentation\u00a0: AC110V, 60Hz ou AC220V, 50Hz<br \/>\nConsommation \u00e9lectrique\u00a0: 20\u00a0W pendant le travail<\/p>","protected":false},"featured_media":632,"template":"","meta":[],"product_brand":[],"product_cat":[19],"product_tag":[],"class_list":{"0":"post-434","1":"product","2":"type-product","3":"status-publish","4":"has-post-thumbnail","6":"product_cat-check-writer-series","8":"first","9":"instock","10":"shipping-taxable","11":"product-type-simple"},"_links":{"self":[{"href":"https:\/\/dongbo2008.com\/fr\/wp-json\/wp\/v2\/product\/434","targetHints":{"allow":["GET"]}}],"collection":[{"href":"https:\/\/dongbo2008.com\/fr\/wp-json\/wp\/v2\/product"}],"about":[{"href":"https:\/\/dongbo2008.com\/fr\/wp-json\/wp\/v2\/types\/product"}],"wp:featuredmedia":[{"embeddable":true,"href":"https:\/\/dongbo2008.com\/fr\/wp-json\/wp\/v2\/media\/632"}],"wp:attachment":[{"href":"https:\/\/dongbo2008.com\/fr\/wp-json\/wp\/v2\/media?parent=434"}],"wp:term":[{"taxonomy":"product_brand","embeddable":true,"href":"https:\/\/dongbo2008.com\/fr\/wp-json\/wp\/v2\/product_brand?post=434"},{"taxonomy":"product_cat","embeddable":true,"href":"https:\/\/dongbo2008.com\/fr\/wp-json\/wp\/v2\/product_cat?post=434"},{"taxonomy":"product_tag","embeddable":true,"href":"https:\/\/dongbo2008.com\/fr\/wp-json\/wp\/v2\/product_tag?post=434"}],"curies":[{"name":"wp","href":"https:\/\/api.w.org\/{rel}","templated":true}]}}