{"id":429,"date":"2023-09-28T03:15:15","date_gmt":"2023-09-28T03:15:15","guid":{"rendered":"https:\/\/dongbo2008.com\/?post_type=product&#038;p=429"},"modified":"2024-09-18T02:27:23","modified_gmt":"2024-09-18T02:27:23","slug":"db310a","status":"publish","type":"product","link":"https:\/\/dongbo2008.com\/fr\/produit\/db310a\/","title":{"rendered":"DB310A \u2013 Machines \u00e0 \u00e9crire les ch\u00e8ques \u00e0 prix abordables des meilleurs fabricants chinois"},"content":{"rendered":"<p><strong>UNIQUEMENT POUR LE MARCH\u00c9 INT\u00c9RIEUR<\/strong><\/p>\n<p>Fonctionnement du clavier, rapide et pr\u00e9cis \u00e0 utiliser<br \/>\n\u00c9cran LCD \u00e0 14 chiffres, clair et facile \u00e0 v\u00e9rifier le num\u00e9ro<br \/>\nDes chiffres en relief clairs et une encre sp\u00e9ciale prot\u00e8gent contre toute alt\u00e9ration ou falsification<br \/>\nLe nombre de ch\u00e8ques \u00e9mis et le montant total sont automatiquement m\u00e9moris\u00e9s<br \/>\nLe m\u00eame montant peut \u00eatre imprim\u00e9 \u00e0 plusieurs reprises, aucune deuxi\u00e8me saisie n&#039;est n\u00e9cessaire<br \/>\nLa position de frappe est libre en ajustant le ch\u00e8que<br \/>\nTouche \u00ab Retour arri\u00e8re \u00bb pour modifier les chiffres mal saisis<br \/>\nPeut \u00eatre utilis\u00e9 comme calculatrice. Le calcul peut \u00eatre imprim\u00e9 imm\u00e9diatement<\/p>","protected":false},"excerpt":{"rendered":"<p>S&#039;applique uniquement au march\u00e9 int\u00e9rieur Imprimante de ch\u00e8ques<\/p>\n<div>Dimension\u00a0: 245 mm x 185 mm x 105 mm<br \/>\nPoids net : 2,2 kg<br \/>\nConditionnement : 4 pi\u00e8ces\/carton<br \/>\nTaille du carton\u00a0: 520 mm x 300 mm x 345 mm<br \/>\nPoids brut : 11,2 kg<br \/>\nSource d&#039;alimentation\u00a0: AC110V, 60Hz ou AC220V, 50Hz<br \/>\nConsommation \u00e9lectrique\u00a0: 20\u00a0W pendant le travail<\/div>","protected":false},"featured_media":431,"template":"","meta":[],"product_brand":[],"product_cat":[19],"product_tag":[],"class_list":{"0":"post-429","1":"product","2":"type-product","3":"status-publish","4":"has-post-thumbnail","6":"product_cat-check-writer-series","8":"first","9":"instock","10":"shipping-taxable","11":"product-type-simple"},"_links":{"self":[{"href":"https:\/\/dongbo2008.com\/fr\/wp-json\/wp\/v2\/product\/429","targetHints":{"allow":["GET"]}}],"collection":[{"href":"https:\/\/dongbo2008.com\/fr\/wp-json\/wp\/v2\/product"}],"about":[{"href":"https:\/\/dongbo2008.com\/fr\/wp-json\/wp\/v2\/types\/product"}],"wp:featuredmedia":[{"embeddable":true,"href":"https:\/\/dongbo2008.com\/fr\/wp-json\/wp\/v2\/media\/431"}],"wp:attachment":[{"href":"https:\/\/dongbo2008.com\/fr\/wp-json\/wp\/v2\/media?parent=429"}],"wp:term":[{"taxonomy":"product_brand","embeddable":true,"href":"https:\/\/dongbo2008.com\/fr\/wp-json\/wp\/v2\/product_brand?post=429"},{"taxonomy":"product_cat","embeddable":true,"href":"https:\/\/dongbo2008.com\/fr\/wp-json\/wp\/v2\/product_cat?post=429"},{"taxonomy":"product_tag","embeddable":true,"href":"https:\/\/dongbo2008.com\/fr\/wp-json\/wp\/v2\/product_tag?post=429"}],"curies":[{"name":"wp","href":"https:\/\/api.w.org\/{rel}","templated":true}]}}