{"id":423,"date":"2023-09-28T03:11:30","date_gmt":"2023-09-28T03:11:30","guid":{"rendered":"https:\/\/dongbo2008.com\/?post_type=product&#038;p=423"},"modified":"2024-09-18T02:26:35","modified_gmt":"2024-09-18T02:26:35","slug":"db150","status":"publish","type":"product","link":"https:\/\/dongbo2008.com\/fr\/produit\/db150\/","title":{"rendered":"DB150 \u2013 Compteurs de devises S\u00e9rie : Id\u00e9al pour les grossistes en fabrication"},"content":{"rendered":"<p><strong>S\u00c9LECTIONNEZ VOTRE INT\u00c9R\u00caT MAINTENANT<\/strong><\/p>\n<table border=\"1\" cellspacing=\"0\" cellpadding=\"1\">\n<tbody>\n<tr>\n<td><strong>MOD\u00c8LE<\/strong><\/td>\n<td><strong>FONCTIONS OPTIONNELLES<\/strong><\/td>\n<\/tr>\n<tr>\n<td>DB150<\/td>\n<td>Mod\u00e8le de base, fonctions de base<\/td>\n<\/tr>\n<tr>\n<td>DB150UV<\/td>\n<td>D\u00e9tection UV<\/td>\n<\/tr>\n<tr>\n<td>DB150MG<\/td>\n<td>D\u00e9tection MG<\/td>\n<\/tr>\n<tr>\n<td>DB150 UVMG<\/td>\n<td>D\u00e9tection UV MG<\/td>\n<\/tr>\n<\/tbody>\n<\/table>\n<p><img fetchpriority=\"high\" decoding=\"async\" class=\"alignnone size-full wp-image-424\" src=\"https:\/\/dongbo2008.com\/wp-content\/uploads\/2023\/09\/DB150.jpg\" alt=\"\" width=\"960\" height=\"1479\" srcset=\"https:\/\/dongbo2008.com\/wp-content\/uploads\/2023\/09\/DB150.jpg 960w, https:\/\/dongbo2008.com\/wp-content\/uploads\/2023\/09\/DB150-195x300.jpg 195w, https:\/\/dongbo2008.com\/wp-content\/uploads\/2023\/09\/DB150-665x1024.jpg 665w, https:\/\/dongbo2008.com\/wp-content\/uploads\/2023\/09\/DB150-768x1183.jpg 768w, https:\/\/dongbo2008.com\/wp-content\/uploads\/2023\/09\/DB150-600x924.jpg 600w\" sizes=\"(max-width: 960px) 100vw, 960px\" \/><\/p>","protected":false},"excerpt":{"rendered":"<p>Le mot initiateur, Nouvelle conception, Nouveau design.<\/p>\n<p>Temp\u00e9rature ambiante\u00a0: 0\u00b0C~40\u00b0C<br \/>\nHumidit\u00e9 ambiante\u00a0: 30 ~ 80%<br \/>\nSyst\u00e8me d&#039;alimentation\u00a0: syst\u00e8me de friction des rouleaux<br \/>\nCapacit\u00e9 de la tr\u00e9mie : 200 pi\u00e8ces<br \/>\nCapacit\u00e9 du gerbeur\u00a0: 200\u00a0pi\u00e8ces<br \/>\nVitesse de comptage : 1000 pi\u00e8ces\/minute<br \/>\nTaille de la note d\u00e9nombrable\u00a0: 50 \u00d7 100 ~ 100 \u00d7 175 (mm)<br \/>\n\u00c9paisseur de la note d\u00e9nombrable\u00a0: 0,06 ~ 0,12 (mm)<br \/>\nAffichage du num\u00e9ro de pr\u00e9r\u00e9glage de lot\u00a0: LED \u00e0 3 chiffres<br \/>\nAffichage du num\u00e9ro de comptage\u00a0: LED \u00e0 4 chiffres<br \/>\nSource d&#039;alimentation\u00a0: AC220V\/50Hz ou AC110V\/60Hz<br \/>\nConsommation d&#039;\u00e9nergie\u00a0: &lt;70W<br \/>\ndimension : 289mmx252mmx190mm<br \/>\nPoids net : 8,0 kg<br \/>\nSensibilit\u00e9 de d\u00e9tection de hauteur\u00a0: 4\/5\/6 \u00b1 1\u00a0mm<\/p>","protected":false},"featured_media":425,"template":"","meta":[],"product_brand":[],"product_cat":[18],"product_tag":[],"class_list":{"0":"post-423","1":"product","2":"type-product","3":"status-publish","4":"has-post-thumbnail","6":"product_cat-currency-counter-series","8":"first","9":"instock","10":"shipping-taxable","11":"product-type-simple"},"_links":{"self":[{"href":"https:\/\/dongbo2008.com\/fr\/wp-json\/wp\/v2\/product\/423","targetHints":{"allow":["GET"]}}],"collection":[{"href":"https:\/\/dongbo2008.com\/fr\/wp-json\/wp\/v2\/product"}],"about":[{"href":"https:\/\/dongbo2008.com\/fr\/wp-json\/wp\/v2\/types\/product"}],"wp:featuredmedia":[{"embeddable":true,"href":"https:\/\/dongbo2008.com\/fr\/wp-json\/wp\/v2\/media\/425"}],"wp:attachment":[{"href":"https:\/\/dongbo2008.com\/fr\/wp-json\/wp\/v2\/media?parent=423"}],"wp:term":[{"taxonomy":"product_brand","embeddable":true,"href":"https:\/\/dongbo2008.com\/fr\/wp-json\/wp\/v2\/product_brand?post=423"},{"taxonomy":"product_cat","embeddable":true,"href":"https:\/\/dongbo2008.com\/fr\/wp-json\/wp\/v2\/product_cat?post=423"},{"taxonomy":"product_tag","embeddable":true,"href":"https:\/\/dongbo2008.com\/fr\/wp-json\/wp\/v2\/product_tag?post=423"}],"curies":[{"name":"wp","href":"https:\/\/api.w.org\/{rel}","templated":true}]}}