{"id":418,"date":"2023-10-03T02:41:11","date_gmt":"2023-10-03T02:41:11","guid":{"rendered":"https:\/\/dongbo2008.com\/?post_type=product&#038;p=418"},"modified":"2024-09-18T02:46:10","modified_gmt":"2024-09-18T02:46:10","slug":"db550","status":"publish","type":"product","link":"https:\/\/dongbo2008.com\/fr\/produit\/db550\/","title":{"rendered":"DB550 \u2013 Compteurs de devises hautes performances pour la fabrication et la vente en gros"},"content":{"rendered":"<p><strong>Modes de comptage\u00a0:<\/strong><\/p>\n<p>Mode de comptage continu,<\/p>\n<p>Mode de comptage par lots,<\/p>\n<p>Mode de comptage de valeurs,<\/p>\n<p>Mode de d\u00e9marrage automatique ou manuel<\/p>\n<p><strong>Modes de d\u00e9tection\u00a0:<\/strong><\/p>\n<p>Double d\u00e9tection, d\u00e9tection de largeur, mode de d\u00e9tection de hauteur<\/p>\n<p>Mode de d\u00e9tection de contrefa\u00e7on UV, d\u00e9tection de contrefa\u00e7on MG,<\/p>\n<p>D\u00e9tection de contrefa\u00e7on de fil m\u00e9tallique (en option),<\/p>\n<p>D\u00e9tection de contrefa\u00e7on MT-CODE (en option),<\/p>\n<p>Mode de d\u00e9tection de contrefa\u00e7on IR (en option)<\/p>\n<p>Sauvegarde de la m\u00e9moire\u00a0: m\u00e9moire de r\u00e9glage des fonctions, m\u00e9moire de r\u00e9glage par lots<\/p>\n<p>Fonction d&#039;impression\u00a0:\u00a0Imprimer le rapport du r\u00e9sultat du comptage avec une imprimante (en option)<\/p>\n<p>Interface de donn\u00e9es\u00a0: port micro USB, port s\u00e9rie RS-232<\/p>\n<p>Source d&#039;alimentation : 100 ~ 240 V CA, 50\/60 Hz.<\/p>\n<p>Taille du fusible\u00a0: 3A<\/p>\n<p>Consommation d&#039;\u00e9nergie\u00a0: &lt;55 watts<\/p>\n<p>Dimensions\u00a0: 275 mm \u00d7 227 mm \u00d7 195 mm<\/p>\n<p>Poids : 6,0 kg<\/p>\n<p>Temp\u00e9rature ambiante\u00a0: 0 ~ 40 \u2103<\/p>\n<p>Humidit\u00e9 relative\u00a0: 30 ~ 80%<\/p>\n<p><img fetchpriority=\"high\" decoding=\"async\" class=\"alignnone size-full wp-image-419\" src=\"https:\/\/dongbo2008.com\/wp-content\/uploads\/2023\/09\/DB550-4-scaled.jpg\" alt=\"\" width=\"520\" height=\"2560\" srcset=\"https:\/\/dongbo2008.com\/wp-content\/uploads\/2023\/09\/DB550-4-scaled.jpg 520w, https:\/\/dongbo2008.com\/wp-content\/uploads\/2023\/09\/DB550-4-61x300.jpg 61w, https:\/\/dongbo2008.com\/wp-content\/uploads\/2023\/09\/DB550-4-208x1024.jpg 208w, https:\/\/dongbo2008.com\/wp-content\/uploads\/2023\/09\/DB550-4-768x3779.jpg 768w, https:\/\/dongbo2008.com\/wp-content\/uploads\/2023\/09\/DB550-4-312x1536.jpg 312w, https:\/\/dongbo2008.com\/wp-content\/uploads\/2023\/09\/DB550-4-416x2048.jpg 416w, https:\/\/dongbo2008.com\/wp-content\/uploads\/2023\/09\/DB550-4-600x2953.jpg 600w\" sizes=\"(max-width: 520px) 100vw, 520px\" \/><\/p>","protected":false},"excerpt":{"rendered":"<p>Compteur de billets \u00e0 chargement frontal, haute vitesse et robuste<\/p>\n<p>Syst\u00e8me d&#039;alimentation\u00a0: syst\u00e8me de friction des rouleaux<br \/>\nCapacit\u00e9 de la tr\u00e9mie\u00a0: 300 feuilles\/notes<br \/>\nCapacit\u00e9 du bac de r\u00e9ception\u00a0: 200 feuilles\/notes<br \/>\nRemarque d\u00e9nombrable\u00a0: Taille 50 \u00d7 90 ~ 110 \u00d7 175 (mm) \u00c9paisseur 0,05 ~ 0,15 (mm)<br \/>\nVitesse de comptage\u00a0: 600 notes\/min, 1000 notes\/min,<br \/>\n1200 notes\/min, 1600 notes\/min (compte uniquement)<br \/>\nAffichage \u00e0 distance\u00a0: 6 chiffres sur un affichage LED \u00e0 distance (en option)<\/p>","protected":false},"featured_media":610,"template":"","meta":[],"product_brand":[],"product_cat":[18],"product_tag":[],"class_list":{"0":"post-418","1":"product","2":"type-product","3":"status-publish","4":"has-post-thumbnail","6":"product_cat-currency-counter-series","8":"first","9":"instock","10":"shipping-taxable","11":"product-type-simple"},"_links":{"self":[{"href":"https:\/\/dongbo2008.com\/fr\/wp-json\/wp\/v2\/product\/418","targetHints":{"allow":["GET"]}}],"collection":[{"href":"https:\/\/dongbo2008.com\/fr\/wp-json\/wp\/v2\/product"}],"about":[{"href":"https:\/\/dongbo2008.com\/fr\/wp-json\/wp\/v2\/types\/product"}],"wp:featuredmedia":[{"embeddable":true,"href":"https:\/\/dongbo2008.com\/fr\/wp-json\/wp\/v2\/media\/610"}],"wp:attachment":[{"href":"https:\/\/dongbo2008.com\/fr\/wp-json\/wp\/v2\/media?parent=418"}],"wp:term":[{"taxonomy":"product_brand","embeddable":true,"href":"https:\/\/dongbo2008.com\/fr\/wp-json\/wp\/v2\/product_brand?post=418"},{"taxonomy":"product_cat","embeddable":true,"href":"https:\/\/dongbo2008.com\/fr\/wp-json\/wp\/v2\/product_cat?post=418"},{"taxonomy":"product_tag","embeddable":true,"href":"https:\/\/dongbo2008.com\/fr\/wp-json\/wp\/v2\/product_tag?post=418"}],"curies":[{"name":"wp","href":"https:\/\/api.w.org\/{rel}","templated":true}]}}