{"id":178,"date":"2023-09-21T08:24:59","date_gmt":"2023-09-21T08:24:59","guid":{"rendered":"https:\/\/dongbo2008.com\/?post_type=product&#038;p=178"},"modified":"2024-09-18T02:25:18","modified_gmt":"2024-09-18T02:25:18","slug":"db180","status":"publish","type":"product","link":"https:\/\/dongbo2008.com\/fr\/produit\/db180\/","title":{"rendered":"DB180 \u2013 Meilleurs compteurs de devises pour les fournisseurs et distributeurs en gros"},"content":{"rendered":"<p><img fetchpriority=\"high\" decoding=\"async\" class=\"alignnone size-full wp-image-179\" src=\"https:\/\/dongbo2008.com\/wp-content\/uploads\/2023\/09\/db180-Currency-Counter-Series.jpg\" alt=\"\" width=\"960\" height=\"1628\" srcset=\"https:\/\/dongbo2008.com\/wp-content\/uploads\/2023\/09\/db180-Currency-Counter-Series.jpg 960w, https:\/\/dongbo2008.com\/wp-content\/uploads\/2023\/09\/db180-Currency-Counter-Series-600x1018.jpg 600w, https:\/\/dongbo2008.com\/wp-content\/uploads\/2023\/09\/db180-Currency-Counter-Series-177x300.jpg 177w, https:\/\/dongbo2008.com\/wp-content\/uploads\/2023\/09\/db180-Currency-Counter-Series-604x1024.jpg 604w, https:\/\/dongbo2008.com\/wp-content\/uploads\/2023\/09\/db180-Currency-Counter-Series-768x1302.jpg 768w, https:\/\/dongbo2008.com\/wp-content\/uploads\/2023\/09\/db180-Currency-Counter-Series-906x1536.jpg 906w\" sizes=\"(max-width: 960px) 100vw, 960px\" \/><\/p>","protected":false},"excerpt":{"rendered":"<p>Temp\u00e9rature ambiante\u00a0: 0\u00b0C~40\u00b0C<br \/>\nHumidit\u00e9 ambiante\u00a0: 30~80\u00a0%<br \/>\nSyst\u00e8me d&#039;alimentation\u00a0: syst\u00e8me de friction des rouleaux<br \/>\nCapacit\u00e9 de la tr\u00e9mie : 200 pi\u00e8ces<br \/>\nCapacit\u00e9 du gerbeur\u00a0: 200\u00a0pi\u00e8ces<br \/>\nVitesse de comptage : 1000 pi\u00e8ces\/minute<br \/>\nTaille de la note d\u00e9nombrable\u00a0: 50 \u00d7 100 ~ 100 \u00d7 182 (mm)<br \/>\n\u00c9paisseur de la note d\u00e9nombrable\u00a0: 0,06 ~ 0,12 (mm)<br \/>\nSensibilit\u00e9 de d\u00e9tection de hauteur : 4\/5\/6 \u00b11 mm<br \/>\nAffichage du num\u00e9ro de pr\u00e9r\u00e9glage du lot\u00a0: LED \u00e0 3\u00a0chiffres<br \/>\nAffichage du num\u00e9ro de comptage\u00a0: LED \u00e0 4\u00a0chiffres<br \/>\nSource d&#039;alimentation\u00a0: AC220V\/50Hz ou AC110V\/60Hz<br \/>\nConsommation \u00e9lectrique\u00a0: 45\u00a0W<br \/>\ndimension\u00a0: 279 mm \u00d7 272 mm \u00d7 210 mm<br \/>\nPoids net : 6,0 kg<\/p>","protected":false},"featured_media":183,"template":"","meta":[],"product_brand":[],"product_cat":[18],"product_tag":[],"class_list":{"0":"post-178","1":"product","2":"type-product","3":"status-publish","4":"has-post-thumbnail","6":"product_cat-currency-counter-series","8":"first","9":"instock","10":"shipping-taxable","11":"product-type-simple"},"_links":{"self":[{"href":"https:\/\/dongbo2008.com\/fr\/wp-json\/wp\/v2\/product\/178","targetHints":{"allow":["GET"]}}],"collection":[{"href":"https:\/\/dongbo2008.com\/fr\/wp-json\/wp\/v2\/product"}],"about":[{"href":"https:\/\/dongbo2008.com\/fr\/wp-json\/wp\/v2\/types\/product"}],"wp:featuredmedia":[{"embeddable":true,"href":"https:\/\/dongbo2008.com\/fr\/wp-json\/wp\/v2\/media\/183"}],"wp:attachment":[{"href":"https:\/\/dongbo2008.com\/fr\/wp-json\/wp\/v2\/media?parent=178"}],"wp:term":[{"taxonomy":"product_brand","embeddable":true,"href":"https:\/\/dongbo2008.com\/fr\/wp-json\/wp\/v2\/product_brand?post=178"},{"taxonomy":"product_cat","embeddable":true,"href":"https:\/\/dongbo2008.com\/fr\/wp-json\/wp\/v2\/product_cat?post=178"},{"taxonomy":"product_tag","embeddable":true,"href":"https:\/\/dongbo2008.com\/fr\/wp-json\/wp\/v2\/product_tag?post=178"}],"curies":[{"name":"wp","href":"https:\/\/api.w.org\/{rel}","templated":true}]}}