{"id":622,"date":"2023-09-20T06:59:21","date_gmt":"2023-09-20T06:59:21","guid":{"rendered":"https:\/\/dongbo2008.com\/?post_type=product&#038;p=622"},"modified":"2024-09-18T02:24:39","modified_gmt":"2024-09-18T02:24:39","slug":"db780s","status":"publish","type":"product","link":"https:\/\/dongbo2008.com\/fi\/tuote\/db780s\/","title":{"rendered":"DB780S \u2013 Suosituin valuuttalaskurisarja tukkuvalmistajille"},"content":{"rendered":"<p>Monenv\u00e4linen seteli (enint\u00e4\u00e4n 7 valuuttaa)<br \/>\nSuuri graafinen LCD-n\u00e4ytt\u00f6 (128*64 pikseli\u00e4).<br \/>\nP\u00e4iv\u00e4m\u00e4\u00e4r\u00e4n ja kellonajan n\u00e4ytt\u00f6.<br \/>\nHelppo p\u00e4ivitt\u00e4\u00e4 USB-portin tai RS-232-sarjaportin avulla.<br \/>\nHelppok\u00e4ytt\u00f6inen ja yst\u00e4v\u00e4llinen k\u00e4ytt\u00f6liittym\u00e4.<br \/>\nHelppo huolto itsediagnostiikkaj\u00e4rjestelm\u00e4n avulla.<br \/>\nArvonlaskenta: Laskee sekoitettuja ja lajiteltuja seteleit\u00e4 kuvank\u00e4sittelytekniikalla.<br \/>\nArvonlaskentanopeus: 600, 1000, 1200 seteli\u00e4\/min<br \/>\nLaskentanopeus: 600\u30011000\u30011200\u30011500 seteli\u00e4\/min<br \/>\nV\u00e4\u00e4renn\u00f6sten havaitseminen UV, MG (valinnainen), MT (valinnainen), IR (valinnainen) \u3001MT-CODE (valinnainen)<br \/>\nTupla-, ketju- ja puolis\u00e4velten tunnistus<br \/>\nAutomaattinen ja manuaalinen k\u00e4ynnistys<br \/>\nValinnaiset lis\u00e4varusteet: Tulostin, Kaukos\u00e4\u00e4timen n\u00e4ytt\u00f6<\/p>","protected":false},"excerpt":{"rendered":"<p>Arvonlaskentakone CIS<\/p>\n<p>Sy\u00f6tt\u00f6j\u00e4rjestelm\u00e4: Rullakitkaj\u00e4rjestelm\u00e4<br \/>\nSuppilon kapasiteetti: 350-400 kappaletta<br \/>\nPinoamiskapasiteetti: 200 kpl<br \/>\nLaskettavan muistiinpanon koko: 50 \u00d7 90 ~ 110 \u00d7 175 (mm)<br \/>\nLaskettavan huomautuksen paksuus: 0,05 ~ 0,15 (mm)<br \/>\nLaskunopeus: 600\/ 1000\/ 1200\/ 1500 kappaletta\/minuutti<br \/>\nN\u00e4ytt\u00f6: Graafinen LCD-n\u00e4ytt\u00f6 (128*64)<br \/>\nKaukos\u00e4\u00e4timen n\u00e4ytt\u00f6: 6 numeroa LED-et\u00e4n\u00e4yt\u00f6ss\u00e4 (valinnainen)<br \/>\nVirtal\u00e4hde: AC100 ~ 240V, 50\/60Hz<br \/>\nSulakkeen koko: 3A<br \/>\nVirrankulutus: &lt;60 wattia<br \/>\nmitat: 285mm \u00d7 285mm \u00d7 250mm<br \/>\nNettopaino: 8,0 kg<br \/>\nYmp\u00e4rist\u00f6n l\u00e4mp\u00f6tila: 0-40\u00b0C<br \/>\nSuhteellinen kosteus: 30 ~ 80%<\/p>","protected":false},"featured_media":623,"template":"","meta":[],"product_brand":[],"product_cat":[18],"product_tag":[],"class_list":{"0":"post-622","1":"product","2":"type-product","3":"status-publish","4":"has-post-thumbnail","6":"product_cat-currency-counter-series","8":"first","9":"instock","10":"shipping-taxable","11":"product-type-simple"},"_links":{"self":[{"href":"https:\/\/dongbo2008.com\/fi\/wp-json\/wp\/v2\/product\/622","targetHints":{"allow":["GET"]}}],"collection":[{"href":"https:\/\/dongbo2008.com\/fi\/wp-json\/wp\/v2\/product"}],"about":[{"href":"https:\/\/dongbo2008.com\/fi\/wp-json\/wp\/v2\/types\/product"}],"wp:featuredmedia":[{"embeddable":true,"href":"https:\/\/dongbo2008.com\/fi\/wp-json\/wp\/v2\/media\/623"}],"wp:attachment":[{"href":"https:\/\/dongbo2008.com\/fi\/wp-json\/wp\/v2\/media?parent=622"}],"wp:term":[{"taxonomy":"product_brand","embeddable":true,"href":"https:\/\/dongbo2008.com\/fi\/wp-json\/wp\/v2\/product_brand?post=622"},{"taxonomy":"product_cat","embeddable":true,"href":"https:\/\/dongbo2008.com\/fi\/wp-json\/wp\/v2\/product_cat?post=622"},{"taxonomy":"product_tag","embeddable":true,"href":"https:\/\/dongbo2008.com\/fi\/wp-json\/wp\/v2\/product_tag?post=622"}],"curies":[{"name":"wp","href":"https:\/\/api.w.org\/{rel}","templated":true}]}}