{"id":619,"date":"2023-10-06T06:56:44","date_gmt":"2023-10-06T06:56:44","guid":{"rendered":"https:\/\/dongbo2008.com\/?post_type=product&#038;p=619"},"modified":"2024-09-18T02:50:03","modified_gmt":"2024-09-18T02:50:03","slug":"db780a","status":"publish","type":"product","link":"https:\/\/dongbo2008.com\/fi\/tuote\/db780a\/","title":{"rendered":"DB780A \u2013 Sijoita parhaisiin valuuttalaskuriin tehdas- ja massamyynti\u00e4 varten"},"content":{"rendered":"<p>Raskas setelilaskuri, usean valuutan laskuri, sekaarvolaskenta.<br \/>\nLaskentatilat: Jatkuva laskenta, er\u00e4laskenta, arvojen laskenta<br \/>\nV\u00e4\u00e4renn\u00f6sten tunnistus: kaksoissetelit, leveys, pituus, UV, MG, metallilanka, MT-CODE, IR<br \/>\nMuistin varmuuskopiointi: Toimintojen asetus Muisti, er\u00e4asetusmuisti<br \/>\nTulostustoiminto: Tulosta laskentatulosraportti tulostimella<\/p>","protected":false},"excerpt":{"rendered":"<p>Etulataus, suuri nopeus ja l\u00e4mp\u00f6<\/p>\n<p>Sy\u00f6tt\u00f6j\u00e4rjestelm\u00e4: Rullakitkaj\u00e4rjestelm\u00e4<br \/>\nSuppilon kapasiteetti: 300 kappaletta<br \/>\nPinoamiskapasiteetti: 200 kpl<br \/>\nLaskettavan muistiinpanon koko: 50 \u00d7 90 ~ 110 \u00d7 175 (mm)<br \/>\nLaskettavan huomautuksen paksuus: 0,05 ~ 0,15 (mm)<br \/>\nLaskunopeus: 600\/ 800\/ 1200\/ 1600 kpl\/min<br \/>\nLaskun\u00e4ytt\u00f6: 5 numeroa LCD-n\u00e4yt\u00f6ss\u00e4<br \/>\nEr\u00e4n\u00e4ytt\u00f6: 3 numeroa LCD-n\u00e4yt\u00f6ss\u00e4<br \/>\nKaukos\u00e4\u00e4timen n\u00e4ytt\u00f6: 6 numeroa LED-et\u00e4n\u00e4yt\u00f6ss\u00e4 (lis\u00e4varuste)<br \/>\nVirtal\u00e4hde: AC 100~240V, 50\/60Hz<br \/>\nSulakkeen koko: 3A<br \/>\nVirrankulutus: &lt;55 wattia<br \/>\nmitat: 275mmx227mmx195mm<br \/>\nNettopaino: 8,0 kg<br \/>\nYmp\u00e4rist\u00f6n l\u00e4mp\u00f6tila: 0-40\u00b0C<br \/>\nSuhteellinen kosteus: 30 ~ 80%<\/p>","protected":false},"featured_media":620,"template":"","meta":[],"product_brand":[],"product_cat":[18],"product_tag":[],"class_list":{"0":"post-619","1":"product","2":"type-product","3":"status-publish","4":"has-post-thumbnail","6":"product_cat-currency-counter-series","8":"first","9":"instock","10":"shipping-taxable","11":"product-type-simple"},"_links":{"self":[{"href":"https:\/\/dongbo2008.com\/fi\/wp-json\/wp\/v2\/product\/619","targetHints":{"allow":["GET"]}}],"collection":[{"href":"https:\/\/dongbo2008.com\/fi\/wp-json\/wp\/v2\/product"}],"about":[{"href":"https:\/\/dongbo2008.com\/fi\/wp-json\/wp\/v2\/types\/product"}],"wp:featuredmedia":[{"embeddable":true,"href":"https:\/\/dongbo2008.com\/fi\/wp-json\/wp\/v2\/media\/620"}],"wp:attachment":[{"href":"https:\/\/dongbo2008.com\/fi\/wp-json\/wp\/v2\/media?parent=619"}],"wp:term":[{"taxonomy":"product_brand","embeddable":true,"href":"https:\/\/dongbo2008.com\/fi\/wp-json\/wp\/v2\/product_brand?post=619"},{"taxonomy":"product_cat","embeddable":true,"href":"https:\/\/dongbo2008.com\/fi\/wp-json\/wp\/v2\/product_cat?post=619"},{"taxonomy":"product_tag","embeddable":true,"href":"https:\/\/dongbo2008.com\/fi\/wp-json\/wp\/v2\/product_tag?post=619"}],"curies":[{"name":"wp","href":"https:\/\/api.w.org\/{rel}","templated":true}]}}