{"id":611,"date":"2023-10-06T06:53:32","date_gmt":"2023-10-06T06:53:32","guid":{"rendered":"https:\/\/dongbo2008.com\/?post_type=product&#038;p=611"},"modified":"2024-09-18T02:49:19","modified_gmt":"2024-09-18T02:49:19","slug":"db326","status":"publish","type":"product","link":"https:\/\/dongbo2008.com\/fi\/tuote\/db326\/","title":{"rendered":"DB326 \u2013 Parhaat v\u00e4\u00e4renn\u00f6sten tunnistimet j\u00e4lleenmyyj\u00e4verkostoille"},"content":{"rendered":"<p>Upouusi digitaalinen vesileimantunnistustekniikka euroseteille.<br \/>\nValuuttavalikoima: EURO ja USD, tai EURO ja GBP, tai EURO ja CHF, tai EURO ja ROMANIA jne.<br \/>\nHavaitsemismenetelm\u00e4: usean v\u00e4\u00e4renn\u00f6ksen tunnistus: MG,MT,IR,UV (UV on vaihtoehto)<br \/>\nSetelin ulostulotapa: Etu- tai takaosa<br \/>\nSeteleiden asettaminen: Mik\u00e4 tahansa suunta (kun laite havaitsee USD-seteleit\u00e4, vain yksi suunta on k\u00e4ytett\u00e4viss\u00e4 kaikenlaisille seteleille.)<br \/>\nTunnistusnopeus: &lt;0,5S sekunti\/kpl<br \/>\nN\u00e4ytt\u00f6: hyv\u00e4ksyttyjen seteleiden m\u00e4\u00e4r\u00e4 ja kokonaisarvo<br \/>\nVirtal\u00e4hdevaihtoehto: mink\u00e4 tahansa plus-version sovitin tai sis\u00e4\u00e4nrakennettu akku (10,8 V, 800 mah) tai ajoneuvoon asennettu kaapeli<br \/>\nOhjelma voidaan p\u00e4ivitt\u00e4\u00e4 liitt\u00e4m\u00e4ll\u00e4 tietokoneeseen.<\/p>\n<p><img fetchpriority=\"high\" decoding=\"async\" class=\"alignnone size-full wp-image-617\" src=\"https:\/\/dongbo2008.com\/wp-content\/uploads\/2023\/10\/DB326.jpg\" alt=\"\" width=\"960\" height=\"1362\" srcset=\"https:\/\/dongbo2008.com\/wp-content\/uploads\/2023\/10\/DB326.jpg 960w, https:\/\/dongbo2008.com\/wp-content\/uploads\/2023\/10\/DB326-211x300.jpg 211w, https:\/\/dongbo2008.com\/wp-content\/uploads\/2023\/10\/DB326-722x1024.jpg 722w, https:\/\/dongbo2008.com\/wp-content\/uploads\/2023\/10\/DB326-768x1090.jpg 768w, https:\/\/dongbo2008.com\/wp-content\/uploads\/2023\/10\/DB326-600x851.jpg 600w\" sizes=\"(max-width: 960px) 100vw, 960px\" \/><\/p>","protected":false},"excerpt":{"rendered":"<p>Mitat: 200mmx115mmx76mm<br \/>\nNettopaino: 0,75 kg<br \/>\nP\u00e4\u00e4laatikon koko (CBM): 0,0838<br \/>\nMaster Carton bruttopaino: 14 KG<br \/>\nSis\u00e4laatikon paino: 1,08 KG<br \/>\nSis\u00e4laatikon koko: 290X170X125mm<br \/>\nMaster Carton tekniset tiedot: 59,6 x 35,6 x 39,5 mm<br \/>\nSis\u00e4pakkaus Kpl: 12 kpl<br \/>\nTurvallisuushyv\u00e4ksynt\u00e4: CE<br \/>\nLaatutakuuaika: 1 vuosi l\u00e4hetysp\u00e4iv\u00e4st\u00e4<br \/>\nMaksuehto: TT<br \/>\nYksik\u00f6iden ja ctns-m\u00e4\u00e4r\u00e4 20 FCL:ss\u00e4: 4300 kpl<br \/>\nFob-portti: Zhongshan<\/p>","protected":false},"featured_media":614,"template":"","meta":[],"product_brand":[],"product_cat":[20],"product_tag":[],"class_list":{"0":"post-611","1":"product","2":"type-product","3":"status-publish","4":"has-post-thumbnail","6":"product_cat-counterfeit-detector-series","8":"first","9":"instock","10":"shipping-taxable","11":"product-type-simple"},"_links":{"self":[{"href":"https:\/\/dongbo2008.com\/fi\/wp-json\/wp\/v2\/product\/611","targetHints":{"allow":["GET"]}}],"collection":[{"href":"https:\/\/dongbo2008.com\/fi\/wp-json\/wp\/v2\/product"}],"about":[{"href":"https:\/\/dongbo2008.com\/fi\/wp-json\/wp\/v2\/types\/product"}],"wp:featuredmedia":[{"embeddable":true,"href":"https:\/\/dongbo2008.com\/fi\/wp-json\/wp\/v2\/media\/614"}],"wp:attachment":[{"href":"https:\/\/dongbo2008.com\/fi\/wp-json\/wp\/v2\/media?parent=611"}],"wp:term":[{"taxonomy":"product_brand","embeddable":true,"href":"https:\/\/dongbo2008.com\/fi\/wp-json\/wp\/v2\/product_brand?post=611"},{"taxonomy":"product_cat","embeddable":true,"href":"https:\/\/dongbo2008.com\/fi\/wp-json\/wp\/v2\/product_cat?post=611"},{"taxonomy":"product_tag","embeddable":true,"href":"https:\/\/dongbo2008.com\/fi\/wp-json\/wp\/v2\/product_tag?post=611"}],"curies":[{"name":"wp","href":"https:\/\/api.w.org\/{rel}","templated":true}]}}