{"id":586,"date":"2023-10-03T02:56:22","date_gmt":"2023-10-03T02:56:22","guid":{"rendered":"https:\/\/dongbo2008.com\/?post_type=product&#038;p=586"},"modified":"2024-09-18T02:48:11","modified_gmt":"2024-09-18T02:48:11","slug":"586","status":"publish","type":"product","link":"https:\/\/dongbo2008.com\/fi\/tuote\/586\/","title":{"rendered":"DB450SL \u2013 Alan johtajien parhaat kolikkolaskurit rahoitussektorille"},"content":{"rendered":"<p><img fetchpriority=\"high\" decoding=\"async\" class=\"alignnone size-full wp-image-587\" src=\"https:\/\/dongbo2008.com\/wp-content\/uploads\/2023\/10\/DB450-NEW-LCD-scaled.jpg\" alt=\"\" width=\"1810\" height=\"2560\" srcset=\"https:\/\/dongbo2008.com\/wp-content\/uploads\/2023\/10\/DB450-NEW-LCD-scaled.jpg 1810w, https:\/\/dongbo2008.com\/wp-content\/uploads\/2023\/10\/DB450-NEW-LCD-212x300.jpg 212w, https:\/\/dongbo2008.com\/wp-content\/uploads\/2023\/10\/DB450-NEW-LCD-724x1024.jpg 724w, https:\/\/dongbo2008.com\/wp-content\/uploads\/2023\/10\/DB450-NEW-LCD-768x1086.jpg 768w, https:\/\/dongbo2008.com\/wp-content\/uploads\/2023\/10\/DB450-NEW-LCD-1086x1536.jpg 1086w, https:\/\/dongbo2008.com\/wp-content\/uploads\/2023\/10\/DB450-NEW-LCD-1448x2048.jpg 1448w, https:\/\/dongbo2008.com\/wp-content\/uploads\/2023\/10\/DB450-NEW-LCD-600x849.jpg 600w\" sizes=\"(max-width: 1810px) 100vw, 1810px\" \/><\/p>","protected":false},"excerpt":{"rendered":"<p>DB450SL KOLIKKOLASKIN JA LAJITTELU, JOLLA NOPEA, HYV\u00c4 LAATU, TARKKUUS JA HYV\u00c4T TOIMINNOT.<\/p>\n<p>Ymp\u00e4rist\u00f6n l\u00e4mp\u00f6tila: 0\u2103 -40\u2103<br \/>\nLaskentanopeus: jopa 400-600 yksikk\u00f6\u00e4\/min<br \/>\nYmp\u00e4rist\u00f6n kosteus: 30\u2103 ~ 80\u2103<br \/>\nSuppilon kapasiteetti: 1000-1300 yksikk\u00f6\u00e4<br \/>\nJokaisen vastaanottopaikan kapasiteetti: 180-230 yksikk\u00f6\u00e4<br \/>\nV\u00e4rillinen LCD-n\u00e4ytt\u00f6<br \/>\n8 sarjaa er\u00e4n esiasetusnumeron n\u00e4ytt\u00f6: 3 numeroa LCD\/sarja<br \/>\nLaskentalukun\u00e4ytt\u00f6: 7-numeroinen LCD-n\u00e4ytt\u00f6<br \/>\nVirtal\u00e4hde: AC220V50HZ tai AC 110V\/60HZ<br \/>\nVirrankulutus: 50W (max)<br \/>\nMitat: 330mmx330mmx255mm<br \/>\nNettopaino: 4,6 kg<\/p>\n<p>Pakkaus: 2kpl\/ctn<br \/>\nBruttopaino: 12,5 kg\/ctn<br \/>\nKuutio: 0,11 cbm\/ctn<\/p>","protected":false},"featured_media":588,"template":"","meta":[],"product_brand":[],"product_cat":[21],"product_tag":[],"class_list":{"0":"post-586","1":"product","2":"type-product","3":"status-publish","4":"has-post-thumbnail","6":"product_cat-coin-counter-series","8":"first","9":"instock","10":"shipping-taxable","11":"product-type-simple"},"_links":{"self":[{"href":"https:\/\/dongbo2008.com\/fi\/wp-json\/wp\/v2\/product\/586","targetHints":{"allow":["GET"]}}],"collection":[{"href":"https:\/\/dongbo2008.com\/fi\/wp-json\/wp\/v2\/product"}],"about":[{"href":"https:\/\/dongbo2008.com\/fi\/wp-json\/wp\/v2\/types\/product"}],"wp:featuredmedia":[{"embeddable":true,"href":"https:\/\/dongbo2008.com\/fi\/wp-json\/wp\/v2\/media\/588"}],"wp:attachment":[{"href":"https:\/\/dongbo2008.com\/fi\/wp-json\/wp\/v2\/media?parent=586"}],"wp:term":[{"taxonomy":"product_brand","embeddable":true,"href":"https:\/\/dongbo2008.com\/fi\/wp-json\/wp\/v2\/product_brand?post=586"},{"taxonomy":"product_cat","embeddable":true,"href":"https:\/\/dongbo2008.com\/fi\/wp-json\/wp\/v2\/product_cat?post=586"},{"taxonomy":"product_tag","embeddable":true,"href":"https:\/\/dongbo2008.com\/fi\/wp-json\/wp\/v2\/product_tag?post=586"}],"curies":[{"name":"wp","href":"https:\/\/api.w.org\/{rel}","templated":true}]}}