{"id":579,"date":"2023-10-03T02:50:33","date_gmt":"2023-10-03T02:50:33","guid":{"rendered":"https:\/\/dongbo2008.com\/?post_type=product&#038;p=579"},"modified":"2024-09-18T02:46:35","modified_gmt":"2024-09-18T02:46:35","slug":"db360s","status":"publish","type":"product","link":"https:\/\/dongbo2008.com\/fi\/tuote\/db360s\/","title":{"rendered":"DB360S \u2013 Investoi valmistajan hyv\u00e4ksymiin kolikkolaskureihin pankeille"},"content":{"rendered":"","protected":false},"excerpt":{"rendered":"<p>DB360 TARKKUUS KOLIKKOLAITTEIN JA -LASKURI, TULOSTUSTOIMINNOLLA<\/p>\n<p>Ymp\u00e4rist\u00f6n l\u00e4mp\u00f6tila: 0\u2103 -40\u2103<br \/>\nLaskentanopeus: 216 yksikk\u00f6\u00e4\/min<br \/>\nYmp\u00e4rist\u00f6n kosteus: 30\u2103 ~ 80\u2103<br \/>\nSuppilon kapasiteetti: 216-300 yksikk\u00f6\u00e4<br \/>\nJokaisen vastaanottopaikan kapasiteetti: 80-250 yksikk\u00f6\u00e4<br \/>\nEr\u00e4n esiasetusnumeron n\u00e4ytt\u00f6: 3 numeroa LED<br \/>\nLaskun\u00e4ytt\u00f6: LCD-n\u00e4ytt\u00f6<br \/>\nVirtal\u00e4hde: AC220V50HZ tai AC 110V\/60HZ<br \/>\nVirrankulutus: 15W<br \/>\nMitat: 355mmx330mmx266mm<br \/>\nNettopaino: 4,5 kg<br \/>\nVaihtoehto: Tulostin \u2013 digitaalisella n\u00e4pp\u00e4imist\u00f6ll\u00e4 varustettu laite voi muodostaa yhteyden<br \/>\nl\u00e4mp\u00f6tulostin, tulostustuloksen n\u00e4ytt\u00f6 nimellisarvom\u00e4\u00e4r\u00e4, kolikoiden arvo.<\/p>","protected":false},"featured_media":580,"template":"","meta":[],"product_brand":[],"product_cat":[21],"product_tag":[],"class_list":{"0":"post-579","1":"product","2":"type-product","3":"status-publish","4":"has-post-thumbnail","6":"product_cat-coin-counter-series","8":"first","9":"instock","10":"shipping-taxable","11":"product-type-simple"},"_links":{"self":[{"href":"https:\/\/dongbo2008.com\/fi\/wp-json\/wp\/v2\/product\/579","targetHints":{"allow":["GET"]}}],"collection":[{"href":"https:\/\/dongbo2008.com\/fi\/wp-json\/wp\/v2\/product"}],"about":[{"href":"https:\/\/dongbo2008.com\/fi\/wp-json\/wp\/v2\/types\/product"}],"wp:featuredmedia":[{"embeddable":true,"href":"https:\/\/dongbo2008.com\/fi\/wp-json\/wp\/v2\/media\/580"}],"wp:attachment":[{"href":"https:\/\/dongbo2008.com\/fi\/wp-json\/wp\/v2\/media?parent=579"}],"wp:term":[{"taxonomy":"product_brand","embeddable":true,"href":"https:\/\/dongbo2008.com\/fi\/wp-json\/wp\/v2\/product_brand?post=579"},{"taxonomy":"product_cat","embeddable":true,"href":"https:\/\/dongbo2008.com\/fi\/wp-json\/wp\/v2\/product_cat?post=579"},{"taxonomy":"product_tag","embeddable":true,"href":"https:\/\/dongbo2008.com\/fi\/wp-json\/wp\/v2\/product_tag?post=579"}],"curies":[{"name":"wp","href":"https:\/\/api.w.org\/{rel}","templated":true}]}}