{"id":546,"date":"2023-09-30T01:57:28","date_gmt":"2023-09-30T01:57:28","guid":{"rendered":"https:\/\/dongbo2008.com\/?post_type=product&#038;p=546"},"modified":"2024-09-18T02:44:57","modified_gmt":"2024-09-18T02:44:57","slug":"db360","status":"publish","type":"product","link":"https:\/\/dongbo2008.com\/fi\/tuote\/db360\/","title":{"rendered":"DB360 \u2013 Valmistajien Premium-kolikkolaskurit rahoituslaitoksille"},"content":{"rendered":"<p><img fetchpriority=\"high\" decoding=\"async\" class=\"alignnone size-full wp-image-547\" src=\"https:\/\/dongbo2008.com\/wp-content\/uploads\/2023\/09\/DB360.jpg\" alt=\"\" width=\"960\" height=\"1679\" srcset=\"https:\/\/dongbo2008.com\/wp-content\/uploads\/2023\/09\/DB360.jpg 960w, https:\/\/dongbo2008.com\/wp-content\/uploads\/2023\/09\/DB360-172x300.jpg 172w, https:\/\/dongbo2008.com\/wp-content\/uploads\/2023\/09\/DB360-585x1024.jpg 585w, https:\/\/dongbo2008.com\/wp-content\/uploads\/2023\/09\/DB360-768x1343.jpg 768w, https:\/\/dongbo2008.com\/wp-content\/uploads\/2023\/09\/DB360-878x1536.jpg 878w, https:\/\/dongbo2008.com\/wp-content\/uploads\/2023\/09\/DB360-600x1049.jpg 600w\" sizes=\"(max-width: 960px) 100vw, 960px\" \/><\/p>","protected":false},"excerpt":{"rendered":"<p>DB360 voi laskea ja lajitella yli 60 maan kolikoita.<\/p>\n<div>Ymp\u00e4rist\u00f6n l\u00e4mp\u00f6tila: 0\u00b0C ~ 40\u00b0C<\/div>\n<div>Ymp\u00e4rist\u00f6n kosteus: 30 ~ 80%<\/div>\n<div>Suppilon kapasiteetti: 300-500 kappaletta<\/div>\n<div>Vastaanottoaukon kapasiteetti: 80-150 kappaletta<\/div>\n<div>Laskentanopeus: Jopa 330 kappaletta\/minuutti (MAX.)<\/div>\n<div>Er\u00e4n esiasetuksen numeron\u00e4ytt\u00f6: 3-numeroinen LED<\/div>\n<div>Laskentanumeron\u00e4ytt\u00f6: 4-numeroinen LED<\/div>\n<div>Tulostinportti: RS232-sarjaportti l\u00e4mp\u00f6tulostimelle<\/div>\n<div>Virtal\u00e4hde: AC220V\/50Hz, AC110V\/60Hz<\/div>\n<div>Virrankulutus: 45 W (MAX.)<\/div>\n<div>mitat: 355mm \u00d7 330mm \u00d7 266mm<\/div>\n<div>Nettopaino: 4,5 kg<\/div>","protected":false},"featured_media":548,"template":"","meta":[],"product_brand":[],"product_cat":[21],"product_tag":[],"class_list":{"0":"post-546","1":"product","2":"type-product","3":"status-publish","4":"has-post-thumbnail","6":"product_cat-coin-counter-series","8":"first","9":"instock","10":"shipping-taxable","11":"product-type-simple"},"_links":{"self":[{"href":"https:\/\/dongbo2008.com\/fi\/wp-json\/wp\/v2\/product\/546","targetHints":{"allow":["GET"]}}],"collection":[{"href":"https:\/\/dongbo2008.com\/fi\/wp-json\/wp\/v2\/product"}],"about":[{"href":"https:\/\/dongbo2008.com\/fi\/wp-json\/wp\/v2\/types\/product"}],"wp:featuredmedia":[{"embeddable":true,"href":"https:\/\/dongbo2008.com\/fi\/wp-json\/wp\/v2\/media\/548"}],"wp:attachment":[{"href":"https:\/\/dongbo2008.com\/fi\/wp-json\/wp\/v2\/media?parent=546"}],"wp:term":[{"taxonomy":"product_brand","embeddable":true,"href":"https:\/\/dongbo2008.com\/fi\/wp-json\/wp\/v2\/product_brand?post=546"},{"taxonomy":"product_cat","embeddable":true,"href":"https:\/\/dongbo2008.com\/fi\/wp-json\/wp\/v2\/product_cat?post=546"},{"taxonomy":"product_tag","embeddable":true,"href":"https:\/\/dongbo2008.com\/fi\/wp-json\/wp\/v2\/product_tag?post=546"}],"curies":[{"name":"wp","href":"https:\/\/api.w.org\/{rel}","templated":true}]}}