{"id":542,"date":"2023-09-30T01:56:17","date_gmt":"2023-09-30T01:56:17","guid":{"rendered":"https:\/\/dongbo2008.com\/?post_type=product&#038;p=542"},"modified":"2024-09-18T02:44:16","modified_gmt":"2024-09-18T02:44:16","slug":"db350b","status":"publish","type":"product","link":"https:\/\/dongbo2008.com\/fi\/tuote\/db350b\/","title":{"rendered":"DB350B \u2013 Valmistajan suosittelemat kolikkolaskimet pankkik\u00e4ytt\u00f6\u00f6n"},"content":{"rendered":"<p><img fetchpriority=\"high\" decoding=\"async\" class=\"alignnone size-full wp-image-543\" src=\"https:\/\/dongbo2008.com\/wp-content\/uploads\/2023\/09\/DB350B-scaled.jpg\" alt=\"\" width=\"1177\" height=\"2560\" srcset=\"https:\/\/dongbo2008.com\/wp-content\/uploads\/2023\/09\/DB350B-scaled.jpg 1177w, https:\/\/dongbo2008.com\/wp-content\/uploads\/2023\/09\/DB350B-138x300.jpg 138w, https:\/\/dongbo2008.com\/wp-content\/uploads\/2023\/09\/DB350B-471x1024.jpg 471w, https:\/\/dongbo2008.com\/wp-content\/uploads\/2023\/09\/DB350B-768x1671.jpg 768w, https:\/\/dongbo2008.com\/wp-content\/uploads\/2023\/09\/DB350B-706x1536.jpg 706w, https:\/\/dongbo2008.com\/wp-content\/uploads\/2023\/09\/DB350B-941x2048.jpg 941w, https:\/\/dongbo2008.com\/wp-content\/uploads\/2023\/09\/DB350B-600x1306.jpg 600w\" sizes=\"(max-width: 1177px) 100vw, 1177px\" \/><\/p>","protected":false},"excerpt":{"rendered":"<p>DB350B voi laskea ja lajitella yli 50 maan kolikoita.<\/p>\n<p>Ymp\u00e4rist\u00f6n l\u00e4mp\u00f6tila: 0\u00b0C ~ 40\u00b0C<br \/>\nYmp\u00e4rist\u00f6n kosteus: 30 ~ 80%<br \/>\nSuppilon kapasiteetti: 300-500 kappaletta<br \/>\nVastaanottoaukon kapasiteetti: 80-150 kappaletta<br \/>\nLaskentanopeus: Jopa 330 kappaletta\/minuutti (MAX.)<br \/>\nEr\u00e4n esiasetuksen numeron\u00e4ytt\u00f6: 3-numeroinen LED<br \/>\nLaskentanumeron\u00e4ytt\u00f6: 4-numeroinen LED<br \/>\nVirtal\u00e4hde: AC220V\/50Hz, AC110V\/60Hz<br \/>\nVirrankulutus: 45 W (MAX.)<br \/>\nmitat: 355mm \u00d7 330mm \u00d7 266mm<br \/>\nNettopaino: 4,5 kg<\/p>","protected":false},"featured_media":544,"template":"","meta":[],"product_brand":[],"product_cat":[21],"product_tag":[],"class_list":{"0":"post-542","1":"product","2":"type-product","3":"status-publish","4":"has-post-thumbnail","6":"product_cat-coin-counter-series","8":"first","9":"instock","10":"shipping-taxable","11":"product-type-simple"},"_links":{"self":[{"href":"https:\/\/dongbo2008.com\/fi\/wp-json\/wp\/v2\/product\/542","targetHints":{"allow":["GET"]}}],"collection":[{"href":"https:\/\/dongbo2008.com\/fi\/wp-json\/wp\/v2\/product"}],"about":[{"href":"https:\/\/dongbo2008.com\/fi\/wp-json\/wp\/v2\/types\/product"}],"wp:featuredmedia":[{"embeddable":true,"href":"https:\/\/dongbo2008.com\/fi\/wp-json\/wp\/v2\/media\/544"}],"wp:attachment":[{"href":"https:\/\/dongbo2008.com\/fi\/wp-json\/wp\/v2\/media?parent=542"}],"wp:term":[{"taxonomy":"product_brand","embeddable":true,"href":"https:\/\/dongbo2008.com\/fi\/wp-json\/wp\/v2\/product_brand?post=542"},{"taxonomy":"product_cat","embeddable":true,"href":"https:\/\/dongbo2008.com\/fi\/wp-json\/wp\/v2\/product_cat?post=542"},{"taxonomy":"product_tag","embeddable":true,"href":"https:\/\/dongbo2008.com\/fi\/wp-json\/wp\/v2\/product_tag?post=542"}],"curies":[{"name":"wp","href":"https:\/\/api.w.org\/{rel}","templated":true}]}}