{"id":532,"date":"2023-09-30T01:51:43","date_gmt":"2023-09-30T01:51:43","guid":{"rendered":"https:\/\/dongbo2008.com\/?post_type=product&#038;p=532"},"modified":"2024-09-18T02:43:02","modified_gmt":"2024-09-18T02:43:02","slug":"coin-tray","status":"publish","type":"product","link":"https:\/\/dongbo2008.com\/fi\/tuote\/kolikkoalusta\/","title":{"rendered":"Kolikkolokero \u2013 Luotettavat kolikkolaskurit taloudelliseen k\u00e4ytt\u00f6\u00f6n: Valmistajan parhaat valinnat"},"content":{"rendered":"<p>Mitat: 31 cm x 14,5 cm<\/p>\n<p>Euron kapasiteetti:<\/p>\n<table border=\"1\" cellspacing=\"0\" cellpadding=\"0\">\n<tbody>\n<tr>\n<td>\n<p align=\"center\">Nimitys<\/p>\n<\/td>\n<td>\n<p align=\"center\">M\u00e4\u00e4r\u00e4<\/p>\n<\/td>\n<td>\n<p align=\"center\">M\u00e4\u00e4r\u00e4<\/p>\n<\/td>\n<\/tr>\n<tr>\n<td>\n<p align=\"center\">\u20ac2<\/p>\n<\/td>\n<td>\n<p align=\"center\">50<\/p>\n<\/td>\n<td>\n<p align=\"center\">\u20ac100<\/p>\n<\/td>\n<\/tr>\n<tr>\n<td>\n<p align=\"center\">\u20ac1<\/p>\n<\/td>\n<td>\n<p align=\"center\">50<\/p>\n<\/td>\n<td>\n<p align=\"center\">\u20ac50<\/p>\n<\/td>\n<\/tr>\n<tr>\n<td>\n<p align=\"center\">50 SENTTI\u00c4<\/p>\n<\/td>\n<td>\n<p align=\"center\">50<\/p>\n<\/td>\n<td>\n<p align=\"center\">\u20ac25<\/p>\n<\/td>\n<\/tr>\n<tr>\n<td>\n<p align=\"center\">20 SENTTI\u00c4<\/p>\n<\/td>\n<td>\n<p align=\"center\">55<\/p>\n<\/td>\n<td>\n<p align=\"center\">\u20ac11<\/p>\n<\/td>\n<\/tr>\n<tr>\n<td>\n<p align=\"center\">10 SENTTI\u00c4<\/p>\n<\/td>\n<td>\n<p align=\"center\">60<\/p>\n<\/td>\n<td>\n<p align=\"center\">\u20ac6<\/p>\n<\/td>\n<\/tr>\n<tr>\n<td>\n<p align=\"center\">5 SENTTI\u00c4<\/p>\n<\/td>\n<td>\n<p align=\"center\">70<\/p>\n<\/td>\n<td>\n<p align=\"center\">\u20ac3.5<\/p>\n<\/td>\n<\/tr>\n<tr>\n<td>\n<p align=\"center\">2 SENTTI\u00c4<\/p>\n<\/td>\n<td>\n<p align=\"center\">30<\/p>\n<\/td>\n<td>\n<p align=\"center\">\u20ac0.6<\/p>\n<\/td>\n<\/tr>\n<tr>\n<td>\n<p align=\"center\">1 SENTTI<\/p>\n<\/td>\n<td>\n<p align=\"center\">30<\/p>\n<\/td>\n<td>\n<p align=\"center\">\u20ac0.3<\/p>\n<\/td>\n<\/tr>\n<\/tbody>\n<\/table>","protected":false},"excerpt":{"rendered":"<p>Mitat: 31 cm x 14,5 cm Tilavuus EUROILLE: Nimellisarvo M\u00e4\u00e4r\u00e4 Summa 2 \u20ac 50 100 \u20ac 1 \u20ac 50 \u20ac 50 50 SENTTI\u00c4 50 25 \u20ac 20 SENTTI\u00c4 55 11 \u20ac 10 SENTTI\u00c4 60 \u20ac 6 5 SENTTI\u00c4 70 3,5 \u20ac 2 SENTTI\u00c4 30 \u20ac 0,6 \u20ac 1 SENTTI 30 \u20ac 0,3 \u20ac<\/p>","protected":false},"featured_media":593,"template":"","meta":[],"product_brand":[],"product_cat":[21],"product_tag":[],"class_list":{"0":"post-532","1":"product","2":"type-product","3":"status-publish","4":"has-post-thumbnail","6":"product_cat-coin-counter-series","8":"first","9":"instock","10":"shipping-taxable","11":"product-type-simple"},"_links":{"self":[{"href":"https:\/\/dongbo2008.com\/fi\/wp-json\/wp\/v2\/product\/532","targetHints":{"allow":["GET"]}}],"collection":[{"href":"https:\/\/dongbo2008.com\/fi\/wp-json\/wp\/v2\/product"}],"about":[{"href":"https:\/\/dongbo2008.com\/fi\/wp-json\/wp\/v2\/types\/product"}],"wp:featuredmedia":[{"embeddable":true,"href":"https:\/\/dongbo2008.com\/fi\/wp-json\/wp\/v2\/media\/593"}],"wp:attachment":[{"href":"https:\/\/dongbo2008.com\/fi\/wp-json\/wp\/v2\/media?parent=532"}],"wp:term":[{"taxonomy":"product_brand","embeddable":true,"href":"https:\/\/dongbo2008.com\/fi\/wp-json\/wp\/v2\/product_brand?post=532"},{"taxonomy":"product_cat","embeddable":true,"href":"https:\/\/dongbo2008.com\/fi\/wp-json\/wp\/v2\/product_cat?post=532"},{"taxonomy":"product_tag","embeddable":true,"href":"https:\/\/dongbo2008.com\/fi\/wp-json\/wp\/v2\/product_tag?post=532"}],"curies":[{"name":"wp","href":"https:\/\/api.w.org\/{rel}","templated":true}]}}