{"id":529,"date":"2023-09-30T01:50:11","date_gmt":"2023-09-30T01:50:11","guid":{"rendered":"https:\/\/dongbo2008.com\/?post_type=product&#038;p=529"},"modified":"2024-09-18T02:42:14","modified_gmt":"2024-09-18T02:42:14","slug":"db350","status":"publish","type":"product","link":"https:\/\/dongbo2008.com\/fi\/tuote\/db350\/","title":{"rendered":"DB350 \u2013 Luotettujen valmistajien korkealaatuiset kolikkolaskurit pankeille"},"content":{"rendered":"<p><img fetchpriority=\"high\" decoding=\"async\" class=\"alignnone size-full wp-image-530\" src=\"https:\/\/dongbo2008.com\/wp-content\/uploads\/2023\/09\/DB350-scaled.jpg\" alt=\"\" width=\"1171\" height=\"2560\" srcset=\"https:\/\/dongbo2008.com\/wp-content\/uploads\/2023\/09\/DB350-scaled.jpg 1171w, https:\/\/dongbo2008.com\/wp-content\/uploads\/2023\/09\/DB350-137x300.jpg 137w, https:\/\/dongbo2008.com\/wp-content\/uploads\/2023\/09\/DB350-468x1024.jpg 468w, https:\/\/dongbo2008.com\/wp-content\/uploads\/2023\/09\/DB350-768x1679.jpg 768w, https:\/\/dongbo2008.com\/wp-content\/uploads\/2023\/09\/DB350-703x1536.jpg 703w, https:\/\/dongbo2008.com\/wp-content\/uploads\/2023\/09\/DB350-937x2048.jpg 937w, https:\/\/dongbo2008.com\/wp-content\/uploads\/2023\/09\/DB350-600x1312.jpg 600w\" sizes=\"(max-width: 1171px) 100vw, 1171px\" \/><\/p>","protected":false},"excerpt":{"rendered":"<p>Minimoi jokap\u00e4iv\u00e4inen ty\u00f6m\u00e4\u00e4r\u00e4si hankkimalla t\u00e4m\u00e4 kolikkolaskuri pienyrityksellesi.<\/p>\n<p>Ymp\u00e4rist\u00f6n l\u00e4mp\u00f6tila: 0\u00b0C ~ 40\u00b0C<br \/>\nYmp\u00e4rist\u00f6n kosteus: 30 ~ 80%<br \/>\nSuppilon kapasiteetti: 300-500 kappaletta<br \/>\nVastaanottoaukon kapasiteetti: 80-150 kappaletta<br \/>\nLaskentanopeus: Jopa 330 kappaletta\/minuutti (MAX.)<br \/>\nEr\u00e4n esiasetuksen numeron\u00e4ytt\u00f6: 3-numeroinen LED<br \/>\nLaskentanumeron\u00e4ytt\u00f6: 4-numeroinen LED<br \/>\nVirtal\u00e4hde: AC220V\/50Hz, AC110V\/60Hz<br \/>\nVirrankulutus: 45 W (MAX.)<br \/>\nmitat: 355mm \u00d7 330mm \u00d7 266mm<br \/>\nNettopaino: 4,5 kg<\/p>","protected":false},"featured_media":531,"template":"","meta":[],"product_brand":[],"product_cat":[21],"product_tag":[],"class_list":{"0":"post-529","1":"product","2":"type-product","3":"status-publish","4":"has-post-thumbnail","6":"product_cat-coin-counter-series","8":"first","9":"instock","10":"shipping-taxable","11":"product-type-simple"},"_links":{"self":[{"href":"https:\/\/dongbo2008.com\/fi\/wp-json\/wp\/v2\/product\/529","targetHints":{"allow":["GET"]}}],"collection":[{"href":"https:\/\/dongbo2008.com\/fi\/wp-json\/wp\/v2\/product"}],"about":[{"href":"https:\/\/dongbo2008.com\/fi\/wp-json\/wp\/v2\/types\/product"}],"wp:featuredmedia":[{"embeddable":true,"href":"https:\/\/dongbo2008.com\/fi\/wp-json\/wp\/v2\/media\/531"}],"wp:attachment":[{"href":"https:\/\/dongbo2008.com\/fi\/wp-json\/wp\/v2\/media?parent=529"}],"wp:term":[{"taxonomy":"product_brand","embeddable":true,"href":"https:\/\/dongbo2008.com\/fi\/wp-json\/wp\/v2\/product_brand?post=529"},{"taxonomy":"product_cat","embeddable":true,"href":"https:\/\/dongbo2008.com\/fi\/wp-json\/wp\/v2\/product_cat?post=529"},{"taxonomy":"product_tag","embeddable":true,"href":"https:\/\/dongbo2008.com\/fi\/wp-json\/wp\/v2\/product_tag?post=529"}],"curies":[{"name":"wp","href":"https:\/\/api.w.org\/{rel}","templated":true}]}}