{"id":500,"date":"2023-09-30T01:10:10","date_gmt":"2023-09-30T01:10:10","guid":{"rendered":"https:\/\/dongbo2008.com\/?post_type=product&#038;p=500"},"modified":"2024-09-18T02:38:08","modified_gmt":"2024-09-18T02:38:08","slug":"db018","status":"publish","type":"product","link":"https:\/\/dongbo2008.com\/fi\/tuote\/db018\/","title":{"rendered":"DB018 \u2013 Suosituimmat v\u00e4\u00e4renn\u00f6sten tunnistimet jakelukanaville"},"content":{"rendered":"<p>Saatavilla kaikilla maailman valuutoilla<br \/>\nH-tyypin UV-putki seteleiden, henkil\u00f6korttien ja seteleiden tunnistamiseen<\/p>","protected":false},"excerpt":{"rendered":"<p>UV-putki: 2 kpl, 9W\/kpl<br \/>\nMitat: 280mmx110mmx130mm<br \/>\nNettopaino: 0,4 kg<br \/>\nVirtal\u00e4hde: AC110V tai 220V, 50\/60Hz<br \/>\nPakkaus: 12kpl\/ctn, 610mmx315mmx500mm<br \/>\nKokonaispaino: 12k.0kg<\/p>","protected":false},"featured_media":604,"template":"","meta":[],"product_brand":[],"product_cat":[20],"product_tag":[],"class_list":{"0":"post-500","1":"product","2":"type-product","3":"status-publish","4":"has-post-thumbnail","6":"product_cat-counterfeit-detector-series","8":"first","9":"instock","10":"shipping-taxable","11":"product-type-simple"},"_links":{"self":[{"href":"https:\/\/dongbo2008.com\/fi\/wp-json\/wp\/v2\/product\/500","targetHints":{"allow":["GET"]}}],"collection":[{"href":"https:\/\/dongbo2008.com\/fi\/wp-json\/wp\/v2\/product"}],"about":[{"href":"https:\/\/dongbo2008.com\/fi\/wp-json\/wp\/v2\/types\/product"}],"wp:featuredmedia":[{"embeddable":true,"href":"https:\/\/dongbo2008.com\/fi\/wp-json\/wp\/v2\/media\/604"}],"wp:attachment":[{"href":"https:\/\/dongbo2008.com\/fi\/wp-json\/wp\/v2\/media?parent=500"}],"wp:term":[{"taxonomy":"product_brand","embeddable":true,"href":"https:\/\/dongbo2008.com\/fi\/wp-json\/wp\/v2\/product_brand?post=500"},{"taxonomy":"product_cat","embeddable":true,"href":"https:\/\/dongbo2008.com\/fi\/wp-json\/wp\/v2\/product_cat?post=500"},{"taxonomy":"product_tag","embeddable":true,"href":"https:\/\/dongbo2008.com\/fi\/wp-json\/wp\/v2\/product_tag?post=500"}],"curies":[{"name":"wp","href":"https:\/\/api.w.org\/{rel}","templated":true}]}}