{"id":487,"date":"2023-09-30T01:08:27","date_gmt":"2023-09-30T01:08:27","guid":{"rendered":"https:\/\/dongbo2008.com\/?post_type=product&#038;p=487"},"modified":"2024-09-18T02:37:01","modified_gmt":"2024-09-18T02:37:01","slug":"db3000","status":"publish","type":"product","link":"https:\/\/dongbo2008.com\/fi\/tuote\/db3000\/","title":{"rendered":"DB3000 \u2013 Suositeltavat valuuttalaskurit tukkutason palveluntarjoajille"},"content":{"rendered":"<p><strong>Sy\u00f6tt\u00f6j\u00e4rjestelm\u00e4 Rullakitkaj\u00e4rjestelm\u00e4<\/strong><br \/>\nSaatavilla olevat valuutat Euro\u3001 USD ja paikallinen valuutta (enint\u00e4\u00e4n 5 valuuttaa)<br \/>\nLaskentatilat Automaattinen tai manuaalinen k\u00e4ynnistystila<br \/>\nJatkuva laskentatila<br \/>\nEr\u00e4laskentatila<br \/>\nVain laskentatila<br \/>\nArvonlaskentatila (sekoitettu, yksitt\u00e4inen, kasvot, suunta)<br \/>\nLajittele laskentatila<br \/>\nLaskentanopeus 1:800 seteli\u00e4\/minuutti<br \/>\nTaso 2: 1000 seteli\u00e4\/minuutti<br \/>\nTaso 3: 1200 seteli\u00e4\/minuutti (lasketaan vain v\u00e4\u00e4renn\u00f6sten havaitsemisen kanssa)<br \/>\nTaso 4: 1500 seteli\u00e4\/minuutti (vain lasketaan)<br \/>\nV\u00e4\u00e4renn\u00f6sten tunnistus UV,MG (valinnainen), MT (lis\u00e4varuste), IR (valinnainen)<br \/>\nValuutan tunnistus 4 suuntaa<br \/>\nN\u00e4ytt\u00f6tyyppi Graafinen LCD sinisell\u00e4 taustavalolla<br \/>\nSuppilon kapasiteetti Jopa 500 seteli\u00e4<br \/>\nPinoamiskapasiteetti Jopa 200 seteli\u00e4<br \/>\nHylk\u00e4\u00e4 taskun kapasiteetti Jopa 100 seteli\u00e4 (oletus: 50 seteli\u00e4)<br \/>\nLaskettavan setelin koko 40 \u00d7 90 ~ 100 \u00d7 175 (mm)<br \/>\nPaksuus 0,05-0,15 (mm)<br \/>\nOhjelmistop\u00e4ivitys PC:lle RS232-sarjaportin kautta<br \/>\nVirtal\u00e4hde? AC 100-240 volttia, 50\/60HZ<br \/>\nVirrankulutus &lt;100 wattia<br \/>\nMitat P\u00d7L\u00d7K: 340mm\u00d7310mm\u00d7295mm<br \/>\nNettopaino: 11KG; Brutto: 12kg<br \/>\nMuut toiminnot Itsediagnostiikkaj\u00e4rjestelm\u00e4, tulostus, muistin varmuuskopiointi<br \/>\nPalauta oletus, kauko-LED-n\u00e4ytt\u00f6<\/p>\n<p><img fetchpriority=\"high\" decoding=\"async\" class=\"alignnone size-full wp-image-488\" src=\"https:\/\/dongbo2008.com\/wp-content\/uploads\/2023\/09\/db3000.jpg\" alt=\"\" width=\"960\" height=\"1407\" srcset=\"https:\/\/dongbo2008.com\/wp-content\/uploads\/2023\/09\/db3000.jpg 960w, https:\/\/dongbo2008.com\/wp-content\/uploads\/2023\/09\/db3000-205x300.jpg 205w, https:\/\/dongbo2008.com\/wp-content\/uploads\/2023\/09\/db3000-699x1024.jpg 699w, https:\/\/dongbo2008.com\/wp-content\/uploads\/2023\/09\/db3000-768x1126.jpg 768w, https:\/\/dongbo2008.com\/wp-content\/uploads\/2023\/09\/db3000-600x879.jpg 600w\" sizes=\"(max-width: 960px) 100vw, 960px\" \/><\/p>","protected":false},"excerpt":{"rendered":"<p>Raskas setelilaskuri ja lajittelulaite<\/p>\n<p>Sy\u00f6tt\u00f6j\u00e4rjestelm\u00e4: Rullakitkaj\u00e4rjestelm\u00e4<br \/>\nSuppilon kapasiteetti: 500 kpl<br \/>\nReject Pocket Kapasiteetti: 100 kappaletta<br \/>\nPinoamiskapasiteetti: 200 kpl<br \/>\nLaskettavan muistiinpanon koko: 50 \u00d7 90 ~ 110 \u00d7 175 (mm)<br \/>\nLaskettavan huomautuksen paksuus: 0,05 ~ 0,15 (mm)<br \/>\nLaskunopeus: 600\/1000\/1200\/1500 kappaletta\/minuutti<br \/>\nSaatavilla olevat valuutat: Euro, USD, RMB ja paikallinen valuutta (enint\u00e4\u00e4n 5 valuuttaa)<br \/>\nN\u00e4ytt\u00f6tyyppi: Graafinen LCD (128*64 pistett\u00e4)<br \/>\nKaukos\u00e4\u00e4timen n\u00e4ytt\u00f6: 6 numeroa LED-et\u00e4n\u00e4yt\u00f6ss\u00e4 (valinnainen)<br \/>\nOhjelmistop\u00e4ivitys: PC:lle RS232-sarjaportin kautta<br \/>\nVirtal\u00e4hde: AC100 ~ 240 volttia, 50\/60 Hz<br \/>\nSulakkeen koko: 3A<br \/>\nVirrankulutus: Max. 100 wattia<br \/>\nmitat: 340mm \u00d7 310mm \u00d7 295mm<br \/>\nNettopaino: 11,0 kg<br \/>\nYmp\u00e4rist\u00f6n l\u00e4mp\u00f6tila: 0\u00b0C ~ 40\u00b0C<br \/>\nSuhteellinen kosteus: 30 ~ 80%<\/p>","protected":false},"featured_media":489,"template":"","meta":[],"product_brand":[],"product_cat":[18],"product_tag":[],"class_list":{"0":"post-487","1":"product","2":"type-product","3":"status-publish","4":"has-post-thumbnail","6":"product_cat-currency-counter-series","8":"first","9":"instock","10":"shipping-taxable","11":"product-type-simple"},"_links":{"self":[{"href":"https:\/\/dongbo2008.com\/fi\/wp-json\/wp\/v2\/product\/487","targetHints":{"allow":["GET"]}}],"collection":[{"href":"https:\/\/dongbo2008.com\/fi\/wp-json\/wp\/v2\/product"}],"about":[{"href":"https:\/\/dongbo2008.com\/fi\/wp-json\/wp\/v2\/types\/product"}],"wp:featuredmedia":[{"embeddable":true,"href":"https:\/\/dongbo2008.com\/fi\/wp-json\/wp\/v2\/media\/489"}],"wp:attachment":[{"href":"https:\/\/dongbo2008.com\/fi\/wp-json\/wp\/v2\/media?parent=487"}],"wp:term":[{"taxonomy":"product_brand","embeddable":true,"href":"https:\/\/dongbo2008.com\/fi\/wp-json\/wp\/v2\/product_brand?post=487"},{"taxonomy":"product_cat","embeddable":true,"href":"https:\/\/dongbo2008.com\/fi\/wp-json\/wp\/v2\/product_cat?post=487"},{"taxonomy":"product_tag","embeddable":true,"href":"https:\/\/dongbo2008.com\/fi\/wp-json\/wp\/v2\/product_tag?post=487"}],"curies":[{"name":"wp","href":"https:\/\/api.w.org\/{rel}","templated":true}]}}