{"id":475,"date":"2023-09-30T01:01:03","date_gmt":"2023-09-30T01:01:03","guid":{"rendered":"https:\/\/dongbo2008.com\/?post_type=product&#038;p=475"},"modified":"2024-09-18T02:33:33","modified_gmt":"2024-09-18T02:33:33","slug":"db010","status":"publish","type":"product","link":"https:\/\/dongbo2008.com\/fi\/tuote\/db010\/","title":{"rendered":"DB010 \u2013 Laadukkaat v\u00e4\u00e4renn\u00f6sten tunnistimet j\u00e4lleenmyyjille"},"content":{"rendered":"<p>Saatavilla seteleit\u00e4, laskuja, shekkej\u00e4, seteleit\u00e4 ja muita esineit\u00e4 varten kaikkialla maailmassa<br \/>\nV\u00e4\u00e4renn\u00f6sten tunnistus: UV, MG ja vesileima<br \/>\nV\u00e4\u00e4renn\u00f6sten tunnistus UV ja valkoinen viiva seteleiden fluoresoivan valon ja vesileiman tarkistamiseksi<br \/>\nVian itsediagnostiikka ja vikailmoitus<\/p>","protected":false},"excerpt":{"rendered":"<p>UV-putki: 1 kpl, 4W<br \/>\nValkoinen valoputki: 1 kpl, 4W<br \/>\nMitat: 235mmx130mmx125mm<br \/>\nNettopaino: 1,2 kg<br \/>\nVirtal\u00e4hde: AC110V tai 220V, 50\/60Hz<br \/>\nPakkaus: 20kpl\/ctn, 490mmx390mmx385mm<br \/>\nKokonaispaino: 13 kg<\/p>","protected":false},"featured_media":601,"template":"","meta":[],"product_brand":[],"product_cat":[20],"product_tag":[],"class_list":{"0":"post-475","1":"product","2":"type-product","3":"status-publish","4":"has-post-thumbnail","6":"product_cat-counterfeit-detector-series","8":"first","9":"instock","10":"shipping-taxable","11":"product-type-simple"},"_links":{"self":[{"href":"https:\/\/dongbo2008.com\/fi\/wp-json\/wp\/v2\/product\/475","targetHints":{"allow":["GET"]}}],"collection":[{"href":"https:\/\/dongbo2008.com\/fi\/wp-json\/wp\/v2\/product"}],"about":[{"href":"https:\/\/dongbo2008.com\/fi\/wp-json\/wp\/v2\/types\/product"}],"wp:featuredmedia":[{"embeddable":true,"href":"https:\/\/dongbo2008.com\/fi\/wp-json\/wp\/v2\/media\/601"}],"wp:attachment":[{"href":"https:\/\/dongbo2008.com\/fi\/wp-json\/wp\/v2\/media?parent=475"}],"wp:term":[{"taxonomy":"product_brand","embeddable":true,"href":"https:\/\/dongbo2008.com\/fi\/wp-json\/wp\/v2\/product_brand?post=475"},{"taxonomy":"product_cat","embeddable":true,"href":"https:\/\/dongbo2008.com\/fi\/wp-json\/wp\/v2\/product_cat?post=475"},{"taxonomy":"product_tag","embeddable":true,"href":"https:\/\/dongbo2008.com\/fi\/wp-json\/wp\/v2\/product_tag?post=475"}],"curies":[{"name":"wp","href":"https:\/\/api.w.org\/{rel}","templated":true}]}}