{"id":472,"date":"2023-09-30T00:59:56","date_gmt":"2023-09-30T00:59:56","guid":{"rendered":"https:\/\/dongbo2008.com\/?post_type=product&#038;p=472"},"modified":"2024-09-18T02:33:05","modified_gmt":"2024-09-18T02:33:05","slug":"db10","status":"publish","type":"product","link":"https:\/\/dongbo2008.com\/fi\/tuote\/db10\/","title":{"rendered":"DB10 \u2013 2024 v\u00e4\u00e4renn\u00f6sten ilmaisimet: Ihanteellinen jakelijoille"},"content":{"rendered":"<p>Se on pienin automaattinen ja kannettava ilmaisin kaikkialla maailmassa. Kompaktin rakenteen ansiosta se on helppo kuljettaa mukana ilman taakkaa. Voit k\u00e4ytt\u00e4\u00e4 laitetta ty\u00f6p\u00f6yt\u00e4tunnistimena. Voit my\u00f6s kantaa konetta vy\u00f6t\u00e4r\u00f6nauhassa. Voit my\u00f6s ripustaa koneen olkap\u00e4\u00e4lle.<\/p>\n<p><img fetchpriority=\"high\" decoding=\"async\" class=\"alignnone size-full wp-image-473\" src=\"https:\/\/dongbo2008.com\/wp-content\/uploads\/2023\/09\/DB10-01.jpg\" alt=\"\" width=\"960\" height=\"2042\" srcset=\"https:\/\/dongbo2008.com\/wp-content\/uploads\/2023\/09\/DB10-01.jpg 960w, https:\/\/dongbo2008.com\/wp-content\/uploads\/2023\/09\/DB10-01-141x300.jpg 141w, https:\/\/dongbo2008.com\/wp-content\/uploads\/2023\/09\/DB10-01-481x1024.jpg 481w, https:\/\/dongbo2008.com\/wp-content\/uploads\/2023\/09\/DB10-01-768x1634.jpg 768w, https:\/\/dongbo2008.com\/wp-content\/uploads\/2023\/09\/DB10-01-722x1536.jpg 722w, https:\/\/dongbo2008.com\/wp-content\/uploads\/2023\/09\/DB10-01-600x1276.jpg 600w\" sizes=\"(max-width: 960px) 100vw, 960px\" \/><\/p>","protected":false},"excerpt":{"rendered":"<p>\u25cf Testiominaisuudet: infrapuna, 2D-koon tunnistus, paperin l\u00e4pin\u00e4kyvyys<br \/>\n\u25cf AC-sy\u00f6tt\u00f6j\u00e4nnite: AC100V ~ 240V 50\/60Hz<br \/>\n\u25cf DC-sy\u00f6tt\u00f6j\u00e4nnite: DC 9V\/1A<br \/>\n\u25cf Akku: Ladattava litiumakku 7,4V\/650mAH<br \/>\n\u25cf Latausaika: Noin 5 tuntia<br \/>\n\u25cf Arvioitu k\u00e4ytt\u00f6aika: 3 tuntia (jatkuva huolto)<br \/>\n\u25cf Virrankulutus: &lt;10 W<br \/>\n\u25cf Nopeus: &lt;0,5 sekuntia\/arkki<br \/>\n\u25cf Paino: 0,34 kg<br \/>\n\u25cf K\u00e4ytt\u00f6l\u00e4mp\u00f6tila: 0 ~ 45 \u2103<br \/>\n\u25cf Varastointil\u00e4mp\u00f6tila: -10 ~ 65 \u2103<br \/>\n\u25cf Mitat: 124*100*69 M<\/p>\n<p>Pakkaustiedot:<br \/>\n16 kpl \/ CTN, 11,4 kg \/ CTN, 53,7 * 35,7 * 42 cm \/ CTN<\/p>","protected":false},"featured_media":600,"template":"","meta":[],"product_brand":[],"product_cat":[20],"product_tag":[],"class_list":{"0":"post-472","1":"product","2":"type-product","3":"status-publish","4":"has-post-thumbnail","6":"product_cat-counterfeit-detector-series","8":"first","9":"instock","10":"shipping-taxable","11":"product-type-simple"},"_links":{"self":[{"href":"https:\/\/dongbo2008.com\/fi\/wp-json\/wp\/v2\/product\/472","targetHints":{"allow":["GET"]}}],"collection":[{"href":"https:\/\/dongbo2008.com\/fi\/wp-json\/wp\/v2\/product"}],"about":[{"href":"https:\/\/dongbo2008.com\/fi\/wp-json\/wp\/v2\/types\/product"}],"wp:featuredmedia":[{"embeddable":true,"href":"https:\/\/dongbo2008.com\/fi\/wp-json\/wp\/v2\/media\/600"}],"wp:attachment":[{"href":"https:\/\/dongbo2008.com\/fi\/wp-json\/wp\/v2\/media?parent=472"}],"wp:term":[{"taxonomy":"product_brand","embeddable":true,"href":"https:\/\/dongbo2008.com\/fi\/wp-json\/wp\/v2\/product_brand?post=472"},{"taxonomy":"product_cat","embeddable":true,"href":"https:\/\/dongbo2008.com\/fi\/wp-json\/wp\/v2\/product_cat?post=472"},{"taxonomy":"product_tag","embeddable":true,"href":"https:\/\/dongbo2008.com\/fi\/wp-json\/wp\/v2\/product_tag?post=472"}],"curies":[{"name":"wp","href":"https:\/\/api.w.org\/{rel}","templated":true}]}}