{"id":470,"date":"2023-09-30T00:58:29","date_gmt":"2023-09-30T00:58:29","guid":{"rendered":"https:\/\/dongbo2008.com\/?post_type=product&#038;p=470"},"modified":"2024-09-18T02:32:23","modified_gmt":"2024-09-18T02:32:23","slug":"db30","status":"publish","type":"product","link":"https:\/\/dongbo2008.com\/fi\/tuote\/db30\/","title":{"rendered":"DB30 \u2013 Parhaat v\u00e4\u00e4renn\u00f6stentunnistimet j\u00e4lleenmyyjille ja j\u00e4lleenmyyjille"},"content":{"rendered":"<p>Taskulamppujen suunnittelu tunnistaa v\u00e4\u00e4rennetyt rahat ultraviolettis\u00e4teilylampun ja magnitismin avulla.<\/p>","protected":false},"excerpt":{"rendered":"<p>J\u00e4nnite: Miniakku<br \/>\nMitat: 140mm \u00d7 88mm \u00d7 30mm<br \/>\nPakkaus: 30kpl\/ctn, 470mm \u00d7 340mm \u00d7 460mm<br \/>\nKokonaispaino: 11 kg<br \/>\nMOQ: 1000 kappaletta<\/p>","protected":false},"featured_media":471,"template":"","meta":[],"product_brand":[],"product_cat":[20],"product_tag":[],"class_list":{"0":"post-470","1":"product","2":"type-product","3":"status-publish","4":"has-post-thumbnail","6":"product_cat-counterfeit-detector-series","8":"first","9":"instock","10":"shipping-taxable","11":"product-type-simple"},"_links":{"self":[{"href":"https:\/\/dongbo2008.com\/fi\/wp-json\/wp\/v2\/product\/470","targetHints":{"allow":["GET"]}}],"collection":[{"href":"https:\/\/dongbo2008.com\/fi\/wp-json\/wp\/v2\/product"}],"about":[{"href":"https:\/\/dongbo2008.com\/fi\/wp-json\/wp\/v2\/types\/product"}],"wp:featuredmedia":[{"embeddable":true,"href":"https:\/\/dongbo2008.com\/fi\/wp-json\/wp\/v2\/media\/471"}],"wp:attachment":[{"href":"https:\/\/dongbo2008.com\/fi\/wp-json\/wp\/v2\/media?parent=470"}],"wp:term":[{"taxonomy":"product_brand","embeddable":true,"href":"https:\/\/dongbo2008.com\/fi\/wp-json\/wp\/v2\/product_brand?post=470"},{"taxonomy":"product_cat","embeddable":true,"href":"https:\/\/dongbo2008.com\/fi\/wp-json\/wp\/v2\/product_cat?post=470"},{"taxonomy":"product_tag","embeddable":true,"href":"https:\/\/dongbo2008.com\/fi\/wp-json\/wp\/v2\/product_tag?post=470"}],"curies":[{"name":"wp","href":"https:\/\/api.w.org\/{rel}","templated":true}]}}