{"id":460,"date":"2023-09-30T01:46:25","date_gmt":"2023-09-30T01:46:25","guid":{"rendered":"https:\/\/dongbo2008.com\/?post_type=product&#038;p=460"},"modified":"2024-09-18T02:41:02","modified_gmt":"2024-09-18T02:41:02","slug":"db323","status":"publish","type":"product","link":"https:\/\/dongbo2008.com\/fi\/tuote\/db323\/","title":{"rendered":"DB323 \u2013 Suosituimmat v\u00e4\u00e4renn\u00f6sten tunnistimet tukkumyyntiin ja jakeluun"},"content":{"rendered":"<p><img fetchpriority=\"high\" decoding=\"async\" class=\"alignnone size-full wp-image-461\" src=\"https:\/\/dongbo2008.com\/wp-content\/uploads\/2023\/09\/DB323.jpg\" alt=\"\" width=\"2480\" height=\"2129\" srcset=\"https:\/\/dongbo2008.com\/wp-content\/uploads\/2023\/09\/DB323.jpg 2480w, https:\/\/dongbo2008.com\/wp-content\/uploads\/2023\/09\/DB323-300x258.jpg 300w, https:\/\/dongbo2008.com\/wp-content\/uploads\/2023\/09\/DB323-1024x879.jpg 1024w, https:\/\/dongbo2008.com\/wp-content\/uploads\/2023\/09\/DB323-768x659.jpg 768w, https:\/\/dongbo2008.com\/wp-content\/uploads\/2023\/09\/DB323-1536x1319.jpg 1536w, https:\/\/dongbo2008.com\/wp-content\/uploads\/2023\/09\/DB323-2048x1758.jpg 2048w, https:\/\/dongbo2008.com\/wp-content\/uploads\/2023\/09\/DB323-600x515.jpg 600w\" sizes=\"(max-width: 2480px) 100vw, 2480px\" \/><\/p>","protected":false},"excerpt":{"rendered":"<p>Saatavilla olevat valuutat: Jopa 6 eri valuuttaa, EURO, USD ja muut<br \/>\nLis\u00e4yssuunta: yksi suunta<br \/>\nTunnistusnopeus: &lt;0,5 sekuntia\/kpl<br \/>\nN\u00e4yt\u00f6n tyyppi: LED<br \/>\nV\u00e4\u00e4renn\u00f6sten tunnistus: IR, MG, vesileima<br \/>\nPoistosuunta: Taka tai edest\u00e4<br \/>\nLiit\u00e4nt\u00e4liit\u00e4nt\u00e4: RJ11 (liit\u00e4 tietokoneeseen Discriminatorin p\u00e4ivitt\u00e4miseksi)<br \/>\nVirtal\u00e4hde: Adapteri, tulo: AC100V~240V, 50\/60Hz; L\u00e4ht\u00f6 DC12V, 1A<br \/>\nAkku (valinnainen): Ladattava litiumioni 12V, 700mAH (tunnistaa noin 2500 kappaletta)<br \/>\nVirrankulutus: Valmiustila, &lt;1W; Toiminta: &lt; 10W<br \/>\nYmp\u00e4rist\u00f6n l\u00e4mp\u00f6tila: 0\u00b0C ~ 40\u00b0C<br \/>\nSuhteellinen kosteus: 30% ~ 80%<br \/>\nMitat: 200mmx115mmx76mm<br \/>\nNettopaino: 0,6 kg<br \/>\nPakkaus: 12kpl\/ctn, 540mmx385mmx315mm<br \/>\nKokonaispaino: 12 kg<\/p>","protected":false},"featured_media":462,"template":"","meta":[],"product_brand":[],"product_cat":[20],"product_tag":[],"class_list":{"0":"post-460","1":"product","2":"type-product","3":"status-publish","4":"has-post-thumbnail","6":"product_cat-counterfeit-detector-series","8":"first","9":"instock","10":"shipping-taxable","11":"product-type-simple"},"_links":{"self":[{"href":"https:\/\/dongbo2008.com\/fi\/wp-json\/wp\/v2\/product\/460","targetHints":{"allow":["GET"]}}],"collection":[{"href":"https:\/\/dongbo2008.com\/fi\/wp-json\/wp\/v2\/product"}],"about":[{"href":"https:\/\/dongbo2008.com\/fi\/wp-json\/wp\/v2\/types\/product"}],"wp:featuredmedia":[{"embeddable":true,"href":"https:\/\/dongbo2008.com\/fi\/wp-json\/wp\/v2\/media\/462"}],"wp:attachment":[{"href":"https:\/\/dongbo2008.com\/fi\/wp-json\/wp\/v2\/media?parent=460"}],"wp:term":[{"taxonomy":"product_brand","embeddable":true,"href":"https:\/\/dongbo2008.com\/fi\/wp-json\/wp\/v2\/product_brand?post=460"},{"taxonomy":"product_cat","embeddable":true,"href":"https:\/\/dongbo2008.com\/fi\/wp-json\/wp\/v2\/product_cat?post=460"},{"taxonomy":"product_tag","embeddable":true,"href":"https:\/\/dongbo2008.com\/fi\/wp-json\/wp\/v2\/product_tag?post=460"}],"curies":[{"name":"wp","href":"https:\/\/api.w.org\/{rel}","templated":true}]}}