{"id":446,"date":"2023-09-30T00:51:03","date_gmt":"2023-09-30T00:51:03","guid":{"rendered":"https:\/\/dongbo2008.com\/?post_type=product&#038;p=446"},"modified":"2024-09-18T02:30:30","modified_gmt":"2024-09-18T02:30:30","slug":"db360sl","status":"publish","type":"product","link":"https:\/\/dongbo2008.com\/fi\/tuote\/db360sl\/","title":{"rendered":"DB360SL \u2013 Valmistajien parhaat kolikkolaskurit pankeille ja agenteille"},"content":{"rendered":"<p><iframe title=\"YouTube-videosoitin\" src=\"https:\/\/www.youtube.com\/embed\/8EGBVlSBnwg?si=G7uSBrVwH1BroK7w\" width=\"100%\" height=\"500\" frameborder=\"0\" allowfullscreen=\"allowfullscreen\"><span data-mce-type=\"bookmark\" style=\"display: inline-block; width: 0px; overflow: hidden; line-height: 0;\" class=\"mce_SELRES_start\"><\/span><\/iframe><\/p>\n<p><img fetchpriority=\"high\" decoding=\"async\" class=\"alignnone size-full wp-image-447\" src=\"https:\/\/dongbo2008.com\/wp-content\/uploads\/2023\/09\/DB360SL-scaled.jpg\" alt=\"\" width=\"1905\" height=\"2560\" srcset=\"https:\/\/dongbo2008.com\/wp-content\/uploads\/2023\/09\/DB360SL-scaled.jpg 1905w, https:\/\/dongbo2008.com\/wp-content\/uploads\/2023\/09\/DB360SL-223x300.jpg 223w, https:\/\/dongbo2008.com\/wp-content\/uploads\/2023\/09\/DB360SL-762x1024.jpg 762w, https:\/\/dongbo2008.com\/wp-content\/uploads\/2023\/09\/DB360SL-768x1032.jpg 768w, https:\/\/dongbo2008.com\/wp-content\/uploads\/2023\/09\/DB360SL-1143x1536.jpg 1143w, https:\/\/dongbo2008.com\/wp-content\/uploads\/2023\/09\/DB360SL-1524x2048.jpg 1524w, https:\/\/dongbo2008.com\/wp-content\/uploads\/2023\/09\/DB360SL-600x806.jpg 600w\" sizes=\"(max-width: 1905px) 100vw, 1905px\" \/><\/p>","protected":false},"excerpt":{"rendered":"<p>Ymp\u00e4rist\u00f6n l\u00e4mp\u00f6tila: 0\u00b0C ~ 40\u00b0C<br \/>\nYmp\u00e4rist\u00f6n kosteus: 30 ~ 80%<br \/>\nSuppilon kapasiteetti: 300-500 kappaletta<br \/>\nKolikkokupin vastaanottokapasiteetti: 80-150 kappaletta<br \/>\nLaskentanopeus: Jopa 330 kappaletta\/minuutti (MAX.)<br \/>\nEr\u00e4n esiasetusnumeron n\u00e4ytt\u00f6: 3-numeroinen LCD-n\u00e4ytt\u00f6<br \/>\nLaskentanumeron\u00e4ytt\u00f6: 4-numeroinen LCD-n\u00e4ytt\u00f6<br \/>\nTulostinportti: RS232-sarjaportti l\u00e4mp\u00f6tulostimelle<br \/>\nVirtal\u00e4hde: AC220V\/50Hz tai AC110V\/60Hz<br \/>\nVirrankulutus: 45 W (MAX.)<br \/>\nmitat: 355mm \u00d7 330mm \u00d7 266mm<br \/>\nNettopaino: 4,5 kg<\/p>","protected":false},"featured_media":448,"template":"","meta":[],"product_brand":[],"product_cat":[21],"product_tag":[],"class_list":{"0":"post-446","1":"product","2":"type-product","3":"status-publish","4":"has-post-thumbnail","6":"product_cat-coin-counter-series","8":"first","9":"instock","10":"shipping-taxable","11":"product-type-simple"},"_links":{"self":[{"href":"https:\/\/dongbo2008.com\/fi\/wp-json\/wp\/v2\/product\/446","targetHints":{"allow":["GET"]}}],"collection":[{"href":"https:\/\/dongbo2008.com\/fi\/wp-json\/wp\/v2\/product"}],"about":[{"href":"https:\/\/dongbo2008.com\/fi\/wp-json\/wp\/v2\/types\/product"}],"wp:featuredmedia":[{"embeddable":true,"href":"https:\/\/dongbo2008.com\/fi\/wp-json\/wp\/v2\/media\/448"}],"wp:attachment":[{"href":"https:\/\/dongbo2008.com\/fi\/wp-json\/wp\/v2\/media?parent=446"}],"wp:term":[{"taxonomy":"product_brand","embeddable":true,"href":"https:\/\/dongbo2008.com\/fi\/wp-json\/wp\/v2\/product_brand?post=446"},{"taxonomy":"product_cat","embeddable":true,"href":"https:\/\/dongbo2008.com\/fi\/wp-json\/wp\/v2\/product_cat?post=446"},{"taxonomy":"product_tag","embeddable":true,"href":"https:\/\/dongbo2008.com\/fi\/wp-json\/wp\/v2\/product_tag?post=446"}],"curies":[{"name":"wp","href":"https:\/\/api.w.org\/{rel}","templated":true}]}}