{"id":429,"date":"2023-09-28T03:15:15","date_gmt":"2023-09-28T03:15:15","guid":{"rendered":"https:\/\/dongbo2008.com\/?post_type=product&#038;p=429"},"modified":"2024-09-18T02:27:23","modified_gmt":"2024-09-18T02:27:23","slug":"db310a","status":"publish","type":"product","link":"https:\/\/dongbo2008.com\/fi\/tuote\/db310a\/","title":{"rendered":"DB310A \u2013 Edulliset shekkikirjoittajat kiinalaisilta huippuvalmistajilta"},"content":{"rendered":"<p><strong>VAIN KOTIMAARJOILLE<\/strong><\/p>\n<p>N\u00e4pp\u00e4imist\u00f6n toiminta, nopea ja tarkka k\u00e4ytt\u00f6<br \/>\n14-numeroinen LCD-n\u00e4ytt\u00f6, selke\u00e4 ja helppo tarkistaa numero<br \/>\nKirkkaat kohokuviot ja erityinen muste suojaavat muutoksilta tai v\u00e4\u00e4rent\u00e4miselt\u00e4<br \/>\nMy\u00f6nnettyjen shekkien m\u00e4\u00e4r\u00e4 ja kokonaissumma tallennetaan automaattisesti<br \/>\nSama m\u00e4\u00e4r\u00e4 voidaan tulostaa toistuvasti, toista sy\u00f6tt\u00f6\u00e4 ei tarvita<br \/>\nKirjoituskohta on vapaa s\u00e4\u00e4t\u00e4m\u00e4ll\u00e4 sekki\u00e4<br \/>\n&quot;Askelpalautin&quot;-n\u00e4pp\u00e4in muuttaa v\u00e4\u00e4rin sy\u00f6tettyj\u00e4 lukuja<br \/>\nVoidaan k\u00e4ytt\u00e4\u00e4 laskimena. Laskelma voidaan tulostaa heti<\/p>","protected":false},"excerpt":{"rendered":"<p>Koskee vain kotimaan markkinoita Tarkista tulostin<\/p>\n<div>Mitat: 245mmx185mmx105mm<br \/>\nNettopaino: 2,2 kg<br \/>\nPakkaus: 4 kpl\/laatikko<br \/>\nPakkauksen koko: 520mmx300mmx345mm<br \/>\nKokonaispaino: 11,2 kg<br \/>\nVirtal\u00e4hde: AC110V, 60Hz tai AC220V, 50Hz<br \/>\nTehonkulutus: 20W ty\u00f6n aikana<\/div>","protected":false},"featured_media":431,"template":"","meta":[],"product_brand":[],"product_cat":[19],"product_tag":[],"class_list":{"0":"post-429","1":"product","2":"type-product","3":"status-publish","4":"has-post-thumbnail","6":"product_cat-check-writer-series","8":"first","9":"instock","10":"shipping-taxable","11":"product-type-simple"},"_links":{"self":[{"href":"https:\/\/dongbo2008.com\/fi\/wp-json\/wp\/v2\/product\/429","targetHints":{"allow":["GET"]}}],"collection":[{"href":"https:\/\/dongbo2008.com\/fi\/wp-json\/wp\/v2\/product"}],"about":[{"href":"https:\/\/dongbo2008.com\/fi\/wp-json\/wp\/v2\/types\/product"}],"wp:featuredmedia":[{"embeddable":true,"href":"https:\/\/dongbo2008.com\/fi\/wp-json\/wp\/v2\/media\/431"}],"wp:attachment":[{"href":"https:\/\/dongbo2008.com\/fi\/wp-json\/wp\/v2\/media?parent=429"}],"wp:term":[{"taxonomy":"product_brand","embeddable":true,"href":"https:\/\/dongbo2008.com\/fi\/wp-json\/wp\/v2\/product_brand?post=429"},{"taxonomy":"product_cat","embeddable":true,"href":"https:\/\/dongbo2008.com\/fi\/wp-json\/wp\/v2\/product_cat?post=429"},{"taxonomy":"product_tag","embeddable":true,"href":"https:\/\/dongbo2008.com\/fi\/wp-json\/wp\/v2\/product_tag?post=429"}],"curies":[{"name":"wp","href":"https:\/\/api.w.org\/{rel}","templated":true}]}}