{"id":423,"date":"2023-09-28T03:11:30","date_gmt":"2023-09-28T03:11:30","guid":{"rendered":"https:\/\/dongbo2008.com\/?post_type=product&#038;p=423"},"modified":"2024-09-18T02:26:35","modified_gmt":"2024-09-18T02:26:35","slug":"db150","status":"publish","type":"product","link":"https:\/\/dongbo2008.com\/fi\/tuote\/db150\/","title":{"rendered":"DB150 \u2013 Valuuttalaskurisarja: Ihanteellinen valmistustukkukauppiaille"},"content":{"rendered":"<p><strong>VALITSE KIINNOSTUSSI NYT<\/strong><\/p>\n<table border=\"1\" cellspacing=\"0\" cellpadding=\"1\">\n<tbody>\n<tr>\n<td><strong>MALLI<\/strong><\/td>\n<td><strong>VALINNAISET TOIMINNOT<\/strong><\/td>\n<\/tr>\n<tr>\n<td>DB150<\/td>\n<td>Perusmalli, perustoiminnot<\/td>\n<\/tr>\n<tr>\n<td>DB150 UV<\/td>\n<td>UV-tunnistus<\/td>\n<\/tr>\n<tr>\n<td>DB150 MG<\/td>\n<td>MG-tunnistus<\/td>\n<\/tr>\n<tr>\n<td>DB150 UV MG<\/td>\n<td>UV MG -tunnistus<\/td>\n<\/tr>\n<\/tbody>\n<\/table>\n<p><img fetchpriority=\"high\" decoding=\"async\" class=\"alignnone size-full wp-image-424\" src=\"https:\/\/dongbo2008.com\/wp-content\/uploads\/2023\/09\/DB150.jpg\" alt=\"\" width=\"960\" height=\"1479\" srcset=\"https:\/\/dongbo2008.com\/wp-content\/uploads\/2023\/09\/DB150.jpg 960w, https:\/\/dongbo2008.com\/wp-content\/uploads\/2023\/09\/DB150-195x300.jpg 195w, https:\/\/dongbo2008.com\/wp-content\/uploads\/2023\/09\/DB150-665x1024.jpg 665w, https:\/\/dongbo2008.com\/wp-content\/uploads\/2023\/09\/DB150-768x1183.jpg 768w, https:\/\/dongbo2008.com\/wp-content\/uploads\/2023\/09\/DB150-600x924.jpg 600w\" sizes=\"(max-width: 960px) 100vw, 960px\" \/><\/p>","protected":false},"excerpt":{"rendered":"<p>Sana aloittaa, uusi k\u00e4sitys, uusi muotoilu.<\/p>\n<p>Ymp\u00e4rist\u00f6n l\u00e4mp\u00f6tila: 0\u00b0C ~ 40\u00b0C<br \/>\nYmp\u00e4rist\u00f6n kosteus: 30 ~ 80%<br \/>\nSy\u00f6tt\u00f6j\u00e4rjestelm\u00e4: Rullakitkaj\u00e4rjestelm\u00e4<br \/>\nSuppilon kapasiteetti: 200 kpl<br \/>\nPinoamiskapasiteetti: 200 kpl<br \/>\nLaskunopeus: 1000 kappaletta\/minuutti<br \/>\nLaskettavan muistiinpanon koko: 50 \u00d7 100 ~ 100 \u00d7 175 (mm)<br \/>\nLaskettavan huomautuksen paksuus: 0,06 ~ 0,12 (mm)<br \/>\nEr\u00e4n esiasetuksen numeron\u00e4ytt\u00f6: 3-numeroinen LED<br \/>\nLaskentalukun\u00e4ytt\u00f6: 4-numeroinen LED<br \/>\nVirtal\u00e4hde: AC220V\/50Hz tai AC110V\/60Hz<br \/>\nVirrankulutus: &lt;70W<br \/>\nmitat: 289mmx252mmx190mm<br \/>\nNettopaino: 8,0 kg<br \/>\nKorkeustunnistuksen herkkyys: 4\/5\/6\u00b11mm<\/p>","protected":false},"featured_media":425,"template":"","meta":[],"product_brand":[],"product_cat":[18],"product_tag":[],"class_list":{"0":"post-423","1":"product","2":"type-product","3":"status-publish","4":"has-post-thumbnail","6":"product_cat-currency-counter-series","8":"first","9":"instock","10":"shipping-taxable","11":"product-type-simple"},"_links":{"self":[{"href":"https:\/\/dongbo2008.com\/fi\/wp-json\/wp\/v2\/product\/423","targetHints":{"allow":["GET"]}}],"collection":[{"href":"https:\/\/dongbo2008.com\/fi\/wp-json\/wp\/v2\/product"}],"about":[{"href":"https:\/\/dongbo2008.com\/fi\/wp-json\/wp\/v2\/types\/product"}],"wp:featuredmedia":[{"embeddable":true,"href":"https:\/\/dongbo2008.com\/fi\/wp-json\/wp\/v2\/media\/425"}],"wp:attachment":[{"href":"https:\/\/dongbo2008.com\/fi\/wp-json\/wp\/v2\/media?parent=423"}],"wp:term":[{"taxonomy":"product_brand","embeddable":true,"href":"https:\/\/dongbo2008.com\/fi\/wp-json\/wp\/v2\/product_brand?post=423"},{"taxonomy":"product_cat","embeddable":true,"href":"https:\/\/dongbo2008.com\/fi\/wp-json\/wp\/v2\/product_cat?post=423"},{"taxonomy":"product_tag","embeddable":true,"href":"https:\/\/dongbo2008.com\/fi\/wp-json\/wp\/v2\/product_tag?post=423"}],"curies":[{"name":"wp","href":"https:\/\/api.w.org\/{rel}","templated":true}]}}