{"id":418,"date":"2023-10-03T02:41:11","date_gmt":"2023-10-03T02:41:11","guid":{"rendered":"https:\/\/dongbo2008.com\/?post_type=product&#038;p=418"},"modified":"2024-09-18T02:46:10","modified_gmt":"2024-09-18T02:46:10","slug":"db550","status":"publish","type":"product","link":"https:\/\/dongbo2008.com\/fi\/tuote\/db550\/","title":{"rendered":"DB550 \u2013 tehokkaat valuuttalaskurit valmistukseen ja tukkumyyntiin"},"content":{"rendered":"<p><strong>Laskentatilat:<\/strong><\/p>\n<p>Jatkuva laskentatila,<\/p>\n<p>Er\u00e4laskentatila,<\/p>\n<p>Arvonlaskentatila,<\/p>\n<p>Automaattinen tai manuaalinen k\u00e4ynnistystila<\/p>\n<p><strong>Tunnistustilat:<\/strong><\/p>\n<p>Kaksoistunnistus, leveyden tunnistus, korkeuden tunnistustila<\/p>\n<p>UV-v\u00e4\u00e4renn\u00f6sten tunnistustila, MG-v\u00e4\u00e4renn\u00f6sten tunnistus,<\/p>\n<p>Metallilangan v\u00e4\u00e4renn\u00f6sten tunnistus (valinnainen),<\/p>\n<p>MT-CODE v\u00e4\u00e4renn\u00f6sten tunnistus (valinnainen),<\/p>\n<p>IR-v\u00e4\u00e4renn\u00f6sten tunnistustila (valinnainen)<\/p>\n<p>Muistin varmuuskopiointi: Toimintojen asetusmuisti, Er\u00e4asetusmuisti<\/p>\n<p>Tulostustoiminto: Tulosta laskentatuloksen raportti tulostimella (valinnainen)<\/p>\n<p>Dataliit\u00e4nt\u00e4: Micro USB-portti RS-232-sarjaportti<\/p>\n<p>Virtal\u00e4hde: 100 ~ 240 V AC, 50\/60 HZ<\/p>\n<p>Sulakkeen koko: 3A<\/p>\n<p>Virrankulutus: &lt;55 wattia<\/p>\n<p>Mitat: 275mm \u00d7 227mm \u00d7 195mm<\/p>\n<p>Paino: 6,0 kg<\/p>\n<p>Ymp\u00e4rist\u00f6n l\u00e4mp\u00f6tila: 0 ~ 40 \u2103<\/p>\n<p>Suhteellinen kosteus: 30 ~ 80%<\/p>\n<p><img fetchpriority=\"high\" decoding=\"async\" class=\"alignnone size-full wp-image-419\" src=\"https:\/\/dongbo2008.com\/wp-content\/uploads\/2023\/09\/DB550-4-scaled.jpg\" alt=\"\" width=\"520\" height=\"2560\" srcset=\"https:\/\/dongbo2008.com\/wp-content\/uploads\/2023\/09\/DB550-4-scaled.jpg 520w, https:\/\/dongbo2008.com\/wp-content\/uploads\/2023\/09\/DB550-4-61x300.jpg 61w, https:\/\/dongbo2008.com\/wp-content\/uploads\/2023\/09\/DB550-4-208x1024.jpg 208w, https:\/\/dongbo2008.com\/wp-content\/uploads\/2023\/09\/DB550-4-768x3779.jpg 768w, https:\/\/dongbo2008.com\/wp-content\/uploads\/2023\/09\/DB550-4-312x1536.jpg 312w, https:\/\/dongbo2008.com\/wp-content\/uploads\/2023\/09\/DB550-4-416x2048.jpg 416w, https:\/\/dongbo2008.com\/wp-content\/uploads\/2023\/09\/DB550-4-600x2953.jpg 600w\" sizes=\"(max-width: 520px) 100vw, 520px\" \/><\/p>","protected":false},"excerpt":{"rendered":"<p>Etulataus, nopea ja raskas setelilaskuri<\/p>\n<p>Sy\u00f6tt\u00f6j\u00e4rjestelm\u00e4: Rullakitkaj\u00e4rjestelm\u00e4<br \/>\nS\u00e4ili\u00f6n kapasiteetti: 300 arkkia\/lappu<br \/>\nPinoamiskapasiteetti: 200 arkkia\/lappu<br \/>\nLaskettava huomautus: Koko 50\u00d790~110\u00d7175(mm) Paksuus 0,05~0,15(mm)<br \/>\nLaskentanopeus: 600 seteli\u00e4\/min, 1000 seteli\u00e4\/min,<br \/>\n1200 seteli\u00e4\/min, 1600 seteli\u00e4\/min (vain lasketaan)<br \/>\nKaukos\u00e4\u00e4timen n\u00e4ytt\u00f6: 6 numeroa LED-et\u00e4n\u00e4yt\u00f6ss\u00e4 (valinnainen)<\/p>","protected":false},"featured_media":610,"template":"","meta":[],"product_brand":[],"product_cat":[18],"product_tag":[],"class_list":{"0":"post-418","1":"product","2":"type-product","3":"status-publish","4":"has-post-thumbnail","6":"product_cat-currency-counter-series","8":"first","9":"instock","10":"shipping-taxable","11":"product-type-simple"},"_links":{"self":[{"href":"https:\/\/dongbo2008.com\/fi\/wp-json\/wp\/v2\/product\/418","targetHints":{"allow":["GET"]}}],"collection":[{"href":"https:\/\/dongbo2008.com\/fi\/wp-json\/wp\/v2\/product"}],"about":[{"href":"https:\/\/dongbo2008.com\/fi\/wp-json\/wp\/v2\/types\/product"}],"wp:featuredmedia":[{"embeddable":true,"href":"https:\/\/dongbo2008.com\/fi\/wp-json\/wp\/v2\/media\/610"}],"wp:attachment":[{"href":"https:\/\/dongbo2008.com\/fi\/wp-json\/wp\/v2\/media?parent=418"}],"wp:term":[{"taxonomy":"product_brand","embeddable":true,"href":"https:\/\/dongbo2008.com\/fi\/wp-json\/wp\/v2\/product_brand?post=418"},{"taxonomy":"product_cat","embeddable":true,"href":"https:\/\/dongbo2008.com\/fi\/wp-json\/wp\/v2\/product_cat?post=418"},{"taxonomy":"product_tag","embeddable":true,"href":"https:\/\/dongbo2008.com\/fi\/wp-json\/wp\/v2\/product_tag?post=418"}],"curies":[{"name":"wp","href":"https:\/\/api.w.org\/{rel}","templated":true}]}}