{"id":178,"date":"2023-09-21T08:24:59","date_gmt":"2023-09-21T08:24:59","guid":{"rendered":"https:\/\/dongbo2008.com\/?post_type=product&#038;p=178"},"modified":"2024-09-18T02:25:18","modified_gmt":"2024-09-18T02:25:18","slug":"db180","status":"publish","type":"product","link":"https:\/\/dongbo2008.com\/fi\/tuote\/db180\/","title":{"rendered":"DB180 \u2013 Parhaat valuuttalaskurit irtotavaratoimittajille ja -jakelijoille"},"content":{"rendered":"<p><img fetchpriority=\"high\" decoding=\"async\" class=\"alignnone size-full wp-image-179\" src=\"https:\/\/dongbo2008.com\/wp-content\/uploads\/2023\/09\/db180-Currency-Counter-Series.jpg\" alt=\"\" width=\"960\" height=\"1628\" srcset=\"https:\/\/dongbo2008.com\/wp-content\/uploads\/2023\/09\/db180-Currency-Counter-Series.jpg 960w, https:\/\/dongbo2008.com\/wp-content\/uploads\/2023\/09\/db180-Currency-Counter-Series-600x1018.jpg 600w, https:\/\/dongbo2008.com\/wp-content\/uploads\/2023\/09\/db180-Currency-Counter-Series-177x300.jpg 177w, https:\/\/dongbo2008.com\/wp-content\/uploads\/2023\/09\/db180-Currency-Counter-Series-604x1024.jpg 604w, https:\/\/dongbo2008.com\/wp-content\/uploads\/2023\/09\/db180-Currency-Counter-Series-768x1302.jpg 768w, https:\/\/dongbo2008.com\/wp-content\/uploads\/2023\/09\/db180-Currency-Counter-Series-906x1536.jpg 906w\" sizes=\"(max-width: 960px) 100vw, 960px\" \/><\/p>","protected":false},"excerpt":{"rendered":"<p>Ymp\u00e4rist\u00f6n l\u00e4mp\u00f6tila: 0\u00b0C ~ 40\u00b0C<br \/>\nYmp\u00e4rist\u00f6n kosteus: 30-80\uff05<br \/>\nSy\u00f6tt\u00f6j\u00e4rjestelm\u00e4: Rullakitkaj\u00e4rjestelm\u00e4<br \/>\nSuppilon kapasiteetti: 200 kpl<br \/>\nPinoamiskapasiteetti: 200 kpl<br \/>\nLaskentanopeus: 1000 kappaletta\/minuutti<br \/>\nLaskettavan muistiinpanon koko: 50 \u00d7 100 ~ 100 \u00d7 182 (mm)<br \/>\nLaskettavan huomautuksen paksuus: 0,06 ~ 0,12 (mm)<br \/>\nKorkeustunnistuksen herkkyys: 4\/5\/6 \u00b11mm<br \/>\nEr\u00e4n esiasetuksen numeron n\u00e4ytt\u00f6: 3-numeroinen LED<br \/>\nLaskentaluvun n\u00e4ytt\u00f6: 4-numeroinen LED<br \/>\nVirtal\u00e4hde: AC220V\/50Hz tai AC110V\/60Hz<br \/>\nVirrankulutus: 45W<br \/>\nmitat: 279 mm \u00d7 272 mm \u00d7 210 mm<br \/>\nNettopaino: 6,0 kg<\/p>","protected":false},"featured_media":183,"template":"","meta":[],"product_brand":[],"product_cat":[18],"product_tag":[],"class_list":{"0":"post-178","1":"product","2":"type-product","3":"status-publish","4":"has-post-thumbnail","6":"product_cat-currency-counter-series","8":"first","9":"instock","10":"shipping-taxable","11":"product-type-simple"},"_links":{"self":[{"href":"https:\/\/dongbo2008.com\/fi\/wp-json\/wp\/v2\/product\/178","targetHints":{"allow":["GET"]}}],"collection":[{"href":"https:\/\/dongbo2008.com\/fi\/wp-json\/wp\/v2\/product"}],"about":[{"href":"https:\/\/dongbo2008.com\/fi\/wp-json\/wp\/v2\/types\/product"}],"wp:featuredmedia":[{"embeddable":true,"href":"https:\/\/dongbo2008.com\/fi\/wp-json\/wp\/v2\/media\/183"}],"wp:attachment":[{"href":"https:\/\/dongbo2008.com\/fi\/wp-json\/wp\/v2\/media?parent=178"}],"wp:term":[{"taxonomy":"product_brand","embeddable":true,"href":"https:\/\/dongbo2008.com\/fi\/wp-json\/wp\/v2\/product_brand?post=178"},{"taxonomy":"product_cat","embeddable":true,"href":"https:\/\/dongbo2008.com\/fi\/wp-json\/wp\/v2\/product_cat?post=178"},{"taxonomy":"product_tag","embeddable":true,"href":"https:\/\/dongbo2008.com\/fi\/wp-json\/wp\/v2\/product_tag?post=178"}],"curies":[{"name":"wp","href":"https:\/\/api.w.org\/{rel}","templated":true}]}}