{"id":12,"date":"2023-09-20T02:44:15","date_gmt":"2023-09-20T02:44:15","guid":{"rendered":"https:\/\/dongbo2008.com\/?page_id=12"},"modified":"2023-09-28T01:56:30","modified_gmt":"2023-09-28T01:56:30","slug":"about-us","status":"publish","type":"page","link":"https:\/\/dongbo2008.com\/fi\/meista\/","title":{"rendered":"Meist\u00e4"},"content":{"rendered":"<div data-elementor-type=\"wp-page\" data-elementor-id=\"12\" class=\"elementor elementor-12\" data-elementor-post-type=\"page\">\n\t\t\t\t\t\t<section class=\"elementor-section elementor-top-section elementor-element elementor-element-7148217f elementor-section-height-min-height elementor-section-boxed elementor-section-height-default elementor-section-items-middle\" data-id=\"7148217f\" data-element_type=\"section\" data-e-type=\"section\" data-settings=\"{&quot;background_background&quot;:&quot;classic&quot;}\">\n\t\t\t\t\t\t\t<div class=\"elementor-background-overlay\"><\/div>\n\t\t\t\t\t\t\t<div class=\"elementor-container elementor-column-gap-default\">\n\t\t\t\t\t<div class=\"elementor-column elementor-col-100 elementor-top-column elementor-element elementor-element-4f045eb0\" data-id=\"4f045eb0\" data-element_type=\"column\" data-e-type=\"column\">\n\t\t\t<div class=\"elementor-widget-wrap elementor-element-populated\">\n\t\t\t\t\t\t<div class=\"elementor-element elementor-element-4e060ece elementor-widget elementor-widget-woocommerce-breadcrumb\" data-id=\"4e060ece\" data-element_type=\"widget\" data-e-type=\"widget\" data-widget_type=\"woocommerce-breadcrumb.default\">\n\t\t\t\t<div class=\"elementor-widget-container\">\n\t\t\t\t\t<nav class=\"woocommerce-breadcrumb\" aria-label=\"Breadcrumb\" data-no-translation=\"\" data-trp-gettext=\"\">Etusivu<\/nav>\t\t\t\t<\/div>\n\t\t\t\t<\/div>\n\t\t\t\t\t<\/div>\n\t\t<\/div>\n\t\t\t\t\t<\/div>\n\t\t<\/section>\n\t\t\t\t<section class=\"elementor-section elementor-top-section elementor-element elementor-element-59d6c01 elementor-section-boxed elementor-section-height-default elementor-section-height-default\" data-id=\"59d6c01\" data-element_type=\"section\" data-e-type=\"section\">\n\t\t\t\t\t\t<div class=\"elementor-container elementor-column-gap-default\">\n\t\t\t\t\t<div class=\"elementor-column elementor-col-100 elementor-top-column elementor-element elementor-element-14d17fc\" data-id=\"14d17fc\" data-element_type=\"column\" data-e-type=\"column\">\n\t\t\t<div class=\"elementor-widget-wrap elementor-element-populated\">\n\t\t\t\t\t\t<div class=\"elementor-element elementor-element-54c3d0b elementor-widget elementor-widget-heading\" data-id=\"54c3d0b\" data-element_type=\"widget\" data-e-type=\"widget\" data-widget_type=\"heading.default\">\n\t\t\t\t<div class=\"elementor-widget-container\">\n\t\t\t\t\t<h2 class=\"elementor-heading-title elementor-size-default\">Tervetuloa Dongboon!<\/h2>\t\t\t\t<\/div>\n\t\t\t\t<\/div>\n\t\t\t\t<div class=\"elementor-element elementor-element-73509ee elementor-widget elementor-widget-heading\" data-id=\"73509ee\" data-element_type=\"widget\" data-e-type=\"widget\" data-widget_type=\"heading.default\">\n\t\t\t\t<div class=\"elementor-widget-container\">\n\t\t\t\t\t<h2 class=\"elementor-heading-title elementor-size-default\">Zhongshan Dongbo Financial Devices Co.,Ltd\n\n<\/h2>\t\t\t\t<\/div>\n\t\t\t\t<\/div>\n\t\t\t\t<div class=\"elementor-element elementor-element-8695ce8 elementor-widget-divider--view-line elementor-widget elementor-widget-divider\" data-id=\"8695ce8\" data-element_type=\"widget\" data-e-type=\"widget\" data-widget_type=\"divider.default\">\n\t\t\t\t<div class=\"elementor-widget-container\">\n\t\t\t\t\t\t\t<div class=\"elementor-divider\">\n\t\t\t<span class=\"elementor-divider-separator\">\n\t\t\t\t\t\t<\/span>\n\t\t<\/div>\n\t\t\t\t\t\t<\/div>\n\t\t\t\t<\/div>\n\t\t\t\t<div class=\"elementor-element elementor-element-f6dce86 elementor-widget elementor-widget-text-editor\" data-id=\"f6dce86\" data-element_type=\"widget\" data-e-type=\"widget\" data-widget_type=\"text-editor.default\">\n\t\t\t\t<div class=\"elementor-widget-container\">\n\t\t\t\t\t\t\t\t\t<p>Zhongshan Dongbo Financial Devices Co., Ltd Tervetuloa Dongboon! Dongbo, joka perustettiin vuonna 1991, on yksi varhaisimmista kattavista korkean teknologian yrityksist\u00e4, jotka ovat erikoistuneet alalle, jossa yhdistyv\u00e4t kassak\u00e4sittelylaitteiden tutkimus, kehitys, valmistus, myynti ja j\u00e4lkihuolto.<\/p><p>Keskitymme kolikon laskuriin ja lajitteluun, setelilaskuriin, rahapaljastimeen, shekkitulostimeen jne. Vuonna 1991, kun yritys perustettiin, itsen\u00e4isesti kehitetty projektimme listattiin Torch-ohjelmaan ja hankittiin nelj\u00e4 hy\u00f6dyllisyysmallipatenttia, kaksitoista suunnittelupatenttia. Vuonna 1997 Guangdongin maakunnan hallitus tunnisti meid\u00e4t korkean teknologian yrityksiksi. Vahvaan tekniseen vahvuuteen luottaen yhti\u00f6 s\u00e4ilytt\u00e4\u00e4 alan johtavan aseman kotimaassa.<\/p><p>Olemme l\u00e4p\u00e4isseet ISO9001:2008 kansainv\u00e4lisen laatuj\u00e4rjestelm\u00e4n todentamisen. Tuotteet on hyv\u00e4ksytty CCC-sertifioinnilla ja saavat kansainv\u00e4liset sertifikaatit, mukaan lukien CE, RoHS, SASO, IEC60950. Kaikki setelilaskurit ja rahantunnistimet ovat l\u00e4p\u00e4isseet EKP:n testin Euroopan keskuspankissa. J\u00e4lkipalveluverkostomme koostuu suuresta yst\u00e4v\u00e4llisist\u00e4, ammattitaitoisista asiantuntijoista koostuvasta henkil\u00f6kunnasta, joka on sitoutunut auttamaan asiakkaita saamaan kaiken irti Dongbo-tuotteista.<\/p>\t\t\t\t\t\t\t\t<\/div>\n\t\t\t\t<\/div>\n\t\t\t\t\t<\/div>\n\t\t<\/div>\n\t\t\t\t\t<\/div>\n\t\t<\/section>\n\t\t\t\t<section class=\"elementor-section elementor-top-section elementor-element elementor-element-f6a8642 elementor-section-boxed elementor-section-height-default elementor-section-height-default\" data-id=\"f6a8642\" data-element_type=\"section\" data-e-type=\"section\">\n\t\t\t\t\t\t<div class=\"elementor-container elementor-column-gap-default\">\n\t\t\t\t\t<div class=\"elementor-column elementor-col-100 elementor-top-column elementor-element elementor-element-bb8e596\" data-id=\"bb8e596\" data-element_type=\"column\" data-e-type=\"column\">\n\t\t\t<div class=\"elementor-widget-wrap elementor-element-populated\">\n\t\t\t\t\t\t<div class=\"elementor-element elementor-element-a08c720 gallery-spacing-custom elementor-widget elementor-widget-image-gallery\" data-id=\"a08c720\" data-element_type=\"widget\" data-e-type=\"widget\" data-widget_type=\"image-gallery.default\">\n\t\t\t\t<div class=\"elementor-widget-container\">\n\t\t\t\t\t\t\t<div class=\"elementor-image-gallery\">\n\t\t\t<div id='gallery-1' class='gallery galleryid-12 gallery-columns-3 gallery-size-medium_large'><figure class='gallery-item'>\n\t\t\t<div class='gallery-icon landscape'>\n\t\t\t\t<img fetchpriority=\"high\" decoding=\"async\" width=\"768\" height=\"768\" src=\"https:\/\/dongbo2008.com\/wp-content\/uploads\/2023\/09\/A-corner-of-the-factory-768x768.jpg\" class=\"attachment-medium_large size-medium_large\" alt=\"Tehtaan nurkka\" aria-describedby=\"gallery-1-398\" srcset=\"https:\/\/dongbo2008.com\/wp-content\/uploads\/2023\/09\/A-corner-of-the-factory-768x768.jpg 768w, https:\/\/dongbo2008.com\/wp-content\/uploads\/2023\/09\/A-corner-of-the-factory-300x300.jpg 300w, https:\/\/dongbo2008.com\/wp-content\/uploads\/2023\/09\/A-corner-of-the-factory-150x150.jpg 150w, https:\/\/dongbo2008.com\/wp-content\/uploads\/2023\/09\/A-corner-of-the-factory-600x600.jpg 600w, https:\/\/dongbo2008.com\/wp-content\/uploads\/2023\/09\/A-corner-of-the-factory-100x100.jpg 100w, https:\/\/dongbo2008.com\/wp-content\/uploads\/2023\/09\/A-corner-of-the-factory.jpg 800w\" sizes=\"(max-width: 768px) 100vw, 768px\" \/>\n\t\t\t<\/div>\n\t\t\t\t<figcaption class='wp-caption-text gallery-caption' id='gallery-1-398'>\n\t\t\t\tTehtaan nurkka\n\t\t\t\t<\/figcaption><\/figure><figure class='gallery-item'>\n\t\t\t<div class='gallery-icon landscape'>\n\t\t\t\t<img decoding=\"async\" width=\"768\" height=\"768\" src=\"https:\/\/dongbo2008.com\/wp-content\/uploads\/2023\/09\/Company-front-desk-768x768.jpg\" class=\"attachment-medium_large size-medium_large\" alt=\"Yrityksen vastaanotto\" aria-describedby=\"gallery-1-399\" srcset=\"https:\/\/dongbo2008.com\/wp-content\/uploads\/2023\/09\/Company-front-desk-768x768.jpg 768w, https:\/\/dongbo2008.com\/wp-content\/uploads\/2023\/09\/Company-front-desk-300x300.jpg 300w, https:\/\/dongbo2008.com\/wp-content\/uploads\/2023\/09\/Company-front-desk-150x150.jpg 150w, https:\/\/dongbo2008.com\/wp-content\/uploads\/2023\/09\/Company-front-desk-600x600.jpg 600w, https:\/\/dongbo2008.com\/wp-content\/uploads\/2023\/09\/Company-front-desk-100x100.jpg 100w, https:\/\/dongbo2008.com\/wp-content\/uploads\/2023\/09\/Company-front-desk.jpg 800w\" sizes=\"(max-width: 768px) 100vw, 768px\" \/>\n\t\t\t<\/div>\n\t\t\t\t<figcaption class='wp-caption-text gallery-caption' id='gallery-1-399'>\n\t\t\t\tYrityksen vastaanotto\n\t\t\t\t<\/figcaption><\/figure><figure class='gallery-item'>\n\t\t\t<div class='gallery-icon landscape'>\n\t\t\t\t<img decoding=\"async\" width=\"768\" height=\"768\" src=\"https:\/\/dongbo2008.com\/wp-content\/uploads\/2023\/09\/Item-display-768x768.jpg\" class=\"attachment-medium_large size-medium_large\" alt=\"Kohteen n\u00e4ytt\u00f6\" aria-describedby=\"gallery-1-400\" srcset=\"https:\/\/dongbo2008.com\/wp-content\/uploads\/2023\/09\/Item-display-768x768.jpg 768w, https:\/\/dongbo2008.com\/wp-content\/uploads\/2023\/09\/Item-display-300x300.jpg 300w, https:\/\/dongbo2008.com\/wp-content\/uploads\/2023\/09\/Item-display-150x150.jpg 150w, https:\/\/dongbo2008.com\/wp-content\/uploads\/2023\/09\/Item-display-600x600.jpg 600w, https:\/\/dongbo2008.com\/wp-content\/uploads\/2023\/09\/Item-display-100x100.jpg 100w, https:\/\/dongbo2008.com\/wp-content\/uploads\/2023\/09\/Item-display.jpg 800w\" sizes=\"(max-width: 768px) 100vw, 768px\" \/>\n\t\t\t<\/div>\n\t\t\t\t<figcaption class='wp-caption-text gallery-caption' id='gallery-1-400'>\n\t\t\t\tKohteen n\u00e4ytt\u00f6\n\t\t\t\t<\/figcaption><\/figure>\n\t\t<\/div>\n\t\t<\/div>\n\t\t\t\t\t\t<\/div>\n\t\t\t\t<\/div>\n\t\t\t\t\t<\/div>\n\t\t<\/div>\n\t\t\t\t\t<\/div>\n\t\t<\/section>\n\t\t\t\t<\/div>","protected":false},"excerpt":{"rendered":"<p>Welcome to Dongbo! Zhongshan Dongbo Financial Devices Co.,Ltd Zhongshan Dongbo Financial Devices Co.,Ltd Welcome to Dongbo! Dongbo, found in 1991, is one of the earliest comprehensive high-tech enterprises specializing in the field combining research, development, manufacture, sales, and after-service of cash handling equipment. We focus on coin counter and sorter, banknote counter, money detector, cheque [&hellip;]<\/p>\n","protected":false},"author":1,"featured_media":0,"parent":0,"menu_order":0,"comment_status":"closed","ping_status":"closed","template":"","meta":{"footnotes":""},"class_list":["post-12","page","type-page","status-publish","hentry"],"_links":{"self":[{"href":"https:\/\/dongbo2008.com\/fi\/wp-json\/wp\/v2\/pages\/12","targetHints":{"allow":["GET"]}}],"collection":[{"href":"https:\/\/dongbo2008.com\/fi\/wp-json\/wp\/v2\/pages"}],"about":[{"href":"https:\/\/dongbo2008.com\/fi\/wp-json\/wp\/v2\/types\/page"}],"author":[{"embeddable":true,"href":"https:\/\/dongbo2008.com\/fi\/wp-json\/wp\/v2\/users\/1"}],"replies":[{"embeddable":true,"href":"https:\/\/dongbo2008.com\/fi\/wp-json\/wp\/v2\/comments?post=12"}],"version-history":[{"count":13,"href":"https:\/\/dongbo2008.com\/fi\/wp-json\/wp\/v2\/pages\/12\/revisions"}],"predecessor-version":[{"id":409,"href":"https:\/\/dongbo2008.com\/fi\/wp-json\/wp\/v2\/pages\/12\/revisions\/409"}],"wp:attachment":[{"href":"https:\/\/dongbo2008.com\/fi\/wp-json\/wp\/v2\/media?parent=12"}],"curies":[{"name":"wp","href":"https:\/\/api.w.org\/{rel}","templated":true}]}}