{"id":622,"date":"2023-09-20T06:59:21","date_gmt":"2023-09-20T06:59:21","guid":{"rendered":"https:\/\/dongbo2008.com\/?post_type=product&#038;p=622"},"modified":"2024-09-18T02:24:39","modified_gmt":"2024-09-18T02:24:39","slug":"db780s","status":"publish","type":"product","link":"https:\/\/dongbo2008.com\/es\/producto\/db780s\/","title":{"rendered":"DB780S: la mejor serie de contadoras de billetes para fabricantes mayoristas"},"content":{"rendered":"<p>Billete de moneda multilateral (hasta 7 monedas)<br \/>\nGran pantalla gr\u00e1fica LCD (128*64 p\u00edxeles).<br \/>\nVisualizaci\u00f3n de fecha y hora.<br \/>\nF\u00e1cil de actualizar con puerto USB o puerto serie RS-232.<br \/>\nF\u00e1cil operaci\u00f3n e interfaz amigable.<br \/>\nF\u00e1cil mantenimiento con sistema de autodiagn\u00f3stico.<br \/>\nConteo de valores: cuenta billetes mezclados y clasificados con tecnolog\u00eda de procesamiento de im\u00e1genes.<br \/>\nVelocidad de conteo de valores: 600\u30011000\u30011200notas\/min<br \/>\nVelocidad de conteo: 600\u30011000\u30011200\u30011500 billetes\/min<br \/>\nDetecci\u00f3n de falsificaciones con UV\u3001MG(opcional)\u3001MT(opcional)\u3001IR(opcional) \u3001MT-CODE(opcional)<br \/>\nDetecci\u00f3n de doble cadena y media nota<br \/>\nInicio autom\u00e1tico y manual<br \/>\nAccesorios opcionales: Impresora, Pantalla remota<\/p>","protected":false},"excerpt":{"rendered":"<p>M\u00e1quina contadora de valores CIS<\/p>\n<p>Sistema de alimentaci\u00f3n: Sistema de fricci\u00f3n de rodillos<br \/>\nCapacidad de tolva: 350-400 piezas<br \/>\nCapacidad del apilador: 200 piezas<br \/>\nTama\u00f1o de la nota contable: 50\u00d790~110\u00d7175(mm)<br \/>\nGrosor de la nota contable: 0,05 ~ 0,15 (mm)<br \/>\nVelocidad de conteo: 600\/ 1000\/ 1200\/ 1500 piezas\/minuto<br \/>\nPantalla: Pantalla LCD gr\u00e1fica (128*64)<br \/>\nPantalla remota: 6 d\u00edgitos en una pantalla LED remota (opcional)<br \/>\nFuente de alimentaci\u00f3n: CA 100~240 V, 50\/60 Hz<br \/>\nTama\u00f1o del fusible: 3A<br \/>\nPower Consumption: &lt;60 Watts<br \/>\ndimension: 285mm\u00d7285mm\u00d7250mm<br \/>\nPeso neto: 8,0 kg<br \/>\nTemperatura ambiente: 0~40\u00b0C<br \/>\nHumedad relativa: 30~80%<\/p>","protected":false},"featured_media":623,"template":"","meta":[],"product_brand":[],"product_cat":[18],"product_tag":[],"class_list":{"0":"post-622","1":"product","2":"type-product","3":"status-publish","4":"has-post-thumbnail","6":"product_cat-currency-counter-series","8":"first","9":"instock","10":"shipping-taxable","11":"product-type-simple"},"_links":{"self":[{"href":"https:\/\/dongbo2008.com\/es\/wp-json\/wp\/v2\/product\/622","targetHints":{"allow":["GET"]}}],"collection":[{"href":"https:\/\/dongbo2008.com\/es\/wp-json\/wp\/v2\/product"}],"about":[{"href":"https:\/\/dongbo2008.com\/es\/wp-json\/wp\/v2\/types\/product"}],"wp:featuredmedia":[{"embeddable":true,"href":"https:\/\/dongbo2008.com\/es\/wp-json\/wp\/v2\/media\/623"}],"wp:attachment":[{"href":"https:\/\/dongbo2008.com\/es\/wp-json\/wp\/v2\/media?parent=622"}],"wp:term":[{"taxonomy":"product_brand","embeddable":true,"href":"https:\/\/dongbo2008.com\/es\/wp-json\/wp\/v2\/product_brand?post=622"},{"taxonomy":"product_cat","embeddable":true,"href":"https:\/\/dongbo2008.com\/es\/wp-json\/wp\/v2\/product_cat?post=622"},{"taxonomy":"product_tag","embeddable":true,"href":"https:\/\/dongbo2008.com\/es\/wp-json\/wp\/v2\/product_tag?post=622"}],"curies":[{"name":"wp","href":"https:\/\/api.w.org\/{rel}","templated":true}]}}