{"id":619,"date":"2023-10-06T06:56:44","date_gmt":"2023-10-06T06:56:44","guid":{"rendered":"https:\/\/dongbo2008.com\/?post_type=product&#038;p=619"},"modified":"2024-09-18T02:50:03","modified_gmt":"2024-09-18T02:50:03","slug":"db780a","status":"publish","type":"product","link":"https:\/\/dongbo2008.com\/es\/producto\/db780a\/","title":{"rendered":"DB780A: invierta en las mejores contadoras de divisas para ventas de f\u00e1brica y al por mayor"},"content":{"rendered":"<p>Contadora de billetes de alta resistencia, contadora multidivisa, conteo de valores mixtos.<br \/>\nModos de conteo: conteo continuo, conteo por lotes, conteo de valores<br \/>\nDetecci\u00f3n de billetes falsos: billetes dobles, ancho, largo, UV, MG, hilo met\u00e1lico, MT-CODE, IR<br \/>\nCopia de seguridad de memoria: memoria de configuraci\u00f3n de funciones, memoria de configuraci\u00f3n por lotes<br \/>\nFunci\u00f3n de impresi\u00f3n: Imprima el informe del resultado del conteo con la impresora<\/p>","protected":false},"excerpt":{"rendered":"<p>Carga frontal, alta velocidad y calor.<\/p>\n<p>Sistema de alimentaci\u00f3n: Sistema de fricci\u00f3n de rodillos<br \/>\nCapacidad Tolva: 300 piezas<br \/>\nCapacidad del apilador: 200 piezas<br \/>\nTama\u00f1o de la nota contable: 50\u00d790~110\u00d7175(mm)<br \/>\nGrosor de la nota contable: 0,05 ~ 0,15 (mm)<br \/>\nVelocidad de conteo: 600\/ 800\/ 1200\/ 1600 piezas\/minuto<br \/>\nPantalla de conteo: 5 d\u00edgitos en la pantalla LCD<br \/>\nPantalla por lotes: 3 d\u00edgitos en la pantalla LCD<br \/>\nPantalla remota: 6 d\u00edgitos en una pantalla LED remota (opcional)<br \/>\nFuente de alimentaci\u00f3n: CA 100~240 V, 50\/60 Hz<br \/>\nTama\u00f1o del fusible: 3A<br \/>\nConsumo de energ\u00eda: &lt;55 vatios<br \/>\ndimensi\u00f3n: 275 mm x 227 mm x 195 mm<br \/>\nPeso neto: 8,0 kg<br \/>\nTemperatura ambiente: 0~40\u00b0C<br \/>\nHumedad relativa: 30~80%<\/p>","protected":false},"featured_media":620,"template":"","meta":[],"product_brand":[],"product_cat":[18],"product_tag":[],"class_list":{"0":"post-619","1":"product","2":"type-product","3":"status-publish","4":"has-post-thumbnail","6":"product_cat-currency-counter-series","8":"first","9":"instock","10":"shipping-taxable","11":"product-type-simple"},"_links":{"self":[{"href":"https:\/\/dongbo2008.com\/es\/wp-json\/wp\/v2\/product\/619","targetHints":{"allow":["GET"]}}],"collection":[{"href":"https:\/\/dongbo2008.com\/es\/wp-json\/wp\/v2\/product"}],"about":[{"href":"https:\/\/dongbo2008.com\/es\/wp-json\/wp\/v2\/types\/product"}],"wp:featuredmedia":[{"embeddable":true,"href":"https:\/\/dongbo2008.com\/es\/wp-json\/wp\/v2\/media\/620"}],"wp:attachment":[{"href":"https:\/\/dongbo2008.com\/es\/wp-json\/wp\/v2\/media?parent=619"}],"wp:term":[{"taxonomy":"product_brand","embeddable":true,"href":"https:\/\/dongbo2008.com\/es\/wp-json\/wp\/v2\/product_brand?post=619"},{"taxonomy":"product_cat","embeddable":true,"href":"https:\/\/dongbo2008.com\/es\/wp-json\/wp\/v2\/product_cat?post=619"},{"taxonomy":"product_tag","embeddable":true,"href":"https:\/\/dongbo2008.com\/es\/wp-json\/wp\/v2\/product_tag?post=619"}],"curies":[{"name":"wp","href":"https:\/\/api.w.org\/{rel}","templated":true}]}}