{"id":611,"date":"2023-10-06T06:53:32","date_gmt":"2023-10-06T06:53:32","guid":{"rendered":"https:\/\/dongbo2008.com\/?post_type=product&#038;p=611"},"modified":"2024-09-18T02:49:19","modified_gmt":"2024-09-18T02:49:19","slug":"db326","status":"publish","type":"product","link":"https:\/\/dongbo2008.com\/es\/producto\/db326\/","title":{"rendered":"DB326: los mejores detectores de billetes falsos para redes de revendedores"},"content":{"rendered":"<p>Nueva tecnolog\u00eda de detecci\u00f3n de marcas de agua digitales para billetes de euros.<br \/>\nLa variedad de moneda: EURO y USD, o EURO y GBP, o EURO y CHF, o EURO y RUMANIA, etc.<br \/>\nM\u00e9todo de detecci\u00f3n: detecci\u00f3n de falsificaciones m\u00faltiples: MG,MT,IR,UV (UV es una opci\u00f3n)<br \/>\nLa salida del billete: por delante o por detr\u00e1s<br \/>\nLa forma de colocar los billetes: en cualquier direcci\u00f3n (cuando la m\u00e1quina detecta billetes en USD, solo hay una direcci\u00f3n disponible para todo tipo de billetes).<br \/>\nVelocidad de detecci\u00f3n: &lt;0,5 s segundo\/pieza<br \/>\nPantalla: N\u00famero de billetes aceptados junto con un valor total general<br \/>\nOpci\u00f3n de fuente de alimentaci\u00f3n: Adaptador de cualquier versi\u00f3n plus, o bater\u00eda incorporada (10,8 V, 800 mah) o cable montado en el veh\u00edculo<br \/>\nEl programa se puede actualizar conect\u00e1ndolo a la PC.<\/p>\n<p><img fetchpriority=\"high\" decoding=\"async\" class=\"alignnone size-full wp-image-617\" src=\"https:\/\/dongbo2008.com\/wp-content\/uploads\/2023\/10\/DB326.jpg\" alt=\"\" width=\"960\" height=\"1362\" srcset=\"https:\/\/dongbo2008.com\/wp-content\/uploads\/2023\/10\/DB326.jpg 960w, https:\/\/dongbo2008.com\/wp-content\/uploads\/2023\/10\/DB326-211x300.jpg 211w, https:\/\/dongbo2008.com\/wp-content\/uploads\/2023\/10\/DB326-722x1024.jpg 722w, https:\/\/dongbo2008.com\/wp-content\/uploads\/2023\/10\/DB326-768x1090.jpg 768w, https:\/\/dongbo2008.com\/wp-content\/uploads\/2023\/10\/DB326-600x851.jpg 600w\" sizes=\"(max-width: 960px) 100vw, 960px\" \/><\/p>","protected":false},"excerpt":{"rendered":"<p>Dimensi\u00f3n: 200 mm x 115 mm x 76 mm<br \/>\nPeso neto: 0,75 kg<br \/>\nDimensi\u00f3n de la caja maestra (CBM): 0,0838<br \/>\nPeso bruto del cart\u00f3n maestro: 14 KG<br \/>\nPeso interior del cart\u00f3n: 1,08 KG<br \/>\nTama\u00f1o del cart\u00f3n interior: 290X170X125mm<br \/>\nEspecificaci\u00f3n de la caja principal: 59,6X35,6X39,5mm<br \/>\nCantidad de caja interna: 12 unidades<br \/>\nAprobaci\u00f3n de seguridad: CE<br \/>\nPer\u00edodo de garant\u00eda de calidad: 1 a\u00f1o a partir de la fecha de env\u00edo<br \/>\nCondiciones de pago: TT<br \/>\nN\u00famero de unidades y cajas en 20 FCL: 4300 unidades<br \/>\nPuerto remoto: Zhongshan<\/p>","protected":false},"featured_media":614,"template":"","meta":[],"product_brand":[],"product_cat":[20],"product_tag":[],"class_list":{"0":"post-611","1":"product","2":"type-product","3":"status-publish","4":"has-post-thumbnail","6":"product_cat-counterfeit-detector-series","8":"first","9":"instock","10":"shipping-taxable","11":"product-type-simple"},"_links":{"self":[{"href":"https:\/\/dongbo2008.com\/es\/wp-json\/wp\/v2\/product\/611","targetHints":{"allow":["GET"]}}],"collection":[{"href":"https:\/\/dongbo2008.com\/es\/wp-json\/wp\/v2\/product"}],"about":[{"href":"https:\/\/dongbo2008.com\/es\/wp-json\/wp\/v2\/types\/product"}],"wp:featuredmedia":[{"embeddable":true,"href":"https:\/\/dongbo2008.com\/es\/wp-json\/wp\/v2\/media\/614"}],"wp:attachment":[{"href":"https:\/\/dongbo2008.com\/es\/wp-json\/wp\/v2\/media?parent=611"}],"wp:term":[{"taxonomy":"product_brand","embeddable":true,"href":"https:\/\/dongbo2008.com\/es\/wp-json\/wp\/v2\/product_brand?post=611"},{"taxonomy":"product_cat","embeddable":true,"href":"https:\/\/dongbo2008.com\/es\/wp-json\/wp\/v2\/product_cat?post=611"},{"taxonomy":"product_tag","embeddable":true,"href":"https:\/\/dongbo2008.com\/es\/wp-json\/wp\/v2\/product_tag?post=611"}],"curies":[{"name":"wp","href":"https:\/\/api.w.org\/{rel}","templated":true}]}}