{"id":586,"date":"2023-10-03T02:56:22","date_gmt":"2023-10-03T02:56:22","guid":{"rendered":"https:\/\/dongbo2008.com\/?post_type=product&#038;p=586"},"modified":"2024-09-18T02:48:11","modified_gmt":"2024-09-18T02:48:11","slug":"586","status":"publish","type":"product","link":"https:\/\/dongbo2008.com\/es\/producto\/586\/","title":{"rendered":"DB450SL: las mejores contadoras de monedas para el sector financiero seg\u00fan los l\u00edderes de la industria"},"content":{"rendered":"<p><img fetchpriority=\"high\" decoding=\"async\" class=\"alignnone size-full wp-image-587\" src=\"https:\/\/dongbo2008.com\/wp-content\/uploads\/2023\/10\/DB450-NEW-LCD-scaled.jpg\" alt=\"\" width=\"1810\" height=\"2560\" srcset=\"https:\/\/dongbo2008.com\/wp-content\/uploads\/2023\/10\/DB450-NEW-LCD-scaled.jpg 1810w, https:\/\/dongbo2008.com\/wp-content\/uploads\/2023\/10\/DB450-NEW-LCD-212x300.jpg 212w, https:\/\/dongbo2008.com\/wp-content\/uploads\/2023\/10\/DB450-NEW-LCD-724x1024.jpg 724w, https:\/\/dongbo2008.com\/wp-content\/uploads\/2023\/10\/DB450-NEW-LCD-768x1086.jpg 768w, https:\/\/dongbo2008.com\/wp-content\/uploads\/2023\/10\/DB450-NEW-LCD-1086x1536.jpg 1086w, https:\/\/dongbo2008.com\/wp-content\/uploads\/2023\/10\/DB450-NEW-LCD-1448x2048.jpg 1448w, https:\/\/dongbo2008.com\/wp-content\/uploads\/2023\/10\/DB450-NEW-LCD-600x849.jpg 600w\" sizes=\"(max-width: 1810px) 100vw, 1810px\" \/><\/p>","protected":false},"excerpt":{"rendered":"<p>CONTADOR Y CLASIFICADOR DE MONEDAS DB450SL CON VELOCIDAD R\u00c1PIDA, BUENA CALIDAD, PRECISI\u00d3N Y BUENAS FUNCIONES.<\/p>\n<p>Temperatura ambiente: 0 \u2103 -40 \u2103<br \/>\nVelocidad de conteo: hasta 400~600 unidades\/min<br \/>\nHumedad ambiental: 30 \u2103 ~ 80 \u2103<br \/>\nCapacidad de tolva: 1000~1300 unidades<br \/>\nCapacidad de cada ranura de recepci\u00f3n: 180~230 unidades<br \/>\nPantalla LCD en color<br \/>\n8 juegos de visualizaci\u00f3n del n\u00famero de preajuste por lotes: LCD de 3 d\u00edgitos\/juego<br \/>\nPantalla de n\u00famero de conteo: LCD de 7 d\u00edgitos<br \/>\nFuente de alimentaci\u00f3n: AC220V50HZ o AC 110V\/60HZ<br \/>\nConsumo de energ\u00eda: 50W (m\u00e1x.)<br \/>\nDimensiones: 330mmx330mmx255mm<br \/>\nPeso neto: 4,6 kg<\/p>\n<p>Embalaje: 2 piezas\/caja<br \/>\nPeso bruto: 12,5 kg\/caja<br \/>\nC\u00fabico: 0.11cbm\/ctn<\/p>","protected":false},"featured_media":588,"template":"","meta":[],"product_brand":[],"product_cat":[21],"product_tag":[],"class_list":{"0":"post-586","1":"product","2":"type-product","3":"status-publish","4":"has-post-thumbnail","6":"product_cat-coin-counter-series","8":"first","9":"instock","10":"shipping-taxable","11":"product-type-simple"},"_links":{"self":[{"href":"https:\/\/dongbo2008.com\/es\/wp-json\/wp\/v2\/product\/586","targetHints":{"allow":["GET"]}}],"collection":[{"href":"https:\/\/dongbo2008.com\/es\/wp-json\/wp\/v2\/product"}],"about":[{"href":"https:\/\/dongbo2008.com\/es\/wp-json\/wp\/v2\/types\/product"}],"wp:featuredmedia":[{"embeddable":true,"href":"https:\/\/dongbo2008.com\/es\/wp-json\/wp\/v2\/media\/588"}],"wp:attachment":[{"href":"https:\/\/dongbo2008.com\/es\/wp-json\/wp\/v2\/media?parent=586"}],"wp:term":[{"taxonomy":"product_brand","embeddable":true,"href":"https:\/\/dongbo2008.com\/es\/wp-json\/wp\/v2\/product_brand?post=586"},{"taxonomy":"product_cat","embeddable":true,"href":"https:\/\/dongbo2008.com\/es\/wp-json\/wp\/v2\/product_cat?post=586"},{"taxonomy":"product_tag","embeddable":true,"href":"https:\/\/dongbo2008.com\/es\/wp-json\/wp\/v2\/product_tag?post=586"}],"curies":[{"name":"wp","href":"https:\/\/api.w.org\/{rel}","templated":true}]}}