{"id":579,"date":"2023-10-03T02:50:33","date_gmt":"2023-10-03T02:50:33","guid":{"rendered":"https:\/\/dongbo2008.com\/?post_type=product&#038;p=579"},"modified":"2024-09-18T02:46:35","modified_gmt":"2024-09-18T02:46:35","slug":"db360s","status":"publish","type":"product","link":"https:\/\/dongbo2008.com\/es\/producto\/db360s\/","title":{"rendered":"DB360S: invierta en contadoras de monedas aprobadas por el fabricante para bancos"},"content":{"rendered":"","protected":false},"excerpt":{"rendered":"<p>CLASIFICADORA Y CONTADORA DE MONEDAS DE PRECISI\u00d3N DB360, CON FUNCI\u00d3N DE IMPRESI\u00d3N<\/p>\n<p>Temperatura ambiente: 0 \u2103 -40 \u2103<br \/>\nVelocidad de conteo: 216 unidades\/min<br \/>\nHumedad ambiental: 30 \u2103 ~ 80 \u2103<br \/>\nCapacidad de tolva: 216~300 unidades<br \/>\nCapacidad de cada ranura de recepci\u00f3n: 80~250 unidades<br \/>\nVisualizaci\u00f3n del n\u00famero preestablecido por lotes: LED de 3 d\u00edgitos<br \/>\nPantalla de conteo: pantalla LCD<br \/>\nFuente de alimentaci\u00f3n: AC220V50HZ o AC 110V\/60HZ<br \/>\nConsumo de energ\u00eda: 15W<br \/>\nDimensiones: 355mmx330mmx266mm<br \/>\nPeso neto: 4,5 KG<br \/>\nOpci\u00f3n: Impresora: la m\u00e1quina con teclado digital podr\u00eda conectarse con la<br \/>\nImpresora t\u00e9rmica, el resultado de la impresi\u00f3n muestra la cantidad de denominaci\u00f3n y el valor de las monedas.<\/p>","protected":false},"featured_media":580,"template":"","meta":[],"product_brand":[],"product_cat":[21],"product_tag":[],"class_list":{"0":"post-579","1":"product","2":"type-product","3":"status-publish","4":"has-post-thumbnail","6":"product_cat-coin-counter-series","8":"first","9":"instock","10":"shipping-taxable","11":"product-type-simple"},"_links":{"self":[{"href":"https:\/\/dongbo2008.com\/es\/wp-json\/wp\/v2\/product\/579","targetHints":{"allow":["GET"]}}],"collection":[{"href":"https:\/\/dongbo2008.com\/es\/wp-json\/wp\/v2\/product"}],"about":[{"href":"https:\/\/dongbo2008.com\/es\/wp-json\/wp\/v2\/types\/product"}],"wp:featuredmedia":[{"embeddable":true,"href":"https:\/\/dongbo2008.com\/es\/wp-json\/wp\/v2\/media\/580"}],"wp:attachment":[{"href":"https:\/\/dongbo2008.com\/es\/wp-json\/wp\/v2\/media?parent=579"}],"wp:term":[{"taxonomy":"product_brand","embeddable":true,"href":"https:\/\/dongbo2008.com\/es\/wp-json\/wp\/v2\/product_brand?post=579"},{"taxonomy":"product_cat","embeddable":true,"href":"https:\/\/dongbo2008.com\/es\/wp-json\/wp\/v2\/product_cat?post=579"},{"taxonomy":"product_tag","embeddable":true,"href":"https:\/\/dongbo2008.com\/es\/wp-json\/wp\/v2\/product_tag?post=579"}],"curies":[{"name":"wp","href":"https:\/\/api.w.org\/{rel}","templated":true}]}}