{"id":574,"date":"2023-09-28T03:07:29","date_gmt":"2023-09-28T03:07:29","guid":{"rendered":"https:\/\/dongbo2008.com\/?post_type=product&#038;p=574"},"modified":"2024-09-18T02:25:55","modified_gmt":"2024-09-18T02:25:55","slug":"db100","status":"publish","type":"product","link":"https:\/\/dongbo2008.com\/es\/producto\/db100\/","title":{"rendered":"Contadores de moneda DB100 \u2013 2024 para mercados mayoristas y de f\u00e1brica"},"content":{"rendered":"<p><strong><b>Seleccione su inter\u00e9s:<\/b><\/strong><\/p>\n<table>\n<tbody>\n<tr>\n<td>Modelo<\/td>\n<td>Funciones opcionales<\/td>\n<\/tr>\n<tr>\n<td>DB100<\/td>\n<td>Modelo b\u00e1sico, funci\u00f3n b\u00e1sica<\/td>\n<\/tr>\n<tr>\n<td>DB100 UV<\/td>\n<td>Detecci\u00f3n UV<\/td>\n<\/tr>\n<tr>\n<td>DB100MG<\/td>\n<td>Detecci\u00f3n de mg<\/td>\n<\/tr>\n<tr>\n<td>DB100 UV MG<\/td>\n<td>Detecci\u00f3n de MG UV<\/td>\n<\/tr>\n<tr>\n<td>DB100 UV MG<\/td>\n<td>Detecci\u00f3n UV MG IR<\/td>\n<\/tr>\n<\/tbody>\n<\/table>\n<p>&nbsp;<\/p>","protected":false},"excerpt":{"rendered":"<p><strong><b>Principales caracter\u00edsticas :<\/b><\/strong><\/p>\n<p>\u25cf Contar y detectar billetes falsos mediante la funci\u00f3n UV\/MG\/IR<br \/>\n\u25cf Inicio autom\u00e1tico, borrado, reinicio, encendido y apagado.<br \/>\n\u25cf Detecci\u00f3n de notas dobles<br \/>\n\u25cf Detecci\u00f3n de media nota<br \/>\n\u25cf Detecci\u00f3n de notas en cadena<br \/>\n\u25cf Placas de tolva ajustables<\/p>","protected":false},"featured_media":575,"template":"","meta":[],"product_brand":[],"product_cat":[18],"product_tag":[],"class_list":{"0":"post-574","1":"product","2":"type-product","3":"status-publish","4":"has-post-thumbnail","6":"product_cat-currency-counter-series","8":"first","9":"instock","10":"shipping-taxable","11":"product-type-simple"},"_links":{"self":[{"href":"https:\/\/dongbo2008.com\/es\/wp-json\/wp\/v2\/product\/574","targetHints":{"allow":["GET"]}}],"collection":[{"href":"https:\/\/dongbo2008.com\/es\/wp-json\/wp\/v2\/product"}],"about":[{"href":"https:\/\/dongbo2008.com\/es\/wp-json\/wp\/v2\/types\/product"}],"wp:featuredmedia":[{"embeddable":true,"href":"https:\/\/dongbo2008.com\/es\/wp-json\/wp\/v2\/media\/575"}],"wp:attachment":[{"href":"https:\/\/dongbo2008.com\/es\/wp-json\/wp\/v2\/media?parent=574"}],"wp:term":[{"taxonomy":"product_brand","embeddable":true,"href":"https:\/\/dongbo2008.com\/es\/wp-json\/wp\/v2\/product_brand?post=574"},{"taxonomy":"product_cat","embeddable":true,"href":"https:\/\/dongbo2008.com\/es\/wp-json\/wp\/v2\/product_cat?post=574"},{"taxonomy":"product_tag","embeddable":true,"href":"https:\/\/dongbo2008.com\/es\/wp-json\/wp\/v2\/product_tag?post=574"}],"curies":[{"name":"wp","href":"https:\/\/api.w.org\/{rel}","templated":true}]}}