{"id":546,"date":"2023-09-30T01:57:28","date_gmt":"2023-09-30T01:57:28","guid":{"rendered":"https:\/\/dongbo2008.com\/?post_type=product&#038;p=546"},"modified":"2024-09-18T02:44:57","modified_gmt":"2024-09-18T02:44:57","slug":"db360","status":"publish","type":"product","link":"https:\/\/dongbo2008.com\/es\/producto\/db360\/","title":{"rendered":"DB360: contadoras de monedas premium para instituciones financieras de la mano de Makers"},"content":{"rendered":"<p><img fetchpriority=\"high\" decoding=\"async\" class=\"alignnone size-full wp-image-547\" src=\"https:\/\/dongbo2008.com\/wp-content\/uploads\/2023\/09\/DB360.jpg\" alt=\"\" width=\"960\" height=\"1679\" srcset=\"https:\/\/dongbo2008.com\/wp-content\/uploads\/2023\/09\/DB360.jpg 960w, https:\/\/dongbo2008.com\/wp-content\/uploads\/2023\/09\/DB360-172x300.jpg 172w, https:\/\/dongbo2008.com\/wp-content\/uploads\/2023\/09\/DB360-585x1024.jpg 585w, https:\/\/dongbo2008.com\/wp-content\/uploads\/2023\/09\/DB360-768x1343.jpg 768w, https:\/\/dongbo2008.com\/wp-content\/uploads\/2023\/09\/DB360-878x1536.jpg 878w, https:\/\/dongbo2008.com\/wp-content\/uploads\/2023\/09\/DB360-600x1049.jpg 600w\" sizes=\"(max-width: 960px) 100vw, 960px\" \/><\/p>","protected":false},"excerpt":{"rendered":"<p>El DB360 puede contar y clasificar monedas de m\u00e1s de 60 pa\u00edses.<\/p>\n<div>Temperatura ambiente: 0\u00b0C~40\u00b0C<\/div>\n<div>Humedad ambiental: 30~80%<\/div>\n<div>Capacidad de tolva: 300~500 piezas<\/div>\n<div>Capacidad de la ranura de recepci\u00f3n: 80~150 piezas<\/div>\n<div>Velocidad de conteo: Hasta 330 piezas\/minuto (M\u00c1X.)<\/div>\n<div>Pantalla de n\u00famero preestablecido de lote: LED de 3 d\u00edgitos<\/div>\n<div>Pantalla de n\u00fameros de conteo: LED de 4 d\u00edgitos<\/div>\n<div>Puerto de impresora: puerto serie RS232 para impresora t\u00e9rmica<\/div>\n<div>Fuente de alimentaci\u00f3n: CA 220 V\/50 Hz, CA 110 V\/60 Hz.<\/div>\n<div>Consumo de energ\u00eda: 45W (M\u00c1X.)<\/div>\n<div>dimensi\u00f3n: 355 mm \u00d7 330 mm \u00d7 266 mm<\/div>\n<div>Peso neto: 4,5 kg<\/div>","protected":false},"featured_media":548,"template":"","meta":[],"product_brand":[],"product_cat":[21],"product_tag":[],"class_list":{"0":"post-546","1":"product","2":"type-product","3":"status-publish","4":"has-post-thumbnail","6":"product_cat-coin-counter-series","8":"first","9":"instock","10":"shipping-taxable","11":"product-type-simple"},"_links":{"self":[{"href":"https:\/\/dongbo2008.com\/es\/wp-json\/wp\/v2\/product\/546","targetHints":{"allow":["GET"]}}],"collection":[{"href":"https:\/\/dongbo2008.com\/es\/wp-json\/wp\/v2\/product"}],"about":[{"href":"https:\/\/dongbo2008.com\/es\/wp-json\/wp\/v2\/types\/product"}],"wp:featuredmedia":[{"embeddable":true,"href":"https:\/\/dongbo2008.com\/es\/wp-json\/wp\/v2\/media\/548"}],"wp:attachment":[{"href":"https:\/\/dongbo2008.com\/es\/wp-json\/wp\/v2\/media?parent=546"}],"wp:term":[{"taxonomy":"product_brand","embeddable":true,"href":"https:\/\/dongbo2008.com\/es\/wp-json\/wp\/v2\/product_brand?post=546"},{"taxonomy":"product_cat","embeddable":true,"href":"https:\/\/dongbo2008.com\/es\/wp-json\/wp\/v2\/product_cat?post=546"},{"taxonomy":"product_tag","embeddable":true,"href":"https:\/\/dongbo2008.com\/es\/wp-json\/wp\/v2\/product_tag?post=546"}],"curies":[{"name":"wp","href":"https:\/\/api.w.org\/{rel}","templated":true}]}}