{"id":542,"date":"2023-09-30T01:56:17","date_gmt":"2023-09-30T01:56:17","guid":{"rendered":"https:\/\/dongbo2008.com\/?post_type=product&#038;p=542"},"modified":"2024-09-18T02:44:16","modified_gmt":"2024-09-18T02:44:16","slug":"db350b","status":"publish","type":"product","link":"https:\/\/dongbo2008.com\/es\/producto\/db350b\/","title":{"rendered":"DB350B: contadoras de monedas recomendadas por el fabricante para operaciones bancarias"},"content":{"rendered":"<p><img fetchpriority=\"high\" decoding=\"async\" class=\"alignnone size-full wp-image-543\" src=\"https:\/\/dongbo2008.com\/wp-content\/uploads\/2023\/09\/DB350B-scaled.jpg\" alt=\"\" width=\"1177\" height=\"2560\" srcset=\"https:\/\/dongbo2008.com\/wp-content\/uploads\/2023\/09\/DB350B-scaled.jpg 1177w, https:\/\/dongbo2008.com\/wp-content\/uploads\/2023\/09\/DB350B-138x300.jpg 138w, https:\/\/dongbo2008.com\/wp-content\/uploads\/2023\/09\/DB350B-471x1024.jpg 471w, https:\/\/dongbo2008.com\/wp-content\/uploads\/2023\/09\/DB350B-768x1671.jpg 768w, https:\/\/dongbo2008.com\/wp-content\/uploads\/2023\/09\/DB350B-706x1536.jpg 706w, https:\/\/dongbo2008.com\/wp-content\/uploads\/2023\/09\/DB350B-941x2048.jpg 941w, https:\/\/dongbo2008.com\/wp-content\/uploads\/2023\/09\/DB350B-600x1306.jpg 600w\" sizes=\"(max-width: 1177px) 100vw, 1177px\" \/><\/p>","protected":false},"excerpt":{"rendered":"<p>El DB350B puede contar y clasificar monedas de m\u00e1s de 50 pa\u00edses.<\/p>\n<p>Temperatura ambiente: 0\u00b0C~40\u00b0C<br \/>\nHumedad ambiental: 30~80%<br \/>\nCapacidad de tolva: 300~500 piezas<br \/>\nCapacidad de la ranura de recepci\u00f3n: 80~150 piezas<br \/>\nVelocidad de conteo: Hasta 330 piezas\/minuto (M\u00c1X.)<br \/>\nPantalla de n\u00famero preestablecido de lote: LED de 3 d\u00edgitos<br \/>\nPantalla de n\u00fameros de conteo: LED de 4 d\u00edgitos<br \/>\nFuente de alimentaci\u00f3n: CA 220 V\/50 Hz, CA 110 V\/60 Hz.<br \/>\nConsumo de energ\u00eda: 45W (M\u00c1X.)<br \/>\ndimensi\u00f3n: 355 mm \u00d7 330 mm \u00d7 266 mm<br \/>\nPeso neto: 4,5 kg<\/p>","protected":false},"featured_media":544,"template":"","meta":[],"product_brand":[],"product_cat":[21],"product_tag":[],"class_list":{"0":"post-542","1":"product","2":"type-product","3":"status-publish","4":"has-post-thumbnail","6":"product_cat-coin-counter-series","8":"first","9":"instock","10":"shipping-taxable","11":"product-type-simple"},"_links":{"self":[{"href":"https:\/\/dongbo2008.com\/es\/wp-json\/wp\/v2\/product\/542","targetHints":{"allow":["GET"]}}],"collection":[{"href":"https:\/\/dongbo2008.com\/es\/wp-json\/wp\/v2\/product"}],"about":[{"href":"https:\/\/dongbo2008.com\/es\/wp-json\/wp\/v2\/types\/product"}],"wp:featuredmedia":[{"embeddable":true,"href":"https:\/\/dongbo2008.com\/es\/wp-json\/wp\/v2\/media\/544"}],"wp:attachment":[{"href":"https:\/\/dongbo2008.com\/es\/wp-json\/wp\/v2\/media?parent=542"}],"wp:term":[{"taxonomy":"product_brand","embeddable":true,"href":"https:\/\/dongbo2008.com\/es\/wp-json\/wp\/v2\/product_brand?post=542"},{"taxonomy":"product_cat","embeddable":true,"href":"https:\/\/dongbo2008.com\/es\/wp-json\/wp\/v2\/product_cat?post=542"},{"taxonomy":"product_tag","embeddable":true,"href":"https:\/\/dongbo2008.com\/es\/wp-json\/wp\/v2\/product_tag?post=542"}],"curies":[{"name":"wp","href":"https:\/\/api.w.org\/{rel}","templated":true}]}}