{"id":502,"date":"2023-09-30T01:11:36","date_gmt":"2023-09-30T01:11:36","guid":{"rendered":"https:\/\/dongbo2008.com\/?post_type=product&#038;p=502"},"modified":"2024-09-18T02:38:53","modified_gmt":"2024-09-18T02:38:53","slug":"db020","status":"publish","type":"product","link":"https:\/\/dongbo2008.com\/es\/producto\/db020\/","title":{"rendered":"DB020 \u2013 Detectores de billetes falsos: ideales para comerciantes y distribuidores"},"content":{"rendered":"<p>Disponible para billetes, facturas, cheques, facturas y otros art\u00edculos en el mundo.<br \/>\nDetecci\u00f3n de billetes falsos: UV, MG, marca de agua y lupa<br \/>\nDetecci\u00f3n de billetes falsos UV y l\u00ednea blanca para comprobar la fluorescencia y la marca de agua de los billetes<br \/>\nLa lupa 5X ofrece una visi\u00f3n m\u00e1s clara de la superficie del billete<br \/>\nFabricado en pl\u00e1stico ABS negro de alta calidad, reacci\u00f3n anti-UV, anticombusti\u00f3n.<\/p>","protected":false},"excerpt":{"rendered":"<p>Tubo UV: 2 piezas, 6W\/pieza<br \/>\nTubo de luz blanca: 1 pieza, 4W<br \/>\nDimensi\u00f3n: 275 mm x 150 mm x 140 mm<br \/>\nPeso neto: 0,9Kg<br \/>\nFuente de alimentaci\u00f3n: 110 V o 220 V, AC50\/60 Hz<br \/>\nEmbalaje: 12 unidades\/caja, 590 mm x 295 mm x 475 mm<br \/>\nPeso bruto: 15,0 kg<\/p>","protected":false},"featured_media":605,"template":"","meta":[],"product_brand":[],"product_cat":[20],"product_tag":[],"class_list":{"0":"post-502","1":"product","2":"type-product","3":"status-publish","4":"has-post-thumbnail","6":"product_cat-counterfeit-detector-series","8":"first","9":"instock","10":"shipping-taxable","11":"product-type-simple"},"_links":{"self":[{"href":"https:\/\/dongbo2008.com\/es\/wp-json\/wp\/v2\/product\/502","targetHints":{"allow":["GET"]}}],"collection":[{"href":"https:\/\/dongbo2008.com\/es\/wp-json\/wp\/v2\/product"}],"about":[{"href":"https:\/\/dongbo2008.com\/es\/wp-json\/wp\/v2\/types\/product"}],"wp:featuredmedia":[{"embeddable":true,"href":"https:\/\/dongbo2008.com\/es\/wp-json\/wp\/v2\/media\/605"}],"wp:attachment":[{"href":"https:\/\/dongbo2008.com\/es\/wp-json\/wp\/v2\/media?parent=502"}],"wp:term":[{"taxonomy":"product_brand","embeddable":true,"href":"https:\/\/dongbo2008.com\/es\/wp-json\/wp\/v2\/product_brand?post=502"},{"taxonomy":"product_cat","embeddable":true,"href":"https:\/\/dongbo2008.com\/es\/wp-json\/wp\/v2\/product_cat?post=502"},{"taxonomy":"product_tag","embeddable":true,"href":"https:\/\/dongbo2008.com\/es\/wp-json\/wp\/v2\/product_tag?post=502"}],"curies":[{"name":"wp","href":"https:\/\/api.w.org\/{rel}","templated":true}]}}