{"id":487,"date":"2023-09-30T01:08:27","date_gmt":"2023-09-30T01:08:27","guid":{"rendered":"https:\/\/dongbo2008.com\/?post_type=product&#038;p=487"},"modified":"2024-09-18T02:37:01","modified_gmt":"2024-09-18T02:37:01","slug":"db3000","status":"publish","type":"product","link":"https:\/\/dongbo2008.com\/es\/producto\/db3000\/","title":{"rendered":"DB3000: contadores de divisas recomendados para proveedores de servicios mayoristas"},"content":{"rendered":"<p><strong>Sistema de alimentaci\u00f3n Sistema de fricci\u00f3n de rodillos<\/strong><br \/>\nMonedas disponibles Euro, USD y moneda local (hasta 5 monedas)<br \/>\nModos de conteo Modo de inicio autom\u00e1tico o manual<br \/>\nModo de conteo continuo<br \/>\nModo de conteo de lotes<br \/>\nS\u00f3lo modo de conteo<br \/>\nModo de conteo de valores (mixto, simple, cara, orientaci\u00f3n)<br \/>\nOrdenar modo de conteo<br \/>\nNivel de velocidad de conteo 1:800 notas\/minuto<br \/>\nNivel 2:1000 billetes\/minuto<br \/>\nNivel 3: 1200 billetes\/minuto (solo contando con detecci\u00f3n de falsificaciones)<br \/>\nNivel 4: 1500 notas\/minuto (solo contando)<br \/>\nDetecci\u00f3n de falsificaciones UV, MG (opci\u00f3n), MT (opci\u00f3n), IR (opci\u00f3n)<br \/>\nReconocimiento de moneda 4 direcciones<br \/>\nTipo de pantalla LCD gr\u00e1fica con retroiluminaci\u00f3n azul<br \/>\nCapacidad de tolva Hasta 500 billetes<br \/>\nCapacidad del apilador Hasta 200 billetes<br \/>\nCapacidad del bolsillo de rechazo Hasta 100 billetes (predeterminado: 50 billetes)<br \/>\nTama\u00f1o de nota contable 40\u00d790~100\u00d7175(mm)<br \/>\nEspesor 0,05~0,15(mm)<br \/>\nActualizaci\u00f3n de software v\u00eda PC mediante puerto serie RS232<br \/>\n\u00bfFuente de alimentaci\u00f3n? CA 100~240 voltios, 50\/60 HZ<br \/>\nConsumo de energ\u00eda &lt;100 vatios<br \/>\nDimensiones largo x ancho x alto: 340 mm x 310 mm x 295 mm<br \/>\nPeso NETO: 11 KG; BRUTO: 12KG<br \/>\nOtras funciones Sistema de autodiagn\u00f3stico, impresi\u00f3n, copia de seguridad de memoria<br \/>\nRecuperar pantalla LED remota predeterminada<\/p>\n<p><img fetchpriority=\"high\" decoding=\"async\" class=\"alignnone size-full wp-image-488\" src=\"https:\/\/dongbo2008.com\/wp-content\/uploads\/2023\/09\/db3000.jpg\" alt=\"\" width=\"960\" height=\"1407\" srcset=\"https:\/\/dongbo2008.com\/wp-content\/uploads\/2023\/09\/db3000.jpg 960w, https:\/\/dongbo2008.com\/wp-content\/uploads\/2023\/09\/db3000-205x300.jpg 205w, https:\/\/dongbo2008.com\/wp-content\/uploads\/2023\/09\/db3000-699x1024.jpg 699w, https:\/\/dongbo2008.com\/wp-content\/uploads\/2023\/09\/db3000-768x1126.jpg 768w, https:\/\/dongbo2008.com\/wp-content\/uploads\/2023\/09\/db3000-600x879.jpg 600w\" sizes=\"(max-width: 960px) 100vw, 960px\" \/><\/p>","protected":false},"excerpt":{"rendered":"<p>Contadora y clasificadora de billetes de alta resistencia<\/p>\n<p>Sistema de alimentaci\u00f3n: Sistema de fricci\u00f3n de rodillos<br \/>\nCapacidad Tolva: 500 piezas<br \/>\nCapacidad del bolsillo de rechazo: 100 piezas<br \/>\nCapacidad del apilador: 200 piezas<br \/>\nTama\u00f1o de la nota contable: 50\u00d790~110\u00d7175(mm)<br \/>\nGrosor de la nota contable: 0,05 ~ 0,15 (mm)<br \/>\nVelocidad de conteo: 600\/ 1000\/ 1200\/ 1500 piezas\/minuto<br \/>\nMonedas disponibles: euro, USD, RMB y moneda local (hasta 5 monedas)<br \/>\nTipo de pantalla: LCD gr\u00e1fica (128*64 puntos)<br \/>\nPantalla remota: 6 d\u00edgitos en una pantalla LED remota (opcional)<br \/>\nActualizaci\u00f3n de software: V\u00eda a PC mediante puerto serie RS232<br \/>\nFuente de alimentaci\u00f3n: CA 100 ~ 240 voltios, 50\/60 Hz<br \/>\nTama\u00f1o del fusible: 3A<br \/>\nConsumo de energ\u00eda: m\u00e1x. 100 vatios<br \/>\ndimensi\u00f3n: 340 mm \u00d7 310 mm \u00d7 295 mm<br \/>\nPeso neto: 11,0 kg<br \/>\nTemperatura ambiente: 0\u00b0C~40\u00b0C<br \/>\nHumedad relativa: 30~80%<\/p>","protected":false},"featured_media":489,"template":"","meta":[],"product_brand":[],"product_cat":[18],"product_tag":[],"class_list":{"0":"post-487","1":"product","2":"type-product","3":"status-publish","4":"has-post-thumbnail","6":"product_cat-currency-counter-series","8":"first","9":"instock","10":"shipping-taxable","11":"product-type-simple"},"_links":{"self":[{"href":"https:\/\/dongbo2008.com\/es\/wp-json\/wp\/v2\/product\/487","targetHints":{"allow":["GET"]}}],"collection":[{"href":"https:\/\/dongbo2008.com\/es\/wp-json\/wp\/v2\/product"}],"about":[{"href":"https:\/\/dongbo2008.com\/es\/wp-json\/wp\/v2\/types\/product"}],"wp:featuredmedia":[{"embeddable":true,"href":"https:\/\/dongbo2008.com\/es\/wp-json\/wp\/v2\/media\/489"}],"wp:attachment":[{"href":"https:\/\/dongbo2008.com\/es\/wp-json\/wp\/v2\/media?parent=487"}],"wp:term":[{"taxonomy":"product_brand","embeddable":true,"href":"https:\/\/dongbo2008.com\/es\/wp-json\/wp\/v2\/product_brand?post=487"},{"taxonomy":"product_cat","embeddable":true,"href":"https:\/\/dongbo2008.com\/es\/wp-json\/wp\/v2\/product_cat?post=487"},{"taxonomy":"product_tag","embeddable":true,"href":"https:\/\/dongbo2008.com\/es\/wp-json\/wp\/v2\/product_tag?post=487"}],"curies":[{"name":"wp","href":"https:\/\/api.w.org\/{rel}","templated":true}]}}