{"id":472,"date":"2023-09-30T00:59:56","date_gmt":"2023-09-30T00:59:56","guid":{"rendered":"https:\/\/dongbo2008.com\/?post_type=product&#038;p=472"},"modified":"2024-09-18T02:33:05","modified_gmt":"2024-09-18T02:33:05","slug":"db10","status":"publish","type":"product","link":"https:\/\/dongbo2008.com\/es\/producto\/db10\/","title":{"rendered":"Detectores de billetes falsos DB10-2024: ideales para distribuidores"},"content":{"rendered":"<p>Es el detector autom\u00e1tico y port\u00e1til m\u00e1s peque\u00f1o del mundo. El dise\u00f1o compacto hace que sea f\u00e1cil de transportar sin ninguna carga. Puede utilizar la m\u00e1quina como detector de escritorio. Tambi\u00e9n puedes llevar la m\u00e1quina en la cintura. Tambi\u00e9n puedes colgar la m\u00e1quina al hombro.<\/p>\n<p><img fetchpriority=\"high\" decoding=\"async\" class=\"alignnone size-full wp-image-473\" src=\"https:\/\/dongbo2008.com\/wp-content\/uploads\/2023\/09\/DB10-01.jpg\" alt=\"\" width=\"960\" height=\"2042\" srcset=\"https:\/\/dongbo2008.com\/wp-content\/uploads\/2023\/09\/DB10-01.jpg 960w, https:\/\/dongbo2008.com\/wp-content\/uploads\/2023\/09\/DB10-01-141x300.jpg 141w, https:\/\/dongbo2008.com\/wp-content\/uploads\/2023\/09\/DB10-01-481x1024.jpg 481w, https:\/\/dongbo2008.com\/wp-content\/uploads\/2023\/09\/DB10-01-768x1634.jpg 768w, https:\/\/dongbo2008.com\/wp-content\/uploads\/2023\/09\/DB10-01-722x1536.jpg 722w, https:\/\/dongbo2008.com\/wp-content\/uploads\/2023\/09\/DB10-01-600x1276.jpg 600w\" sizes=\"(max-width: 960px) 100vw, 960px\" \/><\/p>","protected":false},"excerpt":{"rendered":"<p>\u25cf Funciones de prueba: infrarrojos, reconocimiento de tama\u00f1o 2D, transparencia del papel<br \/>\n\u25cf Voltaje de suministro de CA: CA 100 V ~ 240 V 50\/60 Hz<br \/>\n\u25cf Voltaje de alimentaci\u00f3n CC: CC 9 V\/1 A.<br \/>\n\u25cf Bater\u00eda: Bater\u00eda de litio recargable de 7,4 V\/650 mAH<br \/>\n\u25cf Tiempo de carga: aproximadamente 5 horas<br \/>\n\u25cf Tiempo de funcionamiento aproximado: 3 horas (servicio continuo)<br \/>\n\u25cf Consumo de energ\u00eda: &lt;10 W<br \/>\n\u25cf Velocidad: &lt;0,5 segundos\/hoja<br \/>\n\u25cf Peso: 0,34 kg<br \/>\n\u25cf Temperatura de funcionamiento: 0~45 \u2103<br \/>\n\u25cf Temperatura de almacenamiento: -10~65 \u2103<br \/>\n\u25cf Dimensi\u00f3n: 124*100*69M<\/p>\n<p>Informaci\u00f3n de embalaje:<br \/>\n16PCS\/CTN, 11.4KGS\/CTN, 53.7*35.7*42CM\/CTN<\/p>","protected":false},"featured_media":600,"template":"","meta":[],"product_brand":[],"product_cat":[20],"product_tag":[],"class_list":{"0":"post-472","1":"product","2":"type-product","3":"status-publish","4":"has-post-thumbnail","6":"product_cat-counterfeit-detector-series","8":"first","9":"instock","10":"shipping-taxable","11":"product-type-simple"},"_links":{"self":[{"href":"https:\/\/dongbo2008.com\/es\/wp-json\/wp\/v2\/product\/472","targetHints":{"allow":["GET"]}}],"collection":[{"href":"https:\/\/dongbo2008.com\/es\/wp-json\/wp\/v2\/product"}],"about":[{"href":"https:\/\/dongbo2008.com\/es\/wp-json\/wp\/v2\/types\/product"}],"wp:featuredmedia":[{"embeddable":true,"href":"https:\/\/dongbo2008.com\/es\/wp-json\/wp\/v2\/media\/600"}],"wp:attachment":[{"href":"https:\/\/dongbo2008.com\/es\/wp-json\/wp\/v2\/media?parent=472"}],"wp:term":[{"taxonomy":"product_brand","embeddable":true,"href":"https:\/\/dongbo2008.com\/es\/wp-json\/wp\/v2\/product_brand?post=472"},{"taxonomy":"product_cat","embeddable":true,"href":"https:\/\/dongbo2008.com\/es\/wp-json\/wp\/v2\/product_cat?post=472"},{"taxonomy":"product_tag","embeddable":true,"href":"https:\/\/dongbo2008.com\/es\/wp-json\/wp\/v2\/product_tag?post=472"}],"curies":[{"name":"wp","href":"https:\/\/api.w.org\/{rel}","templated":true}]}}