{"id":470,"date":"2023-09-30T00:58:29","date_gmt":"2023-09-30T00:58:29","guid":{"rendered":"https:\/\/dongbo2008.com\/?post_type=product&#038;p=470"},"modified":"2024-09-18T02:32:23","modified_gmt":"2024-09-18T02:32:23","slug":"db30","status":"publish","type":"product","link":"https:\/\/dongbo2008.com\/es\/producto\/db30\/","title":{"rendered":"DB30: los mejores detectores de billetes falsos para distribuidores y revendedores"},"content":{"rendered":"<p>El dise\u00f1o de la linterna detecta el dinero falso mediante el uso de una l\u00e1mpara de radiaci\u00f3n ultravioleta y magnitismo.<\/p>","protected":false},"excerpt":{"rendered":"<p>Voltaje: Mini bater\u00eda<br \/>\nDimensi\u00f3n: 140 mm \u00d7 88 mm \u00d7 30 mm<br \/>\nEmbalaje: 30 unidades\/caja, 470 mm \u00d7 340 mm \u00d7 460 mm<br \/>\nPeso bruto: 11 kg<br \/>\nCantidad m\u00ednima de pedido: 1000 piezas<\/p>","protected":false},"featured_media":471,"template":"","meta":[],"product_brand":[],"product_cat":[20],"product_tag":[],"class_list":{"0":"post-470","1":"product","2":"type-product","3":"status-publish","4":"has-post-thumbnail","6":"product_cat-counterfeit-detector-series","8":"first","9":"instock","10":"shipping-taxable","11":"product-type-simple"},"_links":{"self":[{"href":"https:\/\/dongbo2008.com\/es\/wp-json\/wp\/v2\/product\/470","targetHints":{"allow":["GET"]}}],"collection":[{"href":"https:\/\/dongbo2008.com\/es\/wp-json\/wp\/v2\/product"}],"about":[{"href":"https:\/\/dongbo2008.com\/es\/wp-json\/wp\/v2\/types\/product"}],"wp:featuredmedia":[{"embeddable":true,"href":"https:\/\/dongbo2008.com\/es\/wp-json\/wp\/v2\/media\/471"}],"wp:attachment":[{"href":"https:\/\/dongbo2008.com\/es\/wp-json\/wp\/v2\/media?parent=470"}],"wp:term":[{"taxonomy":"product_brand","embeddable":true,"href":"https:\/\/dongbo2008.com\/es\/wp-json\/wp\/v2\/product_brand?post=470"},{"taxonomy":"product_cat","embeddable":true,"href":"https:\/\/dongbo2008.com\/es\/wp-json\/wp\/v2\/product_cat?post=470"},{"taxonomy":"product_tag","embeddable":true,"href":"https:\/\/dongbo2008.com\/es\/wp-json\/wp\/v2\/product_tag?post=470"}],"curies":[{"name":"wp","href":"https:\/\/api.w.org\/{rel}","templated":true}]}}